{"id":111,"date":"2018-10-25T23:56:46","date_gmt":"2018-10-25T21:56:46","guid":{"rendered":"http:\/\/kuzniaostrow.pl\/?page_id=111"},"modified":"2019-02-01T12:08:50","modified_gmt":"2019-02-01T11:08:50","slug":"prasa-hzpu-630","status":"publish","type":"page","link":"https:\/\/kuzniaostrow.pl\/index.php\/prasa-hzpu-630\/","title":{"rendered":"Prasa HZPU 6300"},"content":{"rendered":"<article class=\"clearfix\">\n<article class=\"clearfix\">Prasa do zaciskania na gor\u0105co tr\u00f3jk\u0105t\u00f3w hamulcowych HZPU 6300 :<\/p>\n<ul>\n<li>si\u0142a nacisku : 6300 kN<\/li>\n<\/ul>\n<div style=\"width: 640px;\" class=\"wp-video\"><video class=\"wp-video-shortcode\" id=\"video-111-1\" width=\"640\" height=\"360\" preload=\"metadata\" controls=\"controls\"><source type=\"video\/mp4\" src=\"http:\/\/kuzniaostrow.pl\/wp-content\/uploads\/2018\/12\/Prasa.mp4?_=1\" \/><a href=\"http:\/\/kuzniaostrow.pl\/wp-content\/uploads\/2018\/12\/Prasa.mp4\">http:\/\/kuzniaostrow.pl\/wp-content\/uploads\/2018\/12\/Prasa.mp4<\/a><\/video><\/div>\n<\/article>\n<\/article>\n","protected":false},"excerpt":{"rendered":"<p>Prasa do zaciskania na gor\u0105co tr\u00f3jk\u0105t\u00f3w hamulcowych HZPU 6300 : si\u0142a nacisku : 6300 kN<\/p>\n","protected":false},"author":1,"featured_media":0,"parent":0,"menu_order":0,"comment_status":"closed","ping_status":"closed","template":"","meta":{"ngg_post_thumbnail":0,"footnotes":""},"categories":[26],"tags":[],"class_list":["post-111","page","type-page","status-publish","hentry","category-zaciskanie"],"yoast_head":"<!-- This site is optimized with the Yoast SEO plugin v26.9 - https:\/\/yoast.com\/product\/yoast-seo-wordpress\/ -->\n<title>Prasa HZPU 6300 - Ku\u017ania Ostr\u00f3w Wielkopolski sp. z o.o.<\/title>\n<meta name=\"robots\" content=\"index, follow, max-snippet:-1, max-image-preview:large, max-video-preview:-1\" \/>\n<link rel=\"canonical\" href=\"https:\/\/kuzniaostrow.pl\/index.php\/prasa-hzpu-630\/\" \/>\n<meta property=\"og:locale\" content=\"pl_PL\" \/>\n<meta property=\"og:type\" content=\"article\" \/>\n<meta property=\"og:title\" content=\"Prasa HZPU 6300 - Ku\u017ania Ostr\u00f3w Wielkopolski sp. z o.o.\" \/>\n<meta property=\"og:description\" content=\"Prasa do zaciskania na gor\u0105co tr\u00f3jk\u0105t\u00f3w hamulcowych HZPU 6300 : si\u0142a nacisku : 6300 kN\" \/>\n<meta property=\"og:url\" content=\"https:\/\/kuzniaostrow.pl\/index.php\/prasa-hzpu-630\/\" \/>\n<meta property=\"og:site_name\" content=\"Ku\u017ania Ostr\u00f3w Wielkopolski sp. z o.o.\" \/>\n<meta property=\"article:publisher\" content=\"https:\/\/www.facebook.com\/Ku%c5%bania-Ostr%c3%b3w-Wielkopolski-596813284073664\/\" \/>\n<meta property=\"article:modified_time\" content=\"2019-02-01T11:08:50+00:00\" \/>\n<meta name=\"twitter:card\" content=\"summary_large_image\" \/>\n<script type=\"application\/ld+json\" class=\"yoast-schema-graph\">{\"@context\":\"https:\/\/schema.org\",\"@graph\":[{\"@type\":\"WebPage\",\"@id\":\"https:\/\/kuzniaostrow.pl\/index.php\/prasa-hzpu-630\/\",\"url\":\"https:\/\/kuzniaostrow.pl\/index.php\/prasa-hzpu-630\/\",\"name\":\"Prasa HZPU 6300 - Ku\u017ania Ostr\u00f3w Wielkopolski sp. z o.o.\",\"isPartOf\":{\"@id\":\"https:\/\/kuzniaostrow.pl\/#website\"},\"datePublished\":\"2018-10-25T21:56:46+00:00\",\"dateModified\":\"2019-02-01T11:08:50+00:00\",\"breadcrumb\":{\"@id\":\"https:\/\/kuzniaostrow.pl\/index.php\/prasa-hzpu-630\/#breadcrumb\"},\"inLanguage\":\"pl-PL\",\"potentialAction\":[{\"@type\":\"ReadAction\",\"target\":[\"https:\/\/kuzniaostrow.pl\/index.php\/prasa-hzpu-630\/\"]}]},{\"@type\":\"BreadcrumbList\",\"@id\":\"https:\/\/kuzniaostrow.pl\/index.php\/prasa-hzpu-630\/#breadcrumb\",\"itemListElement\":[{\"@type\":\"ListItem\",\"position\":1,\"name\":\"Strona g\u0142\u00f3wna\",\"item\":\"https:\/\/kuzniaostrow.pl\/\"},{\"@type\":\"ListItem\",\"position\":2,\"name\":\"Prasa HZPU 6300\"}]},{\"@type\":\"WebSite\",\"@id\":\"https:\/\/kuzniaostrow.pl\/#website\",\"url\":\"https:\/\/kuzniaostrow.pl\/\",\"name\":\"Ku\u017ania Ostr\u00f3w Wielkopolski sp. z o.o.\",\"description\":\"producent wyrob\u00f3w kutych\",\"publisher\":{\"@id\":\"https:\/\/kuzniaostrow.pl\/#organization\"},\"potentialAction\":[{\"@type\":\"SearchAction\",\"target\":{\"@type\":\"EntryPoint\",\"urlTemplate\":\"https:\/\/kuzniaostrow.pl\/?s={search_term_string}\"},\"query-input\":{\"@type\":\"PropertyValueSpecification\",\"valueRequired\":true,\"valueName\":\"search_term_string\"}}],\"inLanguage\":\"pl-PL\"},{\"@type\":\"Organization\",\"@id\":\"https:\/\/kuzniaostrow.pl\/#organization\",\"name\":\"Ku\u017ania Ostr\u00f3w Wielkopolski sp. z o.o.\",\"url\":\"https:\/\/kuzniaostrow.pl\/\",\"logo\":{\"@type\":\"ImageObject\",\"inLanguage\":\"pl-PL\",\"@id\":\"https:\/\/kuzniaostrow.pl\/#\/schema\/logo\/image\/\",\"url\":\"https:\/\/kuzniaostrow.pl\/wp-content\/uploads\/2018\/12\/kowwplogo.png\",\"contentUrl\":\"https:\/\/kuzniaostrow.pl\/wp-content\/uploads\/2018\/12\/kowwplogo.png\",\"width\":512,\"height\":110,\"caption\":\"Ku\u017ania Ostr\u00f3w Wielkopolski sp. z o.o.\"},\"image\":{\"@id\":\"https:\/\/kuzniaostrow.pl\/#\/schema\/logo\/image\/\"},\"sameAs\":[\"https:\/\/www.facebook.com\/Ku\u017ania-Ostr\u00f3w-Wielkopolski-596813284073664\/\"]}]}<\/script>\n<!-- \/ Yoast SEO plugin. -->","yoast_head_json":{"title":"Prasa HZPU 6300 - Ku\u017ania Ostr\u00f3w Wielkopolski sp. z o.o.","robots":{"index":"index","follow":"follow","max-snippet":"max-snippet:-1","max-image-preview":"max-image-preview:large","max-video-preview":"max-video-preview:-1"},"canonical":"https:\/\/kuzniaostrow.pl\/index.php\/prasa-hzpu-630\/","og_locale":"pl_PL","og_type":"article","og_title":"Prasa HZPU 6300 - Ku\u017ania Ostr\u00f3w Wielkopolski sp. z o.o.","og_description":"Prasa do zaciskania na gor\u0105co tr\u00f3jk\u0105t\u00f3w hamulcowych HZPU 6300 : si\u0142a nacisku : 6300 kN","og_url":"https:\/\/kuzniaostrow.pl\/index.php\/prasa-hzpu-630\/","og_site_name":"Ku\u017ania Ostr\u00f3w Wielkopolski sp. z o.o.","article_publisher":"https:\/\/www.facebook.com\/Ku%c5%bania-Ostr%c3%b3w-Wielkopolski-596813284073664\/","article_modified_time":"2019-02-01T11:08:50+00:00","twitter_card":"summary_large_image","schema":{"@context":"https:\/\/schema.org","@graph":[{"@type":"WebPage","@id":"https:\/\/kuzniaostrow.pl\/index.php\/prasa-hzpu-630\/","url":"https:\/\/kuzniaostrow.pl\/index.php\/prasa-hzpu-630\/","name":"Prasa HZPU 6300 - Ku\u017ania Ostr\u00f3w Wielkopolski sp. z o.o.","isPartOf":{"@id":"https:\/\/kuzniaostrow.pl\/#website"},"datePublished":"2018-10-25T21:56:46+00:00","dateModified":"2019-02-01T11:08:50+00:00","breadcrumb":{"@id":"https:\/\/kuzniaostrow.pl\/index.php\/prasa-hzpu-630\/#breadcrumb"},"inLanguage":"pl-PL","potentialAction":[{"@type":"ReadAction","target":["https:\/\/kuzniaostrow.pl\/index.php\/prasa-hzpu-630\/"]}]},{"@type":"BreadcrumbList","@id":"https:\/\/kuzniaostrow.pl\/index.php\/prasa-hzpu-630\/#breadcrumb","itemListElement":[{"@type":"ListItem","position":1,"name":"Strona g\u0142\u00f3wna","item":"https:\/\/kuzniaostrow.pl\/"},{"@type":"ListItem","position":2,"name":"Prasa HZPU 6300"}]},{"@type":"WebSite","@id":"https:\/\/kuzniaostrow.pl\/#website","url":"https:\/\/kuzniaostrow.pl\/","name":"Ku\u017ania Ostr\u00f3w Wielkopolski sp. z o.o.","description":"producent wyrob\u00f3w kutych","publisher":{"@id":"https:\/\/kuzniaostrow.pl\/#organization"},"potentialAction":[{"@type":"SearchAction","target":{"@type":"EntryPoint","urlTemplate":"https:\/\/kuzniaostrow.pl\/?s={search_term_string}"},"query-input":{"@type":"PropertyValueSpecification","valueRequired":true,"valueName":"search_term_string"}}],"inLanguage":"pl-PL"},{"@type":"Organization","@id":"https:\/\/kuzniaostrow.pl\/#organization","name":"Ku\u017ania Ostr\u00f3w Wielkopolski sp. z o.o.","url":"https:\/\/kuzniaostrow.pl\/","logo":{"@type":"ImageObject","inLanguage":"pl-PL","@id":"https:\/\/kuzniaostrow.pl\/#\/schema\/logo\/image\/","url":"https:\/\/kuzniaostrow.pl\/wp-content\/uploads\/2018\/12\/kowwplogo.png","contentUrl":"https:\/\/kuzniaostrow.pl\/wp-content\/uploads\/2018\/12\/kowwplogo.png","width":512,"height":110,"caption":"Ku\u017ania Ostr\u00f3w Wielkopolski sp. z o.o."},"image":{"@id":"https:\/\/kuzniaostrow.pl\/#\/schema\/logo\/image\/"},"sameAs":["https:\/\/www.facebook.com\/Ku\u017ania-Ostr\u00f3w-Wielkopolski-596813284073664\/"]}]}},"_links":{"self":[{"href":"https:\/\/kuzniaostrow.pl\/index.php\/wp-json\/wp\/v2\/pages\/111","targetHints":{"allow":["GET"]}}],"collection":[{"href":"https:\/\/kuzniaostrow.pl\/index.php\/wp-json\/wp\/v2\/pages"}],"about":[{"href":"https:\/\/kuzniaostrow.pl\/index.php\/wp-json\/wp\/v2\/types\/page"}],"author":[{"embeddable":true,"href":"https:\/\/kuzniaostrow.pl\/index.php\/wp-json\/wp\/v2\/users\/1"}],"replies":[{"embeddable":true,"href":"https:\/\/kuzniaostrow.pl\/index.php\/wp-json\/wp\/v2\/comments?post=111"}],"version-history":[{"count":8,"href":"https:\/\/kuzniaostrow.pl\/index.php\/wp-json\/wp\/v2\/pages\/111\/revisions"}],"predecessor-version":[{"id":3751,"href":"https:\/\/kuzniaostrow.pl\/index.php\/wp-json\/wp\/v2\/pages\/111\/revisions\/3751"}],"wp:attachment":[{"href":"https:\/\/kuzniaostrow.pl\/index.php\/wp-json\/wp\/v2\/media?parent=111"}],"wp:term":[{"taxonomy":"category","embeddable":true,"href":"https:\/\/kuzniaostrow.pl\/index.php\/wp-json\/wp\/v2\/categories?post=111"},{"taxonomy":"post_tag","embeddable":true,"href":"https:\/\/kuzniaostrow.pl\/index.php\/wp-json\/wp\/v2\/tags?post=111"}],"curies":[{"name":"wp","href":"https:\/\/api.w.org\/{rel}","templated":true}]}}