{"id":115,"date":"2018-10-25T23:59:30","date_gmt":"2018-10-25T21:59:30","guid":{"rendered":"http:\/\/kuzniaostrow.pl\/?page_id=115"},"modified":"2025-01-14T14:53:09","modified_gmt":"2025-01-14T13:53:09","slug":"certyfikaty","status":"publish","type":"page","link":"https:\/\/kuzniaostrow.pl\/index.php\/certyfikaty\/","title":{"rendered":"Certyfikaty"},"content":{"rendered":"<div>Ku\u017ania Ostr\u00f3w Wielkopolski Sp. z o.o. posiada liczne certyfikaty, \u015bwiadectwa uznania oraz dopuszczenia polskich i mi\u0119dzynarodowych instytucji badawczo-rozwojowych, kolei pa\u0144stwowych oraz jednostek certyfikuj\u0105cych.<\/p>\n<div id=\"attachment_4309\" style=\"width: 236px\" class=\"wp-caption alignnone\"><img loading=\"lazy\" decoding=\"async\" aria-describedby=\"caption-attachment-4309\" class=\"size-medium wp-image-4309\" src=\"http:\/\/kuzniaostrow.pl\/wp-content\/uploads\/2025\/01\/Certyfikat-1-ISO-226x300.jpg\" alt=\"\" width=\"226\" height=\"300\" srcset=\"https:\/\/kuzniaostrow.pl\/wp-content\/uploads\/2025\/01\/Certyfikat-1-ISO-226x300.jpg 226w, https:\/\/kuzniaostrow.pl\/wp-content\/uploads\/2025\/01\/Certyfikat-1-ISO.jpg 597w\" sizes=\"auto, (max-width: 226px) 100vw, 226px\" \/><p id=\"caption-attachment-4309\" class=\"wp-caption-text\">Certyfikat zgodno\u015bci z norm\u0105 ISO 9001<\/p><\/div>\n<div id=\"attachment_4308\" style=\"width: 232px\" class=\"wp-caption alignnone\"><img loading=\"lazy\" decoding=\"async\" aria-describedby=\"caption-attachment-4308\" class=\"size-medium wp-image-4308\" src=\"http:\/\/kuzniaostrow.pl\/wp-content\/uploads\/2025\/01\/Ceryfikat-2-DB-222x300.jpg\" alt=\"\" width=\"222\" height=\"300\" srcset=\"https:\/\/kuzniaostrow.pl\/wp-content\/uploads\/2025\/01\/Ceryfikat-2-DB-222x300.jpg 222w, https:\/\/kuzniaostrow.pl\/wp-content\/uploads\/2025\/01\/Ceryfikat-2-DB.jpg 587w\" sizes=\"auto, (max-width: 222px) 100vw, 222px\" \/><p id=\"caption-attachment-4308\" class=\"wp-caption-text\">Certyfikat Deutsche Bahn<\/p><\/div>\n<div id=\"attachment_4307\" style=\"width: 234px\" class=\"wp-caption alignnone\"><img loading=\"lazy\" decoding=\"async\" aria-describedby=\"caption-attachment-4307\" class=\"size-medium wp-image-4307\" src=\"http:\/\/kuzniaostrow.pl\/wp-content\/uploads\/2025\/01\/certyfikat3-CD-224x300.jpg\" alt=\"\" width=\"224\" height=\"300\" srcset=\"https:\/\/kuzniaostrow.pl\/wp-content\/uploads\/2025\/01\/certyfikat3-CD-224x300.jpg 224w, https:\/\/kuzniaostrow.pl\/wp-content\/uploads\/2025\/01\/certyfikat3-CD.jpg 594w\" sizes=\"auto, (max-width: 224px) 100vw, 224px\" \/><p id=\"caption-attachment-4307\" class=\"wp-caption-text\">Certyfikat CD<\/p><\/div>\n<div id=\"attachment_4306\" style=\"width: 233px\" class=\"wp-caption alignnone\"><img loading=\"lazy\" decoding=\"async\" aria-describedby=\"caption-attachment-4306\" class=\"size-medium wp-image-4306\" src=\"http:\/\/kuzniaostrow.pl\/wp-content\/uploads\/2025\/01\/ceryfikat-4-PKP-Cargo-223x300.jpg\" alt=\"\" width=\"223\" height=\"300\" srcset=\"https:\/\/kuzniaostrow.pl\/wp-content\/uploads\/2025\/01\/ceryfikat-4-PKP-Cargo-223x300.jpg 223w, https:\/\/kuzniaostrow.pl\/wp-content\/uploads\/2025\/01\/ceryfikat-4-PKP-Cargo.jpg 588w\" sizes=\"auto, (max-width: 223px) 100vw, 223px\" \/><p id=\"caption-attachment-4306\" class=\"wp-caption-text\">\u015awiadectwo PKP Cargo S.A.<\/p><\/div>\n<div id=\"attachment_4305\" style=\"width: 233px\" class=\"wp-caption alignnone\"><img loading=\"lazy\" decoding=\"async\" aria-describedby=\"caption-attachment-4305\" class=\"size-medium wp-image-4305\" src=\"http:\/\/kuzniaostrow.pl\/wp-content\/uploads\/2025\/01\/Certyfikat-IC-5-223x300.jpg\" alt=\"\" width=\"223\" height=\"300\" srcset=\"https:\/\/kuzniaostrow.pl\/wp-content\/uploads\/2025\/01\/Certyfikat-IC-5-223x300.jpg 223w, https:\/\/kuzniaostrow.pl\/wp-content\/uploads\/2025\/01\/Certyfikat-IC-5.jpg 590w\" sizes=\"auto, (max-width: 223px) 100vw, 223px\" \/><p id=\"caption-attachment-4305\" class=\"wp-caption-text\">Certyfikat zgodno\u015bci PKP Intercity<\/p><\/div>\n<\/div>\n","protected":false},"excerpt":{"rendered":"<p>Ku\u017ania Ostr\u00f3w Wielkopolski Sp. z o.o. posiada liczne certyfikaty, \u015bwiadectwa uznania oraz dopuszczenia polskich i mi\u0119dzynarodowych instytucji badawczo-rozwojowych, kolei pa\u0144stwowych oraz jednostek certyfikuj\u0105cych.<\/p>\n","protected":false},"author":1,"featured_media":0,"parent":0,"menu_order":0,"comment_status":"closed","ping_status":"closed","template":"","meta":{"ngg_post_thumbnail":0,"footnotes":""},"categories":[36],"tags":[],"class_list":["post-115","page","type-page","status-publish","hentry","category-jakosc"],"yoast_head":"<!-- This site is optimized with the Yoast SEO plugin v26.9 - https:\/\/yoast.com\/product\/yoast-seo-wordpress\/ -->\n<title>Certyfikaty - Ku\u017ania Ostr\u00f3w Wielkopolski sp. z o.o.<\/title>\n<meta name=\"robots\" content=\"index, follow, max-snippet:-1, max-image-preview:large, max-video-preview:-1\" \/>\n<link rel=\"canonical\" href=\"https:\/\/kuzniaostrow.pl\/index.php\/certyfikaty\/\" \/>\n<meta property=\"og:locale\" content=\"pl_PL\" \/>\n<meta property=\"og:type\" content=\"article\" \/>\n<meta property=\"og:title\" content=\"Certyfikaty - Ku\u017ania Ostr\u00f3w Wielkopolski sp. z o.o.\" \/>\n<meta property=\"og:description\" content=\"Ku\u017ania Ostr\u00f3w Wielkopolski Sp. z o.o. posiada liczne certyfikaty, \u015bwiadectwa uznania oraz dopuszczenia polskich i mi\u0119dzynarodowych instytucji badawczo-rozwojowych, kolei pa\u0144stwowych oraz jednostek certyfikuj\u0105cych.\" \/>\n<meta property=\"og:url\" content=\"https:\/\/kuzniaostrow.pl\/index.php\/certyfikaty\/\" \/>\n<meta property=\"og:site_name\" content=\"Ku\u017ania Ostr\u00f3w Wielkopolski sp. z o.o.\" \/>\n<meta property=\"article:publisher\" content=\"https:\/\/www.facebook.com\/Ku%c5%bania-Ostr%c3%b3w-Wielkopolski-596813284073664\/\" \/>\n<meta property=\"article:modified_time\" content=\"2025-01-14T13:53:09+00:00\" \/>\n<meta property=\"og:image\" content=\"http:\/\/kuzniaostrow.pl\/wp-content\/uploads\/2025\/01\/Certyfikat-1-ISO-226x300.jpg\" \/>\n<meta name=\"twitter:card\" content=\"summary_large_image\" \/>\n<meta name=\"twitter:label1\" content=\"Szacowany czas czytania\" \/>\n\t<meta name=\"twitter:data1\" content=\"2 minuty\" \/>\n<script type=\"application\/ld+json\" class=\"yoast-schema-graph\">{\"@context\":\"https:\/\/schema.org\",\"@graph\":[{\"@type\":\"WebPage\",\"@id\":\"https:\/\/kuzniaostrow.pl\/index.php\/certyfikaty\/\",\"url\":\"https:\/\/kuzniaostrow.pl\/index.php\/certyfikaty\/\",\"name\":\"Certyfikaty - Ku\u017ania Ostr\u00f3w Wielkopolski sp. z o.o.\",\"isPartOf\":{\"@id\":\"https:\/\/kuzniaostrow.pl\/#website\"},\"primaryImageOfPage\":{\"@id\":\"https:\/\/kuzniaostrow.pl\/index.php\/certyfikaty\/#primaryimage\"},\"image\":{\"@id\":\"https:\/\/kuzniaostrow.pl\/index.php\/certyfikaty\/#primaryimage\"},\"thumbnailUrl\":\"http:\/\/kuzniaostrow.pl\/wp-content\/uploads\/2025\/01\/Certyfikat-1-ISO-226x300.jpg\",\"datePublished\":\"2018-10-25T21:59:30+00:00\",\"dateModified\":\"2025-01-14T13:53:09+00:00\",\"breadcrumb\":{\"@id\":\"https:\/\/kuzniaostrow.pl\/index.php\/certyfikaty\/#breadcrumb\"},\"inLanguage\":\"pl-PL\",\"potentialAction\":[{\"@type\":\"ReadAction\",\"target\":[\"https:\/\/kuzniaostrow.pl\/index.php\/certyfikaty\/\"]}]},{\"@type\":\"ImageObject\",\"inLanguage\":\"pl-PL\",\"@id\":\"https:\/\/kuzniaostrow.pl\/index.php\/certyfikaty\/#primaryimage\",\"url\":\"https:\/\/kuzniaostrow.pl\/wp-content\/uploads\/2025\/01\/Certyfikat-1-ISO.jpg\",\"contentUrl\":\"https:\/\/kuzniaostrow.pl\/wp-content\/uploads\/2025\/01\/Certyfikat-1-ISO.jpg\",\"width\":597,\"height\":793,\"caption\":\"Certyfikat zgodno\u015bci z norm\u0105 ISO 9001\"},{\"@type\":\"BreadcrumbList\",\"@id\":\"https:\/\/kuzniaostrow.pl\/index.php\/certyfikaty\/#breadcrumb\",\"itemListElement\":[{\"@type\":\"ListItem\",\"position\":1,\"name\":\"Strona g\u0142\u00f3wna\",\"item\":\"https:\/\/kuzniaostrow.pl\/\"},{\"@type\":\"ListItem\",\"position\":2,\"name\":\"Certyfikaty\"}]},{\"@type\":\"WebSite\",\"@id\":\"https:\/\/kuzniaostrow.pl\/#website\",\"url\":\"https:\/\/kuzniaostrow.pl\/\",\"name\":\"Ku\u017ania Ostr\u00f3w Wielkopolski sp. z o.o.\",\"description\":\"producent wyrob\u00f3w kutych\",\"publisher\":{\"@id\":\"https:\/\/kuzniaostrow.pl\/#organization\"},\"potentialAction\":[{\"@type\":\"SearchAction\",\"target\":{\"@type\":\"EntryPoint\",\"urlTemplate\":\"https:\/\/kuzniaostrow.pl\/?s={search_term_string}\"},\"query-input\":{\"@type\":\"PropertyValueSpecification\",\"valueRequired\":true,\"valueName\":\"search_term_string\"}}],\"inLanguage\":\"pl-PL\"},{\"@type\":\"Organization\",\"@id\":\"https:\/\/kuzniaostrow.pl\/#organization\",\"name\":\"Ku\u017ania Ostr\u00f3w Wielkopolski sp. z o.o.\",\"url\":\"https:\/\/kuzniaostrow.pl\/\",\"logo\":{\"@type\":\"ImageObject\",\"inLanguage\":\"pl-PL\",\"@id\":\"https:\/\/kuzniaostrow.pl\/#\/schema\/logo\/image\/\",\"url\":\"https:\/\/kuzniaostrow.pl\/wp-content\/uploads\/2018\/12\/kowwplogo.png\",\"contentUrl\":\"https:\/\/kuzniaostrow.pl\/wp-content\/uploads\/2018\/12\/kowwplogo.png\",\"width\":512,\"height\":110,\"caption\":\"Ku\u017ania Ostr\u00f3w Wielkopolski sp. z o.o.\"},\"image\":{\"@id\":\"https:\/\/kuzniaostrow.pl\/#\/schema\/logo\/image\/\"},\"sameAs\":[\"https:\/\/www.facebook.com\/Ku\u017ania-Ostr\u00f3w-Wielkopolski-596813284073664\/\"]}]}<\/script>\n<!-- \/ Yoast SEO plugin. -->","yoast_head_json":{"title":"Certyfikaty - Ku\u017ania Ostr\u00f3w Wielkopolski sp. z o.o.","robots":{"index":"index","follow":"follow","max-snippet":"max-snippet:-1","max-image-preview":"max-image-preview:large","max-video-preview":"max-video-preview:-1"},"canonical":"https:\/\/kuzniaostrow.pl\/index.php\/certyfikaty\/","og_locale":"pl_PL","og_type":"article","og_title":"Certyfikaty - Ku\u017ania Ostr\u00f3w Wielkopolski sp. z o.o.","og_description":"Ku\u017ania Ostr\u00f3w Wielkopolski Sp. z o.o. posiada liczne certyfikaty, \u015bwiadectwa uznania oraz dopuszczenia polskich i mi\u0119dzynarodowych instytucji badawczo-rozwojowych, kolei pa\u0144stwowych oraz jednostek certyfikuj\u0105cych.","og_url":"https:\/\/kuzniaostrow.pl\/index.php\/certyfikaty\/","og_site_name":"Ku\u017ania Ostr\u00f3w Wielkopolski sp. z o.o.","article_publisher":"https:\/\/www.facebook.com\/Ku%c5%bania-Ostr%c3%b3w-Wielkopolski-596813284073664\/","article_modified_time":"2025-01-14T13:53:09+00:00","og_image":[{"url":"http:\/\/kuzniaostrow.pl\/wp-content\/uploads\/2025\/01\/Certyfikat-1-ISO-226x300.jpg","type":"","width":"","height":""}],"twitter_card":"summary_large_image","twitter_misc":{"Szacowany czas czytania":"2 minuty"},"schema":{"@context":"https:\/\/schema.org","@graph":[{"@type":"WebPage","@id":"https:\/\/kuzniaostrow.pl\/index.php\/certyfikaty\/","url":"https:\/\/kuzniaostrow.pl\/index.php\/certyfikaty\/","name":"Certyfikaty - Ku\u017ania Ostr\u00f3w Wielkopolski sp. z o.o.","isPartOf":{"@id":"https:\/\/kuzniaostrow.pl\/#website"},"primaryImageOfPage":{"@id":"https:\/\/kuzniaostrow.pl\/index.php\/certyfikaty\/#primaryimage"},"image":{"@id":"https:\/\/kuzniaostrow.pl\/index.php\/certyfikaty\/#primaryimage"},"thumbnailUrl":"http:\/\/kuzniaostrow.pl\/wp-content\/uploads\/2025\/01\/Certyfikat-1-ISO-226x300.jpg","datePublished":"2018-10-25T21:59:30+00:00","dateModified":"2025-01-14T13:53:09+00:00","breadcrumb":{"@id":"https:\/\/kuzniaostrow.pl\/index.php\/certyfikaty\/#breadcrumb"},"inLanguage":"pl-PL","potentialAction":[{"@type":"ReadAction","target":["https:\/\/kuzniaostrow.pl\/index.php\/certyfikaty\/"]}]},{"@type":"ImageObject","inLanguage":"pl-PL","@id":"https:\/\/kuzniaostrow.pl\/index.php\/certyfikaty\/#primaryimage","url":"https:\/\/kuzniaostrow.pl\/wp-content\/uploads\/2025\/01\/Certyfikat-1-ISO.jpg","contentUrl":"https:\/\/kuzniaostrow.pl\/wp-content\/uploads\/2025\/01\/Certyfikat-1-ISO.jpg","width":597,"height":793,"caption":"Certyfikat zgodno\u015bci z norm\u0105 ISO 9001"},{"@type":"BreadcrumbList","@id":"https:\/\/kuzniaostrow.pl\/index.php\/certyfikaty\/#breadcrumb","itemListElement":[{"@type":"ListItem","position":1,"name":"Strona g\u0142\u00f3wna","item":"https:\/\/kuzniaostrow.pl\/"},{"@type":"ListItem","position":2,"name":"Certyfikaty"}]},{"@type":"WebSite","@id":"https:\/\/kuzniaostrow.pl\/#website","url":"https:\/\/kuzniaostrow.pl\/","name":"Ku\u017ania Ostr\u00f3w Wielkopolski sp. z o.o.","description":"producent wyrob\u00f3w kutych","publisher":{"@id":"https:\/\/kuzniaostrow.pl\/#organization"},"potentialAction":[{"@type":"SearchAction","target":{"@type":"EntryPoint","urlTemplate":"https:\/\/kuzniaostrow.pl\/?s={search_term_string}"},"query-input":{"@type":"PropertyValueSpecification","valueRequired":true,"valueName":"search_term_string"}}],"inLanguage":"pl-PL"},{"@type":"Organization","@id":"https:\/\/kuzniaostrow.pl\/#organization","name":"Ku\u017ania Ostr\u00f3w Wielkopolski sp. z o.o.","url":"https:\/\/kuzniaostrow.pl\/","logo":{"@type":"ImageObject","inLanguage":"pl-PL","@id":"https:\/\/kuzniaostrow.pl\/#\/schema\/logo\/image\/","url":"https:\/\/kuzniaostrow.pl\/wp-content\/uploads\/2018\/12\/kowwplogo.png","contentUrl":"https:\/\/kuzniaostrow.pl\/wp-content\/uploads\/2018\/12\/kowwplogo.png","width":512,"height":110,"caption":"Ku\u017ania Ostr\u00f3w Wielkopolski sp. z o.o."},"image":{"@id":"https:\/\/kuzniaostrow.pl\/#\/schema\/logo\/image\/"},"sameAs":["https:\/\/www.facebook.com\/Ku\u017ania-Ostr\u00f3w-Wielkopolski-596813284073664\/"]}]}},"_links":{"self":[{"href":"https:\/\/kuzniaostrow.pl\/index.php\/wp-json\/wp\/v2\/pages\/115","targetHints":{"allow":["GET"]}}],"collection":[{"href":"https:\/\/kuzniaostrow.pl\/index.php\/wp-json\/wp\/v2\/pages"}],"about":[{"href":"https:\/\/kuzniaostrow.pl\/index.php\/wp-json\/wp\/v2\/types\/page"}],"author":[{"embeddable":true,"href":"https:\/\/kuzniaostrow.pl\/index.php\/wp-json\/wp\/v2\/users\/1"}],"replies":[{"embeddable":true,"href":"https:\/\/kuzniaostrow.pl\/index.php\/wp-json\/wp\/v2\/comments?post=115"}],"version-history":[{"count":10,"href":"https:\/\/kuzniaostrow.pl\/index.php\/wp-json\/wp\/v2\/pages\/115\/revisions"}],"predecessor-version":[{"id":4310,"href":"https:\/\/kuzniaostrow.pl\/index.php\/wp-json\/wp\/v2\/pages\/115\/revisions\/4310"}],"wp:attachment":[{"href":"https:\/\/kuzniaostrow.pl\/index.php\/wp-json\/wp\/v2\/media?parent=115"}],"wp:term":[{"taxonomy":"category","embeddable":true,"href":"https:\/\/kuzniaostrow.pl\/index.php\/wp-json\/wp\/v2\/categories?post=115"},{"taxonomy":"post_tag","embeddable":true,"href":"https:\/\/kuzniaostrow.pl\/index.php\/wp-json\/wp\/v2\/tags?post=115"}],"curies":[{"name":"wp","href":"https:\/\/api.w.org\/{rel}","templated":true}]}}