{"id":117,"date":"2018-10-26T00:01:03","date_gmt":"2018-10-25T22:01:03","guid":{"rendered":"http:\/\/kuzniaostrow.pl\/?page_id=117"},"modified":"2025-01-14T14:57:12","modified_gmt":"2025-01-14T13:57:12","slug":"laboratorium","status":"publish","type":"page","link":"https:\/\/kuzniaostrow.pl\/index.php\/laboratorium\/","title":{"rendered":"Laboratorium"},"content":{"rendered":"<div>Ku\u017ania Ostr\u00f3w Wielkopolski Sp. z o.o. posiada w\u0142asne laboratorium badawcze, w kt\u00f3rym przeprowadzamy pr\u00f3by i badania naszych w\u0142asnych produkt\u00f3w. Na zlecenie klienta mo\u017cemy tak\u017ce przebada\u0107 inne produkty w okre\u015blonym zakresie. Nasze laboratorium posiada uznanie Urz\u0119du Dozoru Technicznego wg<\/p>\n<div id=\"attachment_4312\" style=\"width: 231px\" class=\"wp-caption alignnone\"><img loading=\"lazy\" decoding=\"async\" aria-describedby=\"caption-attachment-4312\" class=\"size-medium wp-image-4312\" src=\"http:\/\/kuzniaostrow.pl\/wp-content\/uploads\/2025\/01\/labo-certyfikat-221x300.jpg\" alt=\"\" width=\"221\" height=\"300\" srcset=\"https:\/\/kuzniaostrow.pl\/wp-content\/uploads\/2025\/01\/labo-certyfikat-221x300.jpg 221w, https:\/\/kuzniaostrow.pl\/wp-content\/uploads\/2025\/01\/labo-certyfikat.jpg 585w\" sizes=\"auto, (max-width: 221px) 100vw, 221px\" \/><p id=\"caption-attachment-4312\" class=\"wp-caption-text\">\u015awiadectwo uznania laboratorium UDT<\/p><\/div>\n<\/div>\n<div>&nbsp;<\/div>\n","protected":false},"excerpt":{"rendered":"<p>Ku\u017ania Ostr\u00f3w Wielkopolski Sp. z o.o. posiada w\u0142asne laboratorium badawcze, w kt\u00f3rym przeprowadzamy pr\u00f3by i badania naszych w\u0142asnych produkt\u00f3w. Na zlecenie klienta mo\u017cemy tak\u017ce przebada\u0107 inne produkty w okre\u015blonym zakresie. Nasze laboratorium posiada uznanie Urz\u0119du Dozoru Technicznego wg &nbsp;<\/p>\n","protected":false},"author":1,"featured_media":0,"parent":0,"menu_order":0,"comment_status":"closed","ping_status":"closed","template":"","meta":{"ngg_post_thumbnail":0,"footnotes":""},"categories":[36],"tags":[],"class_list":["post-117","page","type-page","status-publish","hentry","category-jakosc"],"yoast_head":"<!-- This site is optimized with the Yoast SEO plugin v26.9 - https:\/\/yoast.com\/product\/yoast-seo-wordpress\/ -->\n<title>Laboratorium - Ku\u017ania Ostr\u00f3w Wielkopolski sp. z o.o.<\/title>\n<meta name=\"robots\" content=\"index, follow, max-snippet:-1, max-image-preview:large, max-video-preview:-1\" \/>\n<link rel=\"canonical\" href=\"https:\/\/kuzniaostrow.pl\/index.php\/laboratorium\/\" \/>\n<meta property=\"og:locale\" content=\"pl_PL\" \/>\n<meta property=\"og:type\" content=\"article\" \/>\n<meta property=\"og:title\" content=\"Laboratorium - Ku\u017ania Ostr\u00f3w Wielkopolski sp. z o.o.\" \/>\n<meta property=\"og:description\" content=\"Ku\u017ania Ostr\u00f3w Wielkopolski Sp. z o.o. posiada w\u0142asne laboratorium badawcze, w kt\u00f3rym przeprowadzamy pr\u00f3by i badania naszych w\u0142asnych produkt\u00f3w. Na zlecenie klienta mo\u017cemy tak\u017ce przebada\u0107 inne produkty w okre\u015blonym zakresie. Nasze laboratorium posiada uznanie Urz\u0119du Dozoru Technicznego wg &nbsp;\" \/>\n<meta property=\"og:url\" content=\"https:\/\/kuzniaostrow.pl\/index.php\/laboratorium\/\" \/>\n<meta property=\"og:site_name\" content=\"Ku\u017ania Ostr\u00f3w Wielkopolski sp. z o.o.\" \/>\n<meta property=\"article:publisher\" content=\"https:\/\/www.facebook.com\/Ku%c5%bania-Ostr%c3%b3w-Wielkopolski-596813284073664\/\" \/>\n<meta property=\"article:modified_time\" content=\"2025-01-14T13:57:12+00:00\" \/>\n<meta property=\"og:image\" content=\"http:\/\/kuzniaostrow.pl\/wp-content\/uploads\/2025\/01\/labo-certyfikat-221x300.jpg\" \/>\n<meta name=\"twitter:card\" content=\"summary_large_image\" \/>\n<meta name=\"twitter:label1\" content=\"Szacowany czas czytania\" \/>\n\t<meta name=\"twitter:data1\" content=\"1 minuta\" \/>\n<script type=\"application\/ld+json\" class=\"yoast-schema-graph\">{\"@context\":\"https:\/\/schema.org\",\"@graph\":[{\"@type\":\"WebPage\",\"@id\":\"https:\/\/kuzniaostrow.pl\/index.php\/laboratorium\/\",\"url\":\"https:\/\/kuzniaostrow.pl\/index.php\/laboratorium\/\",\"name\":\"Laboratorium - Ku\u017ania Ostr\u00f3w Wielkopolski sp. z o.o.\",\"isPartOf\":{\"@id\":\"https:\/\/kuzniaostrow.pl\/#website\"},\"primaryImageOfPage\":{\"@id\":\"https:\/\/kuzniaostrow.pl\/index.php\/laboratorium\/#primaryimage\"},\"image\":{\"@id\":\"https:\/\/kuzniaostrow.pl\/index.php\/laboratorium\/#primaryimage\"},\"thumbnailUrl\":\"http:\/\/kuzniaostrow.pl\/wp-content\/uploads\/2025\/01\/labo-certyfikat-221x300.jpg\",\"datePublished\":\"2018-10-25T22:01:03+00:00\",\"dateModified\":\"2025-01-14T13:57:12+00:00\",\"breadcrumb\":{\"@id\":\"https:\/\/kuzniaostrow.pl\/index.php\/laboratorium\/#breadcrumb\"},\"inLanguage\":\"pl-PL\",\"potentialAction\":[{\"@type\":\"ReadAction\",\"target\":[\"https:\/\/kuzniaostrow.pl\/index.php\/laboratorium\/\"]}]},{\"@type\":\"ImageObject\",\"inLanguage\":\"pl-PL\",\"@id\":\"https:\/\/kuzniaostrow.pl\/index.php\/laboratorium\/#primaryimage\",\"url\":\"https:\/\/kuzniaostrow.pl\/wp-content\/uploads\/2025\/01\/labo-certyfikat.jpg\",\"contentUrl\":\"https:\/\/kuzniaostrow.pl\/wp-content\/uploads\/2025\/01\/labo-certyfikat.jpg\",\"width\":585,\"height\":794,\"caption\":\"\u015awiadectwo uznania laboratorium UDT\"},{\"@type\":\"BreadcrumbList\",\"@id\":\"https:\/\/kuzniaostrow.pl\/index.php\/laboratorium\/#breadcrumb\",\"itemListElement\":[{\"@type\":\"ListItem\",\"position\":1,\"name\":\"Strona g\u0142\u00f3wna\",\"item\":\"https:\/\/kuzniaostrow.pl\/\"},{\"@type\":\"ListItem\",\"position\":2,\"name\":\"Laboratorium\"}]},{\"@type\":\"WebSite\",\"@id\":\"https:\/\/kuzniaostrow.pl\/#website\",\"url\":\"https:\/\/kuzniaostrow.pl\/\",\"name\":\"Ku\u017ania Ostr\u00f3w Wielkopolski sp. z o.o.\",\"description\":\"producent wyrob\u00f3w kutych\",\"publisher\":{\"@id\":\"https:\/\/kuzniaostrow.pl\/#organization\"},\"potentialAction\":[{\"@type\":\"SearchAction\",\"target\":{\"@type\":\"EntryPoint\",\"urlTemplate\":\"https:\/\/kuzniaostrow.pl\/?s={search_term_string}\"},\"query-input\":{\"@type\":\"PropertyValueSpecification\",\"valueRequired\":true,\"valueName\":\"search_term_string\"}}],\"inLanguage\":\"pl-PL\"},{\"@type\":\"Organization\",\"@id\":\"https:\/\/kuzniaostrow.pl\/#organization\",\"name\":\"Ku\u017ania Ostr\u00f3w Wielkopolski sp. z o.o.\",\"url\":\"https:\/\/kuzniaostrow.pl\/\",\"logo\":{\"@type\":\"ImageObject\",\"inLanguage\":\"pl-PL\",\"@id\":\"https:\/\/kuzniaostrow.pl\/#\/schema\/logo\/image\/\",\"url\":\"https:\/\/kuzniaostrow.pl\/wp-content\/uploads\/2018\/12\/kowwplogo.png\",\"contentUrl\":\"https:\/\/kuzniaostrow.pl\/wp-content\/uploads\/2018\/12\/kowwplogo.png\",\"width\":512,\"height\":110,\"caption\":\"Ku\u017ania Ostr\u00f3w Wielkopolski sp. z o.o.\"},\"image\":{\"@id\":\"https:\/\/kuzniaostrow.pl\/#\/schema\/logo\/image\/\"},\"sameAs\":[\"https:\/\/www.facebook.com\/Ku\u017ania-Ostr\u00f3w-Wielkopolski-596813284073664\/\"]}]}<\/script>\n<!-- \/ Yoast SEO plugin. -->","yoast_head_json":{"title":"Laboratorium - Ku\u017ania Ostr\u00f3w Wielkopolski sp. z o.o.","robots":{"index":"index","follow":"follow","max-snippet":"max-snippet:-1","max-image-preview":"max-image-preview:large","max-video-preview":"max-video-preview:-1"},"canonical":"https:\/\/kuzniaostrow.pl\/index.php\/laboratorium\/","og_locale":"pl_PL","og_type":"article","og_title":"Laboratorium - Ku\u017ania Ostr\u00f3w Wielkopolski sp. z o.o.","og_description":"Ku\u017ania Ostr\u00f3w Wielkopolski Sp. z o.o. posiada w\u0142asne laboratorium badawcze, w kt\u00f3rym przeprowadzamy pr\u00f3by i badania naszych w\u0142asnych produkt\u00f3w. Na zlecenie klienta mo\u017cemy tak\u017ce przebada\u0107 inne produkty w okre\u015blonym zakresie. Nasze laboratorium posiada uznanie Urz\u0119du Dozoru Technicznego wg &nbsp;","og_url":"https:\/\/kuzniaostrow.pl\/index.php\/laboratorium\/","og_site_name":"Ku\u017ania Ostr\u00f3w Wielkopolski sp. z o.o.","article_publisher":"https:\/\/www.facebook.com\/Ku%c5%bania-Ostr%c3%b3w-Wielkopolski-596813284073664\/","article_modified_time":"2025-01-14T13:57:12+00:00","og_image":[{"url":"http:\/\/kuzniaostrow.pl\/wp-content\/uploads\/2025\/01\/labo-certyfikat-221x300.jpg","type":"","width":"","height":""}],"twitter_card":"summary_large_image","twitter_misc":{"Szacowany czas czytania":"1 minuta"},"schema":{"@context":"https:\/\/schema.org","@graph":[{"@type":"WebPage","@id":"https:\/\/kuzniaostrow.pl\/index.php\/laboratorium\/","url":"https:\/\/kuzniaostrow.pl\/index.php\/laboratorium\/","name":"Laboratorium - Ku\u017ania Ostr\u00f3w Wielkopolski sp. z o.o.","isPartOf":{"@id":"https:\/\/kuzniaostrow.pl\/#website"},"primaryImageOfPage":{"@id":"https:\/\/kuzniaostrow.pl\/index.php\/laboratorium\/#primaryimage"},"image":{"@id":"https:\/\/kuzniaostrow.pl\/index.php\/laboratorium\/#primaryimage"},"thumbnailUrl":"http:\/\/kuzniaostrow.pl\/wp-content\/uploads\/2025\/01\/labo-certyfikat-221x300.jpg","datePublished":"2018-10-25T22:01:03+00:00","dateModified":"2025-01-14T13:57:12+00:00","breadcrumb":{"@id":"https:\/\/kuzniaostrow.pl\/index.php\/laboratorium\/#breadcrumb"},"inLanguage":"pl-PL","potentialAction":[{"@type":"ReadAction","target":["https:\/\/kuzniaostrow.pl\/index.php\/laboratorium\/"]}]},{"@type":"ImageObject","inLanguage":"pl-PL","@id":"https:\/\/kuzniaostrow.pl\/index.php\/laboratorium\/#primaryimage","url":"https:\/\/kuzniaostrow.pl\/wp-content\/uploads\/2025\/01\/labo-certyfikat.jpg","contentUrl":"https:\/\/kuzniaostrow.pl\/wp-content\/uploads\/2025\/01\/labo-certyfikat.jpg","width":585,"height":794,"caption":"\u015awiadectwo uznania laboratorium UDT"},{"@type":"BreadcrumbList","@id":"https:\/\/kuzniaostrow.pl\/index.php\/laboratorium\/#breadcrumb","itemListElement":[{"@type":"ListItem","position":1,"name":"Strona g\u0142\u00f3wna","item":"https:\/\/kuzniaostrow.pl\/"},{"@type":"ListItem","position":2,"name":"Laboratorium"}]},{"@type":"WebSite","@id":"https:\/\/kuzniaostrow.pl\/#website","url":"https:\/\/kuzniaostrow.pl\/","name":"Ku\u017ania Ostr\u00f3w Wielkopolski sp. z o.o.","description":"producent wyrob\u00f3w kutych","publisher":{"@id":"https:\/\/kuzniaostrow.pl\/#organization"},"potentialAction":[{"@type":"SearchAction","target":{"@type":"EntryPoint","urlTemplate":"https:\/\/kuzniaostrow.pl\/?s={search_term_string}"},"query-input":{"@type":"PropertyValueSpecification","valueRequired":true,"valueName":"search_term_string"}}],"inLanguage":"pl-PL"},{"@type":"Organization","@id":"https:\/\/kuzniaostrow.pl\/#organization","name":"Ku\u017ania Ostr\u00f3w Wielkopolski sp. z o.o.","url":"https:\/\/kuzniaostrow.pl\/","logo":{"@type":"ImageObject","inLanguage":"pl-PL","@id":"https:\/\/kuzniaostrow.pl\/#\/schema\/logo\/image\/","url":"https:\/\/kuzniaostrow.pl\/wp-content\/uploads\/2018\/12\/kowwplogo.png","contentUrl":"https:\/\/kuzniaostrow.pl\/wp-content\/uploads\/2018\/12\/kowwplogo.png","width":512,"height":110,"caption":"Ku\u017ania Ostr\u00f3w Wielkopolski sp. z o.o."},"image":{"@id":"https:\/\/kuzniaostrow.pl\/#\/schema\/logo\/image\/"},"sameAs":["https:\/\/www.facebook.com\/Ku\u017ania-Ostr\u00f3w-Wielkopolski-596813284073664\/"]}]}},"_links":{"self":[{"href":"https:\/\/kuzniaostrow.pl\/index.php\/wp-json\/wp\/v2\/pages\/117","targetHints":{"allow":["GET"]}}],"collection":[{"href":"https:\/\/kuzniaostrow.pl\/index.php\/wp-json\/wp\/v2\/pages"}],"about":[{"href":"https:\/\/kuzniaostrow.pl\/index.php\/wp-json\/wp\/v2\/types\/page"}],"author":[{"embeddable":true,"href":"https:\/\/kuzniaostrow.pl\/index.php\/wp-json\/wp\/v2\/users\/1"}],"replies":[{"embeddable":true,"href":"https:\/\/kuzniaostrow.pl\/index.php\/wp-json\/wp\/v2\/comments?post=117"}],"version-history":[{"count":6,"href":"https:\/\/kuzniaostrow.pl\/index.php\/wp-json\/wp\/v2\/pages\/117\/revisions"}],"predecessor-version":[{"id":4313,"href":"https:\/\/kuzniaostrow.pl\/index.php\/wp-json\/wp\/v2\/pages\/117\/revisions\/4313"}],"wp:attachment":[{"href":"https:\/\/kuzniaostrow.pl\/index.php\/wp-json\/wp\/v2\/media?parent=117"}],"wp:term":[{"taxonomy":"category","embeddable":true,"href":"https:\/\/kuzniaostrow.pl\/index.php\/wp-json\/wp\/v2\/categories?post=117"},{"taxonomy":"post_tag","embeddable":true,"href":"https:\/\/kuzniaostrow.pl\/index.php\/wp-json\/wp\/v2\/tags?post=117"}],"curies":[{"name":"wp","href":"https:\/\/api.w.org\/{rel}","templated":true}]}}