{"id":3456,"date":"2019-01-22T10:10:21","date_gmt":"2019-01-22T09:10:21","guid":{"rendered":"http:\/\/kuzniaostrow.pl\/?page_id=3456"},"modified":"2019-01-31T14:18:55","modified_gmt":"2019-01-31T13:18:55","slug":"history","status":"publish","type":"page","link":"https:\/\/kuzniaostrow.pl\/index.php\/en\/history\/","title":{"rendered":"History"},"content":{"rendered":"<p><img loading=\"lazy\" decoding=\"async\" class=\"size-medium wp-image-255 alignleft\" src=\"http:\/\/kuzniaostrow.pl\/wp-content\/uploads\/2018\/12\/piece-217x300.png\" alt=\"\" width=\"217\" height=\"300\" srcset=\"https:\/\/kuzniaostrow.pl\/wp-content\/uploads\/2018\/12\/piece-217x300.png 217w, https:\/\/kuzniaostrow.pl\/wp-content\/uploads\/2018\/12\/piece.png 412w\" sizes=\"auto, (max-width: 217px) 100vw, 217px\" \/>Ku\u017ania Ostr\u00f3w Wielkopolski Sp. z o.o. continues the long-standing tradition of railway industry companies operating in our region.<\/p>\n<p>The very first one &#8211; Fabryka Wagon &#8211; was estabilished in 1920 as a joint-stock company. The main area of company&#8217;s activity was production of rail vehicles and related acessories. After the II World War, in 1952 the company was revived under the name ZNTK Ostr\u00f3w Wielkopolski (Zak\u0142ady Naprawcze Taboru Kolejowego) soon becoming the largest enterprise of this industry in Poland.<\/p>\n<p>1964, due to a high demand for forged components needed for construction and repair of rolling stock, ZNTK decided to estabilish the new department &#8211; Forge.<\/p>\n<p><span title=\"\">In 1999, the company returned to its historical name, <em>Fabryka Wagon S.A<\/em>.<\/span> <span title=\"\">As a result of ownership transformations in 2001, the forge department started its own activity.<\/span><br \/>\n<span title=\"\">In 2006, new company adopted the name Ku\u017ania Ostr\u00f3w Wielkopolski Sp.<\/span> <span title=\"\">z o.o..\u00a0<\/span><\/p>\n<p><span title=\"\">In 2017, Ku\u017ania Ostr\u00f3w Wielkopolski Sp.<\/span> <span title=\"\">z o.o. joined the capital group MSV Metal Studenka a.s.<\/span> <span title=\"\">&#8211; European leader in components and forgings for the railway industry, starting the latest chapter in its longtime and colorful history.<\/span><\/p>\n","protected":false},"excerpt":{"rendered":"<p>Ku\u017ania Ostr\u00f3w Wielkopolski Sp. z o.o. continues the long-standing tradition of railway industry companies operating in our region. The very first one &#8211; Fabryka Wagon &#8211; was estabilished in 1920 as a joint-stock company. The main area of company&#8217;s activity was production of rail vehicles and related acessories. After the II World War, in 1952 the company was revived under the name ZNTK Ostr\u00f3w Wielkopolski (Zak\u0142ady Naprawcze Taboru Kolejowego) soon becoming the largest enterprise of this industry in Poland. 1964, due to a high demand for forged components needed for construction and repair of rolling stock, ZNTK decided to estabilish the new department &#8211; Forge. In 1999, the company returned to its historical name, Fabryka Wagon S.A. As a result of ownership transformations in 2001, the forge department started its own activity. In 2006, new company adopted the name Ku\u017ania Ostr\u00f3w Wielkopolski Sp. z o.o..\u00a0 In 2017, Ku\u017ania Ostr\u00f3w Wielkopolski Sp. z o.o. joined the capital group MSV Metal Studenka a.s. &#8211; European leader in components and forgings for the railway industry, starting the latest chapter in its longtime and colorful history.<\/p>\n","protected":false},"author":4,"featured_media":0,"parent":0,"menu_order":0,"comment_status":"closed","ping_status":"closed","template":"","meta":{"ngg_post_thumbnail":0,"footnotes":""},"categories":[92],"tags":[],"class_list":["post-3456","page","type-page","status-publish","hentry","category-about-us"],"yoast_head":"<!-- This site is optimized with the Yoast SEO plugin v26.9 - https:\/\/yoast.com\/product\/yoast-seo-wordpress\/ -->\n<title>History - Ku\u017ania Ostr\u00f3w Wielkopolski sp. z o.o.<\/title>\n<meta name=\"robots\" content=\"index, follow, max-snippet:-1, max-image-preview:large, max-video-preview:-1\" \/>\n<link rel=\"canonical\" href=\"https:\/\/kuzniaostrow.pl\/index.php\/en\/history\/\" \/>\n<meta property=\"og:locale\" content=\"pl_PL\" \/>\n<meta property=\"og:type\" content=\"article\" \/>\n<meta property=\"og:title\" content=\"History - Ku\u017ania Ostr\u00f3w Wielkopolski sp. z o.o.\" \/>\n<meta property=\"og:description\" content=\"Ku\u017ania Ostr\u00f3w Wielkopolski Sp. z o.o. continues the long-standing tradition of railway industry companies operating in our region. The very first one &#8211; Fabryka Wagon &#8211; was estabilished in 1920 as a joint-stock company. The main area of company&#8217;s activity was production of rail vehicles and related acessories. After the II World War, in 1952 the company was revived under the name ZNTK Ostr\u00f3w Wielkopolski (Zak\u0142ady Naprawcze Taboru Kolejowego) soon becoming the largest enterprise of this industry in Poland. 1964, due to a high demand for forged components needed for construction and repair of rolling stock, ZNTK decided to estabilish the new department &#8211; Forge. In 1999, the company returned to its historical name, Fabryka Wagon S.A. As a result of ownership transformations in 2001, the forge department started its own activity. In 2006, new company adopted the name Ku\u017ania Ostr\u00f3w Wielkopolski Sp. z o.o..\u00a0 In 2017, Ku\u017ania Ostr\u00f3w Wielkopolski Sp. z o.o. joined the capital group MSV Metal Studenka a.s. &#8211; European leader in components and forgings for the railway industry, starting the latest chapter in its longtime and colorful history.\" \/>\n<meta property=\"og:url\" content=\"https:\/\/kuzniaostrow.pl\/index.php\/en\/history\/\" \/>\n<meta property=\"og:site_name\" content=\"Ku\u017ania Ostr\u00f3w Wielkopolski sp. z o.o.\" \/>\n<meta property=\"article:publisher\" content=\"https:\/\/www.facebook.com\/Ku%c5%bania-Ostr%c3%b3w-Wielkopolski-596813284073664\/\" \/>\n<meta property=\"article:modified_time\" content=\"2019-01-31T13:18:55+00:00\" \/>\n<meta property=\"og:image\" content=\"http:\/\/kuzniaostrow.pl\/wp-content\/uploads\/2018\/12\/piece-217x300.png\" \/>\n<meta name=\"twitter:card\" content=\"summary_large_image\" \/>\n<meta name=\"twitter:label1\" content=\"Szacowany czas czytania\" \/>\n\t<meta name=\"twitter:data1\" content=\"1 minuta\" \/>\n<script type=\"application\/ld+json\" class=\"yoast-schema-graph\">{\"@context\":\"https:\/\/schema.org\",\"@graph\":[{\"@type\":\"WebPage\",\"@id\":\"https:\/\/kuzniaostrow.pl\/index.php\/en\/history\/\",\"url\":\"https:\/\/kuzniaostrow.pl\/index.php\/en\/history\/\",\"name\":\"History - Ku\u017ania Ostr\u00f3w Wielkopolski sp. z o.o.\",\"isPartOf\":{\"@id\":\"https:\/\/kuzniaostrow.pl\/#website\"},\"primaryImageOfPage\":{\"@id\":\"https:\/\/kuzniaostrow.pl\/index.php\/en\/history\/#primaryimage\"},\"image\":{\"@id\":\"https:\/\/kuzniaostrow.pl\/index.php\/en\/history\/#primaryimage\"},\"thumbnailUrl\":\"http:\/\/kuzniaostrow.pl\/wp-content\/uploads\/2018\/12\/piece-217x300.png\",\"datePublished\":\"2019-01-22T09:10:21+00:00\",\"dateModified\":\"2019-01-31T13:18:55+00:00\",\"breadcrumb\":{\"@id\":\"https:\/\/kuzniaostrow.pl\/index.php\/en\/history\/#breadcrumb\"},\"inLanguage\":\"pl-PL\",\"potentialAction\":[{\"@type\":\"ReadAction\",\"target\":[\"https:\/\/kuzniaostrow.pl\/index.php\/en\/history\/\"]}]},{\"@type\":\"ImageObject\",\"inLanguage\":\"pl-PL\",\"@id\":\"https:\/\/kuzniaostrow.pl\/index.php\/en\/history\/#primaryimage\",\"url\":\"https:\/\/kuzniaostrow.pl\/wp-content\/uploads\/2018\/12\/piece.png\",\"contentUrl\":\"https:\/\/kuzniaostrow.pl\/wp-content\/uploads\/2018\/12\/piece.png\",\"width\":412,\"height\":570},{\"@type\":\"BreadcrumbList\",\"@id\":\"https:\/\/kuzniaostrow.pl\/index.php\/en\/history\/#breadcrumb\",\"itemListElement\":[{\"@type\":\"ListItem\",\"position\":1,\"name\":\"Strona g\u0142\u00f3wna\",\"item\":\"https:\/\/kuzniaostrow.pl\/\"},{\"@type\":\"ListItem\",\"position\":2,\"name\":\"History\"}]},{\"@type\":\"WebSite\",\"@id\":\"https:\/\/kuzniaostrow.pl\/#website\",\"url\":\"https:\/\/kuzniaostrow.pl\/\",\"name\":\"Ku\u017ania Ostr\u00f3w Wielkopolski sp. z o.o.\",\"description\":\"producent wyrob\u00f3w kutych\",\"publisher\":{\"@id\":\"https:\/\/kuzniaostrow.pl\/#organization\"},\"potentialAction\":[{\"@type\":\"SearchAction\",\"target\":{\"@type\":\"EntryPoint\",\"urlTemplate\":\"https:\/\/kuzniaostrow.pl\/?s={search_term_string}\"},\"query-input\":{\"@type\":\"PropertyValueSpecification\",\"valueRequired\":true,\"valueName\":\"search_term_string\"}}],\"inLanguage\":\"pl-PL\"},{\"@type\":\"Organization\",\"@id\":\"https:\/\/kuzniaostrow.pl\/#organization\",\"name\":\"Ku\u017ania Ostr\u00f3w Wielkopolski sp. z o.o.\",\"url\":\"https:\/\/kuzniaostrow.pl\/\",\"logo\":{\"@type\":\"ImageObject\",\"inLanguage\":\"pl-PL\",\"@id\":\"https:\/\/kuzniaostrow.pl\/#\/schema\/logo\/image\/\",\"url\":\"https:\/\/kuzniaostrow.pl\/wp-content\/uploads\/2018\/12\/kowwplogo.png\",\"contentUrl\":\"https:\/\/kuzniaostrow.pl\/wp-content\/uploads\/2018\/12\/kowwplogo.png\",\"width\":512,\"height\":110,\"caption\":\"Ku\u017ania Ostr\u00f3w Wielkopolski sp. z o.o.\"},\"image\":{\"@id\":\"https:\/\/kuzniaostrow.pl\/#\/schema\/logo\/image\/\"},\"sameAs\":[\"https:\/\/www.facebook.com\/Ku\u017ania-Ostr\u00f3w-Wielkopolski-596813284073664\/\"]}]}<\/script>\n<!-- \/ Yoast SEO plugin. -->","yoast_head_json":{"title":"History - Ku\u017ania Ostr\u00f3w Wielkopolski sp. z o.o.","robots":{"index":"index","follow":"follow","max-snippet":"max-snippet:-1","max-image-preview":"max-image-preview:large","max-video-preview":"max-video-preview:-1"},"canonical":"https:\/\/kuzniaostrow.pl\/index.php\/en\/history\/","og_locale":"pl_PL","og_type":"article","og_title":"History - Ku\u017ania Ostr\u00f3w Wielkopolski sp. z o.o.","og_description":"Ku\u017ania Ostr\u00f3w Wielkopolski Sp. z o.o. continues the long-standing tradition of railway industry companies operating in our region. The very first one &#8211; Fabryka Wagon &#8211; was estabilished in 1920 as a joint-stock company. The main area of company&#8217;s activity was production of rail vehicles and related acessories. After the II World War, in 1952 the company was revived under the name ZNTK Ostr\u00f3w Wielkopolski (Zak\u0142ady Naprawcze Taboru Kolejowego) soon becoming the largest enterprise of this industry in Poland. 1964, due to a high demand for forged components needed for construction and repair of rolling stock, ZNTK decided to estabilish the new department &#8211; Forge. In 1999, the company returned to its historical name, Fabryka Wagon S.A. As a result of ownership transformations in 2001, the forge department started its own activity. In 2006, new company adopted the name Ku\u017ania Ostr\u00f3w Wielkopolski Sp. z o.o..\u00a0 In 2017, Ku\u017ania Ostr\u00f3w Wielkopolski Sp. z o.o. joined the capital group MSV Metal Studenka a.s. &#8211; European leader in components and forgings for the railway industry, starting the latest chapter in its longtime and colorful history.","og_url":"https:\/\/kuzniaostrow.pl\/index.php\/en\/history\/","og_site_name":"Ku\u017ania Ostr\u00f3w Wielkopolski sp. z o.o.","article_publisher":"https:\/\/www.facebook.com\/Ku%c5%bania-Ostr%c3%b3w-Wielkopolski-596813284073664\/","article_modified_time":"2019-01-31T13:18:55+00:00","og_image":[{"url":"http:\/\/kuzniaostrow.pl\/wp-content\/uploads\/2018\/12\/piece-217x300.png","type":"","width":"","height":""}],"twitter_card":"summary_large_image","twitter_misc":{"Szacowany czas czytania":"1 minuta"},"schema":{"@context":"https:\/\/schema.org","@graph":[{"@type":"WebPage","@id":"https:\/\/kuzniaostrow.pl\/index.php\/en\/history\/","url":"https:\/\/kuzniaostrow.pl\/index.php\/en\/history\/","name":"History - Ku\u017ania Ostr\u00f3w Wielkopolski sp. z o.o.","isPartOf":{"@id":"https:\/\/kuzniaostrow.pl\/#website"},"primaryImageOfPage":{"@id":"https:\/\/kuzniaostrow.pl\/index.php\/en\/history\/#primaryimage"},"image":{"@id":"https:\/\/kuzniaostrow.pl\/index.php\/en\/history\/#primaryimage"},"thumbnailUrl":"http:\/\/kuzniaostrow.pl\/wp-content\/uploads\/2018\/12\/piece-217x300.png","datePublished":"2019-01-22T09:10:21+00:00","dateModified":"2019-01-31T13:18:55+00:00","breadcrumb":{"@id":"https:\/\/kuzniaostrow.pl\/index.php\/en\/history\/#breadcrumb"},"inLanguage":"pl-PL","potentialAction":[{"@type":"ReadAction","target":["https:\/\/kuzniaostrow.pl\/index.php\/en\/history\/"]}]},{"@type":"ImageObject","inLanguage":"pl-PL","@id":"https:\/\/kuzniaostrow.pl\/index.php\/en\/history\/#primaryimage","url":"https:\/\/kuzniaostrow.pl\/wp-content\/uploads\/2018\/12\/piece.png","contentUrl":"https:\/\/kuzniaostrow.pl\/wp-content\/uploads\/2018\/12\/piece.png","width":412,"height":570},{"@type":"BreadcrumbList","@id":"https:\/\/kuzniaostrow.pl\/index.php\/en\/history\/#breadcrumb","itemListElement":[{"@type":"ListItem","position":1,"name":"Strona g\u0142\u00f3wna","item":"https:\/\/kuzniaostrow.pl\/"},{"@type":"ListItem","position":2,"name":"History"}]},{"@type":"WebSite","@id":"https:\/\/kuzniaostrow.pl\/#website","url":"https:\/\/kuzniaostrow.pl\/","name":"Ku\u017ania Ostr\u00f3w Wielkopolski sp. z o.o.","description":"producent wyrob\u00f3w kutych","publisher":{"@id":"https:\/\/kuzniaostrow.pl\/#organization"},"potentialAction":[{"@type":"SearchAction","target":{"@type":"EntryPoint","urlTemplate":"https:\/\/kuzniaostrow.pl\/?s={search_term_string}"},"query-input":{"@type":"PropertyValueSpecification","valueRequired":true,"valueName":"search_term_string"}}],"inLanguage":"pl-PL"},{"@type":"Organization","@id":"https:\/\/kuzniaostrow.pl\/#organization","name":"Ku\u017ania Ostr\u00f3w Wielkopolski sp. z o.o.","url":"https:\/\/kuzniaostrow.pl\/","logo":{"@type":"ImageObject","inLanguage":"pl-PL","@id":"https:\/\/kuzniaostrow.pl\/#\/schema\/logo\/image\/","url":"https:\/\/kuzniaostrow.pl\/wp-content\/uploads\/2018\/12\/kowwplogo.png","contentUrl":"https:\/\/kuzniaostrow.pl\/wp-content\/uploads\/2018\/12\/kowwplogo.png","width":512,"height":110,"caption":"Ku\u017ania Ostr\u00f3w Wielkopolski sp. z o.o."},"image":{"@id":"https:\/\/kuzniaostrow.pl\/#\/schema\/logo\/image\/"},"sameAs":["https:\/\/www.facebook.com\/Ku\u017ania-Ostr\u00f3w-Wielkopolski-596813284073664\/"]}]}},"_links":{"self":[{"href":"https:\/\/kuzniaostrow.pl\/index.php\/wp-json\/wp\/v2\/pages\/3456","targetHints":{"allow":["GET"]}}],"collection":[{"href":"https:\/\/kuzniaostrow.pl\/index.php\/wp-json\/wp\/v2\/pages"}],"about":[{"href":"https:\/\/kuzniaostrow.pl\/index.php\/wp-json\/wp\/v2\/types\/page"}],"author":[{"embeddable":true,"href":"https:\/\/kuzniaostrow.pl\/index.php\/wp-json\/wp\/v2\/users\/4"}],"replies":[{"embeddable":true,"href":"https:\/\/kuzniaostrow.pl\/index.php\/wp-json\/wp\/v2\/comments?post=3456"}],"version-history":[{"count":3,"href":"https:\/\/kuzniaostrow.pl\/index.php\/wp-json\/wp\/v2\/pages\/3456\/revisions"}],"predecessor-version":[{"id":3724,"href":"https:\/\/kuzniaostrow.pl\/index.php\/wp-json\/wp\/v2\/pages\/3456\/revisions\/3724"}],"wp:attachment":[{"href":"https:\/\/kuzniaostrow.pl\/index.php\/wp-json\/wp\/v2\/media?parent=3456"}],"wp:term":[{"taxonomy":"category","embeddable":true,"href":"https:\/\/kuzniaostrow.pl\/index.php\/wp-json\/wp\/v2\/categories?post=3456"},{"taxonomy":"post_tag","embeddable":true,"href":"https:\/\/kuzniaostrow.pl\/index.php\/wp-json\/wp\/v2\/tags?post=3456"}],"curies":[{"name":"wp","href":"https:\/\/api.w.org\/{rel}","templated":true}]}}