{"id":3511,"date":"2019-01-22T12:32:48","date_gmt":"2019-01-22T11:32:48","guid":{"rendered":"http:\/\/kuzniaostrow.pl\/?page_id=3511"},"modified":"2019-01-28T01:49:55","modified_gmt":"2019-01-28T00:49:55","slug":"regeneration-of-components","status":"publish","type":"page","link":"https:\/\/kuzniaostrow.pl\/index.php\/en\/regeneration-of-components\/","title":{"rendered":"Regeneration of components"},"content":{"rendered":"<p><span title=\"\">Ku\u017ania Ostr\u00f3w Wielkopolski Sp.<\/span> <span title=\"\">z o.o.<\/span> <span title=\"\">offers repair and regeneration services for components and subassemblies of rail vehicles, such as screw couplings, draw hooks, fork pullers, draw gear elements, brake shoe holders, parts of shock absorbers and others.<\/span><\/p>\n<p><img loading=\"lazy\" decoding=\"async\" width=\"300\" height=\"225\" class=\"size-medium wp-image-305\" alt=\"\" src=\"http:\/\/kuzniaostrow.pl\/wp-content\/uploads\/2018\/12\/B246025-300x225.jpg\" srcset=\"https:\/\/kuzniaostrow.pl\/wp-content\/uploads\/2018\/12\/B246025-300x225.jpg 300w, https:\/\/kuzniaostrow.pl\/wp-content\/uploads\/2018\/12\/B246025.jpg 640w\" sizes=\"auto, (max-width: 300px) 100vw, 300px\" \/><\/p>\n","protected":false},"excerpt":{"rendered":"<p>Ku\u017ania Ostr\u00f3w Wielkopolski Sp. z o.o. offers repair and regeneration services for components and subassemblies of rail vehicles, such as screw couplings, draw hooks, fork pullers, draw gear elements, brake shoe holders, parts of shock absorbers and others.<\/p>\n","protected":false},"author":4,"featured_media":0,"parent":0,"menu_order":0,"comment_status":"closed","ping_status":"closed","template":"","meta":{"ngg_post_thumbnail":0,"footnotes":""},"categories":[165],"tags":[],"class_list":["post-3511","page","type-page","status-publish","hentry","category-services-en"],"yoast_head":"<!-- This site is optimized with the Yoast SEO plugin v26.9 - https:\/\/yoast.com\/product\/yoast-seo-wordpress\/ -->\n<title>Regeneration of components - Ku\u017ania Ostr\u00f3w Wielkopolski sp. z o.o.<\/title>\n<meta name=\"robots\" content=\"index, follow, max-snippet:-1, max-image-preview:large, max-video-preview:-1\" \/>\n<link rel=\"canonical\" href=\"https:\/\/kuzniaostrow.pl\/index.php\/en\/regeneration-of-components\/\" \/>\n<meta property=\"og:locale\" content=\"pl_PL\" \/>\n<meta property=\"og:type\" content=\"article\" \/>\n<meta property=\"og:title\" content=\"Regeneration of components - Ku\u017ania Ostr\u00f3w Wielkopolski sp. z o.o.\" \/>\n<meta property=\"og:description\" content=\"Ku\u017ania Ostr\u00f3w Wielkopolski Sp. z o.o. offers repair and regeneration services for components and subassemblies of rail vehicles, such as screw couplings, draw hooks, fork pullers, draw gear elements, brake shoe holders, parts of shock absorbers and others.\" \/>\n<meta property=\"og:url\" content=\"https:\/\/kuzniaostrow.pl\/index.php\/en\/regeneration-of-components\/\" \/>\n<meta property=\"og:site_name\" content=\"Ku\u017ania Ostr\u00f3w Wielkopolski sp. z o.o.\" \/>\n<meta property=\"article:publisher\" content=\"https:\/\/www.facebook.com\/Ku%c5%bania-Ostr%c3%b3w-Wielkopolski-596813284073664\/\" \/>\n<meta property=\"article:modified_time\" content=\"2019-01-28T00:49:55+00:00\" \/>\n<meta property=\"og:image\" content=\"http:\/\/kuzniaostrow.pl\/wp-content\/uploads\/2018\/12\/B246025-300x225.jpg\" \/>\n<meta name=\"twitter:card\" content=\"summary_large_image\" \/>\n<script type=\"application\/ld+json\" class=\"yoast-schema-graph\">{\"@context\":\"https:\/\/schema.org\",\"@graph\":[{\"@type\":\"WebPage\",\"@id\":\"https:\/\/kuzniaostrow.pl\/index.php\/en\/regeneration-of-components\/\",\"url\":\"https:\/\/kuzniaostrow.pl\/index.php\/en\/regeneration-of-components\/\",\"name\":\"Regeneration of components - Ku\u017ania Ostr\u00f3w Wielkopolski sp. z o.o.\",\"isPartOf\":{\"@id\":\"https:\/\/kuzniaostrow.pl\/#website\"},\"primaryImageOfPage\":{\"@id\":\"https:\/\/kuzniaostrow.pl\/index.php\/en\/regeneration-of-components\/#primaryimage\"},\"image\":{\"@id\":\"https:\/\/kuzniaostrow.pl\/index.php\/en\/regeneration-of-components\/#primaryimage\"},\"thumbnailUrl\":\"http:\/\/kuzniaostrow.pl\/wp-content\/uploads\/2018\/12\/B246025-300x225.jpg\",\"datePublished\":\"2019-01-22T11:32:48+00:00\",\"dateModified\":\"2019-01-28T00:49:55+00:00\",\"breadcrumb\":{\"@id\":\"https:\/\/kuzniaostrow.pl\/index.php\/en\/regeneration-of-components\/#breadcrumb\"},\"inLanguage\":\"pl-PL\",\"potentialAction\":[{\"@type\":\"ReadAction\",\"target\":[\"https:\/\/kuzniaostrow.pl\/index.php\/en\/regeneration-of-components\/\"]}]},{\"@type\":\"ImageObject\",\"inLanguage\":\"pl-PL\",\"@id\":\"https:\/\/kuzniaostrow.pl\/index.php\/en\/regeneration-of-components\/#primaryimage\",\"url\":\"https:\/\/kuzniaostrow.pl\/wp-content\/uploads\/2018\/12\/B246025.jpg\",\"contentUrl\":\"https:\/\/kuzniaostrow.pl\/wp-content\/uploads\/2018\/12\/B246025.jpg\",\"width\":640,\"height\":480,\"caption\":\"OLYMPUS DIGITAL CAMERA\"},{\"@type\":\"BreadcrumbList\",\"@id\":\"https:\/\/kuzniaostrow.pl\/index.php\/en\/regeneration-of-components\/#breadcrumb\",\"itemListElement\":[{\"@type\":\"ListItem\",\"position\":1,\"name\":\"Strona g\u0142\u00f3wna\",\"item\":\"https:\/\/kuzniaostrow.pl\/\"},{\"@type\":\"ListItem\",\"position\":2,\"name\":\"Regeneration of components\"}]},{\"@type\":\"WebSite\",\"@id\":\"https:\/\/kuzniaostrow.pl\/#website\",\"url\":\"https:\/\/kuzniaostrow.pl\/\",\"name\":\"Ku\u017ania Ostr\u00f3w Wielkopolski sp. z o.o.\",\"description\":\"producent wyrob\u00f3w kutych\",\"publisher\":{\"@id\":\"https:\/\/kuzniaostrow.pl\/#organization\"},\"potentialAction\":[{\"@type\":\"SearchAction\",\"target\":{\"@type\":\"EntryPoint\",\"urlTemplate\":\"https:\/\/kuzniaostrow.pl\/?s={search_term_string}\"},\"query-input\":{\"@type\":\"PropertyValueSpecification\",\"valueRequired\":true,\"valueName\":\"search_term_string\"}}],\"inLanguage\":\"pl-PL\"},{\"@type\":\"Organization\",\"@id\":\"https:\/\/kuzniaostrow.pl\/#organization\",\"name\":\"Ku\u017ania Ostr\u00f3w Wielkopolski sp. z o.o.\",\"url\":\"https:\/\/kuzniaostrow.pl\/\",\"logo\":{\"@type\":\"ImageObject\",\"inLanguage\":\"pl-PL\",\"@id\":\"https:\/\/kuzniaostrow.pl\/#\/schema\/logo\/image\/\",\"url\":\"https:\/\/kuzniaostrow.pl\/wp-content\/uploads\/2018\/12\/kowwplogo.png\",\"contentUrl\":\"https:\/\/kuzniaostrow.pl\/wp-content\/uploads\/2018\/12\/kowwplogo.png\",\"width\":512,\"height\":110,\"caption\":\"Ku\u017ania Ostr\u00f3w Wielkopolski sp. z o.o.\"},\"image\":{\"@id\":\"https:\/\/kuzniaostrow.pl\/#\/schema\/logo\/image\/\"},\"sameAs\":[\"https:\/\/www.facebook.com\/Ku\u017ania-Ostr\u00f3w-Wielkopolski-596813284073664\/\"]}]}<\/script>\n<!-- \/ Yoast SEO plugin. -->","yoast_head_json":{"title":"Regeneration of components - Ku\u017ania Ostr\u00f3w Wielkopolski sp. z o.o.","robots":{"index":"index","follow":"follow","max-snippet":"max-snippet:-1","max-image-preview":"max-image-preview:large","max-video-preview":"max-video-preview:-1"},"canonical":"https:\/\/kuzniaostrow.pl\/index.php\/en\/regeneration-of-components\/","og_locale":"pl_PL","og_type":"article","og_title":"Regeneration of components - Ku\u017ania Ostr\u00f3w Wielkopolski sp. z o.o.","og_description":"Ku\u017ania Ostr\u00f3w Wielkopolski Sp. z o.o. offers repair and regeneration services for components and subassemblies of rail vehicles, such as screw couplings, draw hooks, fork pullers, draw gear elements, brake shoe holders, parts of shock absorbers and others.","og_url":"https:\/\/kuzniaostrow.pl\/index.php\/en\/regeneration-of-components\/","og_site_name":"Ku\u017ania Ostr\u00f3w Wielkopolski sp. z o.o.","article_publisher":"https:\/\/www.facebook.com\/Ku%c5%bania-Ostr%c3%b3w-Wielkopolski-596813284073664\/","article_modified_time":"2019-01-28T00:49:55+00:00","og_image":[{"url":"http:\/\/kuzniaostrow.pl\/wp-content\/uploads\/2018\/12\/B246025-300x225.jpg","type":"","width":"","height":""}],"twitter_card":"summary_large_image","schema":{"@context":"https:\/\/schema.org","@graph":[{"@type":"WebPage","@id":"https:\/\/kuzniaostrow.pl\/index.php\/en\/regeneration-of-components\/","url":"https:\/\/kuzniaostrow.pl\/index.php\/en\/regeneration-of-components\/","name":"Regeneration of components - Ku\u017ania Ostr\u00f3w Wielkopolski sp. z o.o.","isPartOf":{"@id":"https:\/\/kuzniaostrow.pl\/#website"},"primaryImageOfPage":{"@id":"https:\/\/kuzniaostrow.pl\/index.php\/en\/regeneration-of-components\/#primaryimage"},"image":{"@id":"https:\/\/kuzniaostrow.pl\/index.php\/en\/regeneration-of-components\/#primaryimage"},"thumbnailUrl":"http:\/\/kuzniaostrow.pl\/wp-content\/uploads\/2018\/12\/B246025-300x225.jpg","datePublished":"2019-01-22T11:32:48+00:00","dateModified":"2019-01-28T00:49:55+00:00","breadcrumb":{"@id":"https:\/\/kuzniaostrow.pl\/index.php\/en\/regeneration-of-components\/#breadcrumb"},"inLanguage":"pl-PL","potentialAction":[{"@type":"ReadAction","target":["https:\/\/kuzniaostrow.pl\/index.php\/en\/regeneration-of-components\/"]}]},{"@type":"ImageObject","inLanguage":"pl-PL","@id":"https:\/\/kuzniaostrow.pl\/index.php\/en\/regeneration-of-components\/#primaryimage","url":"https:\/\/kuzniaostrow.pl\/wp-content\/uploads\/2018\/12\/B246025.jpg","contentUrl":"https:\/\/kuzniaostrow.pl\/wp-content\/uploads\/2018\/12\/B246025.jpg","width":640,"height":480,"caption":"OLYMPUS DIGITAL CAMERA"},{"@type":"BreadcrumbList","@id":"https:\/\/kuzniaostrow.pl\/index.php\/en\/regeneration-of-components\/#breadcrumb","itemListElement":[{"@type":"ListItem","position":1,"name":"Strona g\u0142\u00f3wna","item":"https:\/\/kuzniaostrow.pl\/"},{"@type":"ListItem","position":2,"name":"Regeneration of components"}]},{"@type":"WebSite","@id":"https:\/\/kuzniaostrow.pl\/#website","url":"https:\/\/kuzniaostrow.pl\/","name":"Ku\u017ania Ostr\u00f3w Wielkopolski sp. z o.o.","description":"producent wyrob\u00f3w kutych","publisher":{"@id":"https:\/\/kuzniaostrow.pl\/#organization"},"potentialAction":[{"@type":"SearchAction","target":{"@type":"EntryPoint","urlTemplate":"https:\/\/kuzniaostrow.pl\/?s={search_term_string}"},"query-input":{"@type":"PropertyValueSpecification","valueRequired":true,"valueName":"search_term_string"}}],"inLanguage":"pl-PL"},{"@type":"Organization","@id":"https:\/\/kuzniaostrow.pl\/#organization","name":"Ku\u017ania Ostr\u00f3w Wielkopolski sp. z o.o.","url":"https:\/\/kuzniaostrow.pl\/","logo":{"@type":"ImageObject","inLanguage":"pl-PL","@id":"https:\/\/kuzniaostrow.pl\/#\/schema\/logo\/image\/","url":"https:\/\/kuzniaostrow.pl\/wp-content\/uploads\/2018\/12\/kowwplogo.png","contentUrl":"https:\/\/kuzniaostrow.pl\/wp-content\/uploads\/2018\/12\/kowwplogo.png","width":512,"height":110,"caption":"Ku\u017ania Ostr\u00f3w Wielkopolski sp. z o.o."},"image":{"@id":"https:\/\/kuzniaostrow.pl\/#\/schema\/logo\/image\/"},"sameAs":["https:\/\/www.facebook.com\/Ku\u017ania-Ostr\u00f3w-Wielkopolski-596813284073664\/"]}]}},"_links":{"self":[{"href":"https:\/\/kuzniaostrow.pl\/index.php\/wp-json\/wp\/v2\/pages\/3511","targetHints":{"allow":["GET"]}}],"collection":[{"href":"https:\/\/kuzniaostrow.pl\/index.php\/wp-json\/wp\/v2\/pages"}],"about":[{"href":"https:\/\/kuzniaostrow.pl\/index.php\/wp-json\/wp\/v2\/types\/page"}],"author":[{"embeddable":true,"href":"https:\/\/kuzniaostrow.pl\/index.php\/wp-json\/wp\/v2\/users\/4"}],"replies":[{"embeddable":true,"href":"https:\/\/kuzniaostrow.pl\/index.php\/wp-json\/wp\/v2\/comments?post=3511"}],"version-history":[{"count":3,"href":"https:\/\/kuzniaostrow.pl\/index.php\/wp-json\/wp\/v2\/pages\/3511\/revisions"}],"predecessor-version":[{"id":3584,"href":"https:\/\/kuzniaostrow.pl\/index.php\/wp-json\/wp\/v2\/pages\/3511\/revisions\/3584"}],"wp:attachment":[{"href":"https:\/\/kuzniaostrow.pl\/index.php\/wp-json\/wp\/v2\/media?parent=3511"}],"wp:term":[{"taxonomy":"category","embeddable":true,"href":"https:\/\/kuzniaostrow.pl\/index.php\/wp-json\/wp\/v2\/categories?post=3511"},{"taxonomy":"post_tag","embeddable":true,"href":"https:\/\/kuzniaostrow.pl\/index.php\/wp-json\/wp\/v2\/tags?post=3511"}],"curies":[{"name":"wp","href":"https:\/\/api.w.org\/{rel}","templated":true}]}}