{"id":3531,"date":"2019-01-23T12:57:32","date_gmt":"2019-01-23T11:57:32","guid":{"rendered":"http:\/\/kuzniaostrow.pl\/?page_id=3531"},"modified":"2019-01-28T02:01:54","modified_gmt":"2019-01-28T01:01:54","slug":"certifications","status":"publish","type":"page","link":"https:\/\/kuzniaostrow.pl\/index.php\/en\/certifications\/","title":{"rendered":"Certifications"},"content":{"rendered":"<div>Ku\u017ania Ostr\u00f3w Wielkopolski Sp. z o.o. owns numerous certificates of recognition as well as industrial authorizations and approvals from Polish and International organizations certifying in area of research and development, such as PKP Cargo,\u00a0 SLV or DB.<\/div>\n<div>\n<div style=\"width: 215px\" class=\"wp-caption alignleft\"><a href=\"http:\/\/kuzniaostrow.pl\/wp-content\/uploads\/2018\/12\/ISO-9001-2015.pdf\"><img loading=\"lazy\" decoding=\"async\" src=\"http:\/\/kuzniaostrow.pl\/wp-content\/uploads\/2018\/12\/ISO-9001-2015-page-001.jpg\" alt=\"ISO 9001 2015\" width=\"205\" height=\"290\" \/><\/a><p class=\"wp-caption-text\">ISO 9001 2015<\/p><\/div>\n<\/div>\n<div>\n<div style=\"width: 215px\" class=\"wp-caption alignleft\"><a href=\"http:\/\/kuzniaostrow.pl\/wp-content\/uploads\/2018\/12\/PED-odkuwki-ci\u015bnieniowe.pdf\"><img loading=\"lazy\" decoding=\"async\" src=\"http:\/\/kuzniaostrow.pl\/wp-content\/uploads\/2018\/12\/PED-odkuwki-ci\u015bnieniowe-page-001-212x300.jpg\" alt=\"ISO 9001 2015\" width=\"205\" height=\"290\" \/><\/a><p class=\"wp-caption-text\">PED Odkuwki ci\u015bnieniowe<\/p><\/div>\n<\/div>\n<div>\n<div style=\"width: 215px\" class=\"wp-caption alignleft\"><a href=\"http:\/\/kuzniaostrow.pl\/wp-content\/uploads\/2018\/12\/PKP-Cargo.pdf\"><img loading=\"lazy\" decoding=\"async\" src=\"http:\/\/kuzniaostrow.pl\/wp-content\/uploads\/2018\/12\/PKP-Cargo-page-001-212x300.jpg\" alt=\"ISO 9001 2015\" width=\"205\" height=\"290\" \/><\/a><p class=\"wp-caption-text\">PKP Cargo<\/p><\/div>\n<\/div>\n<div>\n<div style=\"width: 215px\" class=\"wp-caption alignleft\"><a href=\"http:\/\/kuzniaostrow.pl\/wp-content\/uploads\/2018\/12\/DB.pdf\"><img loading=\"lazy\" decoding=\"async\" src=\"http:\/\/kuzniaostrow.pl\/wp-content\/uploads\/2018\/12\/DB-page-001-212x300.jpg\" alt=\"ISO 9001 2015\" width=\"205\" height=\"290\" \/><\/a><p class=\"wp-caption-text\">DB<\/p><\/div>\n<\/div>\n<div>\n<div style=\"width: 215px\" class=\"wp-caption alignleft\"><a href=\"http:\/\/kuzniaostrow.pl\/wp-content\/uploads\/2018\/12\/SLV.pdf\"><img loading=\"lazy\" decoding=\"async\" src=\"http:\/\/kuzniaostrow.pl\/wp-content\/uploads\/2018\/12\/SLV-page-001-212x300.jpg\" alt=\"ISO 9001 2015\" width=\"205\" height=\"290\" \/><\/a><p class=\"wp-caption-text\">SLV<\/p><\/div>\n<\/div>\n","protected":false},"excerpt":{"rendered":"<p>Ku\u017ania Ostr\u00f3w Wielkopolski Sp. z o.o. owns numerous certificates of recognition as well as industrial authorizations and approvals from Polish and International organizations certifying in area of research and development, such as PKP Cargo,\u00a0 SLV or DB.<\/p>\n","protected":false},"author":4,"featured_media":0,"parent":0,"menu_order":0,"comment_status":"closed","ping_status":"closed","template":"","meta":{"ngg_post_thumbnail":0,"footnotes":""},"categories":[85],"tags":[],"class_list":["post-3531","page","type-page","status-publish","hentry","category-quality"],"yoast_head":"<!-- This site is optimized with the Yoast SEO plugin v26.9 - https:\/\/yoast.com\/product\/yoast-seo-wordpress\/ -->\n<title>Certifications - Ku\u017ania Ostr\u00f3w Wielkopolski sp. z o.o.<\/title>\n<meta name=\"robots\" content=\"index, follow, max-snippet:-1, max-image-preview:large, max-video-preview:-1\" \/>\n<link rel=\"canonical\" href=\"https:\/\/kuzniaostrow.pl\/index.php\/en\/certifications\/\" \/>\n<meta property=\"og:locale\" content=\"pl_PL\" \/>\n<meta property=\"og:type\" content=\"article\" \/>\n<meta property=\"og:title\" content=\"Certifications - Ku\u017ania Ostr\u00f3w Wielkopolski sp. z o.o.\" \/>\n<meta property=\"og:description\" content=\"Ku\u017ania Ostr\u00f3w Wielkopolski Sp. z o.o. owns numerous certificates of recognition as well as industrial authorizations and approvals from Polish and International organizations certifying in area of research and development, such as PKP Cargo,\u00a0 SLV or DB.\" \/>\n<meta property=\"og:url\" content=\"https:\/\/kuzniaostrow.pl\/index.php\/en\/certifications\/\" \/>\n<meta property=\"og:site_name\" content=\"Ku\u017ania Ostr\u00f3w Wielkopolski sp. z o.o.\" \/>\n<meta property=\"article:publisher\" content=\"https:\/\/www.facebook.com\/Ku%c5%bania-Ostr%c3%b3w-Wielkopolski-596813284073664\/\" \/>\n<meta property=\"article:modified_time\" content=\"2019-01-28T01:01:54+00:00\" \/>\n<meta property=\"og:image\" content=\"http:\/\/kuzniaostrow.pl\/wp-content\/uploads\/2018\/12\/ISO-9001-2015-page-001.jpg\" \/>\n<meta name=\"twitter:card\" content=\"summary_large_image\" \/>\n<script type=\"application\/ld+json\" class=\"yoast-schema-graph\">{\"@context\":\"https:\/\/schema.org\",\"@graph\":[{\"@type\":\"WebPage\",\"@id\":\"https:\/\/kuzniaostrow.pl\/index.php\/en\/certifications\/\",\"url\":\"https:\/\/kuzniaostrow.pl\/index.php\/en\/certifications\/\",\"name\":\"Certifications - Ku\u017ania Ostr\u00f3w Wielkopolski sp. z o.o.\",\"isPartOf\":{\"@id\":\"https:\/\/kuzniaostrow.pl\/#website\"},\"primaryImageOfPage\":{\"@id\":\"https:\/\/kuzniaostrow.pl\/index.php\/en\/certifications\/#primaryimage\"},\"image\":{\"@id\":\"https:\/\/kuzniaostrow.pl\/index.php\/en\/certifications\/#primaryimage\"},\"thumbnailUrl\":\"http:\/\/kuzniaostrow.pl\/wp-content\/uploads\/2018\/12\/ISO-9001-2015-page-001.jpg\",\"datePublished\":\"2019-01-23T11:57:32+00:00\",\"dateModified\":\"2019-01-28T01:01:54+00:00\",\"breadcrumb\":{\"@id\":\"https:\/\/kuzniaostrow.pl\/index.php\/en\/certifications\/#breadcrumb\"},\"inLanguage\":\"pl-PL\",\"potentialAction\":[{\"@type\":\"ReadAction\",\"target\":[\"https:\/\/kuzniaostrow.pl\/index.php\/en\/certifications\/\"]}]},{\"@type\":\"ImageObject\",\"inLanguage\":\"pl-PL\",\"@id\":\"https:\/\/kuzniaostrow.pl\/index.php\/en\/certifications\/#primaryimage\",\"url\":\"https:\/\/kuzniaostrow.pl\/wp-content\/uploads\/2018\/12\/ISO-9001-2015-page-001.jpg\",\"contentUrl\":\"https:\/\/kuzniaostrow.pl\/wp-content\/uploads\/2018\/12\/ISO-9001-2015-page-001.jpg\",\"width\":2481,\"height\":3508},{\"@type\":\"BreadcrumbList\",\"@id\":\"https:\/\/kuzniaostrow.pl\/index.php\/en\/certifications\/#breadcrumb\",\"itemListElement\":[{\"@type\":\"ListItem\",\"position\":1,\"name\":\"Strona g\u0142\u00f3wna\",\"item\":\"https:\/\/kuzniaostrow.pl\/\"},{\"@type\":\"ListItem\",\"position\":2,\"name\":\"Certifications\"}]},{\"@type\":\"WebSite\",\"@id\":\"https:\/\/kuzniaostrow.pl\/#website\",\"url\":\"https:\/\/kuzniaostrow.pl\/\",\"name\":\"Ku\u017ania Ostr\u00f3w Wielkopolski sp. z o.o.\",\"description\":\"producent wyrob\u00f3w kutych\",\"publisher\":{\"@id\":\"https:\/\/kuzniaostrow.pl\/#organization\"},\"potentialAction\":[{\"@type\":\"SearchAction\",\"target\":{\"@type\":\"EntryPoint\",\"urlTemplate\":\"https:\/\/kuzniaostrow.pl\/?s={search_term_string}\"},\"query-input\":{\"@type\":\"PropertyValueSpecification\",\"valueRequired\":true,\"valueName\":\"search_term_string\"}}],\"inLanguage\":\"pl-PL\"},{\"@type\":\"Organization\",\"@id\":\"https:\/\/kuzniaostrow.pl\/#organization\",\"name\":\"Ku\u017ania Ostr\u00f3w Wielkopolski sp. z o.o.\",\"url\":\"https:\/\/kuzniaostrow.pl\/\",\"logo\":{\"@type\":\"ImageObject\",\"inLanguage\":\"pl-PL\",\"@id\":\"https:\/\/kuzniaostrow.pl\/#\/schema\/logo\/image\/\",\"url\":\"https:\/\/kuzniaostrow.pl\/wp-content\/uploads\/2018\/12\/kowwplogo.png\",\"contentUrl\":\"https:\/\/kuzniaostrow.pl\/wp-content\/uploads\/2018\/12\/kowwplogo.png\",\"width\":512,\"height\":110,\"caption\":\"Ku\u017ania Ostr\u00f3w Wielkopolski sp. z o.o.\"},\"image\":{\"@id\":\"https:\/\/kuzniaostrow.pl\/#\/schema\/logo\/image\/\"},\"sameAs\":[\"https:\/\/www.facebook.com\/Ku\u017ania-Ostr\u00f3w-Wielkopolski-596813284073664\/\"]}]}<\/script>\n<!-- \/ Yoast SEO plugin. -->","yoast_head_json":{"title":"Certifications - Ku\u017ania Ostr\u00f3w Wielkopolski sp. z o.o.","robots":{"index":"index","follow":"follow","max-snippet":"max-snippet:-1","max-image-preview":"max-image-preview:large","max-video-preview":"max-video-preview:-1"},"canonical":"https:\/\/kuzniaostrow.pl\/index.php\/en\/certifications\/","og_locale":"pl_PL","og_type":"article","og_title":"Certifications - Ku\u017ania Ostr\u00f3w Wielkopolski sp. z o.o.","og_description":"Ku\u017ania Ostr\u00f3w Wielkopolski Sp. z o.o. owns numerous certificates of recognition as well as industrial authorizations and approvals from Polish and International organizations certifying in area of research and development, such as PKP Cargo,\u00a0 SLV or DB.","og_url":"https:\/\/kuzniaostrow.pl\/index.php\/en\/certifications\/","og_site_name":"Ku\u017ania Ostr\u00f3w Wielkopolski sp. z o.o.","article_publisher":"https:\/\/www.facebook.com\/Ku%c5%bania-Ostr%c3%b3w-Wielkopolski-596813284073664\/","article_modified_time":"2019-01-28T01:01:54+00:00","og_image":[{"url":"http:\/\/kuzniaostrow.pl\/wp-content\/uploads\/2018\/12\/ISO-9001-2015-page-001.jpg","type":"","width":"","height":""}],"twitter_card":"summary_large_image","schema":{"@context":"https:\/\/schema.org","@graph":[{"@type":"WebPage","@id":"https:\/\/kuzniaostrow.pl\/index.php\/en\/certifications\/","url":"https:\/\/kuzniaostrow.pl\/index.php\/en\/certifications\/","name":"Certifications - Ku\u017ania Ostr\u00f3w Wielkopolski sp. z o.o.","isPartOf":{"@id":"https:\/\/kuzniaostrow.pl\/#website"},"primaryImageOfPage":{"@id":"https:\/\/kuzniaostrow.pl\/index.php\/en\/certifications\/#primaryimage"},"image":{"@id":"https:\/\/kuzniaostrow.pl\/index.php\/en\/certifications\/#primaryimage"},"thumbnailUrl":"http:\/\/kuzniaostrow.pl\/wp-content\/uploads\/2018\/12\/ISO-9001-2015-page-001.jpg","datePublished":"2019-01-23T11:57:32+00:00","dateModified":"2019-01-28T01:01:54+00:00","breadcrumb":{"@id":"https:\/\/kuzniaostrow.pl\/index.php\/en\/certifications\/#breadcrumb"},"inLanguage":"pl-PL","potentialAction":[{"@type":"ReadAction","target":["https:\/\/kuzniaostrow.pl\/index.php\/en\/certifications\/"]}]},{"@type":"ImageObject","inLanguage":"pl-PL","@id":"https:\/\/kuzniaostrow.pl\/index.php\/en\/certifications\/#primaryimage","url":"https:\/\/kuzniaostrow.pl\/wp-content\/uploads\/2018\/12\/ISO-9001-2015-page-001.jpg","contentUrl":"https:\/\/kuzniaostrow.pl\/wp-content\/uploads\/2018\/12\/ISO-9001-2015-page-001.jpg","width":2481,"height":3508},{"@type":"BreadcrumbList","@id":"https:\/\/kuzniaostrow.pl\/index.php\/en\/certifications\/#breadcrumb","itemListElement":[{"@type":"ListItem","position":1,"name":"Strona g\u0142\u00f3wna","item":"https:\/\/kuzniaostrow.pl\/"},{"@type":"ListItem","position":2,"name":"Certifications"}]},{"@type":"WebSite","@id":"https:\/\/kuzniaostrow.pl\/#website","url":"https:\/\/kuzniaostrow.pl\/","name":"Ku\u017ania Ostr\u00f3w Wielkopolski sp. z o.o.","description":"producent wyrob\u00f3w kutych","publisher":{"@id":"https:\/\/kuzniaostrow.pl\/#organization"},"potentialAction":[{"@type":"SearchAction","target":{"@type":"EntryPoint","urlTemplate":"https:\/\/kuzniaostrow.pl\/?s={search_term_string}"},"query-input":{"@type":"PropertyValueSpecification","valueRequired":true,"valueName":"search_term_string"}}],"inLanguage":"pl-PL"},{"@type":"Organization","@id":"https:\/\/kuzniaostrow.pl\/#organization","name":"Ku\u017ania Ostr\u00f3w Wielkopolski sp. z o.o.","url":"https:\/\/kuzniaostrow.pl\/","logo":{"@type":"ImageObject","inLanguage":"pl-PL","@id":"https:\/\/kuzniaostrow.pl\/#\/schema\/logo\/image\/","url":"https:\/\/kuzniaostrow.pl\/wp-content\/uploads\/2018\/12\/kowwplogo.png","contentUrl":"https:\/\/kuzniaostrow.pl\/wp-content\/uploads\/2018\/12\/kowwplogo.png","width":512,"height":110,"caption":"Ku\u017ania Ostr\u00f3w Wielkopolski sp. z o.o."},"image":{"@id":"https:\/\/kuzniaostrow.pl\/#\/schema\/logo\/image\/"},"sameAs":["https:\/\/www.facebook.com\/Ku\u017ania-Ostr\u00f3w-Wielkopolski-596813284073664\/"]}]}},"_links":{"self":[{"href":"https:\/\/kuzniaostrow.pl\/index.php\/wp-json\/wp\/v2\/pages\/3531","targetHints":{"allow":["GET"]}}],"collection":[{"href":"https:\/\/kuzniaostrow.pl\/index.php\/wp-json\/wp\/v2\/pages"}],"about":[{"href":"https:\/\/kuzniaostrow.pl\/index.php\/wp-json\/wp\/v2\/types\/page"}],"author":[{"embeddable":true,"href":"https:\/\/kuzniaostrow.pl\/index.php\/wp-json\/wp\/v2\/users\/4"}],"replies":[{"embeddable":true,"href":"https:\/\/kuzniaostrow.pl\/index.php\/wp-json\/wp\/v2\/comments?post=3531"}],"version-history":[{"count":1,"href":"https:\/\/kuzniaostrow.pl\/index.php\/wp-json\/wp\/v2\/pages\/3531\/revisions"}],"predecessor-version":[{"id":3537,"href":"https:\/\/kuzniaostrow.pl\/index.php\/wp-json\/wp\/v2\/pages\/3531\/revisions\/3537"}],"wp:attachment":[{"href":"https:\/\/kuzniaostrow.pl\/index.php\/wp-json\/wp\/v2\/media?parent=3531"}],"wp:term":[{"taxonomy":"category","embeddable":true,"href":"https:\/\/kuzniaostrow.pl\/index.php\/wp-json\/wp\/v2\/categories?post=3531"},{"taxonomy":"post_tag","embeddable":true,"href":"https:\/\/kuzniaostrow.pl\/index.php\/wp-json\/wp\/v2\/tags?post=3531"}],"curies":[{"name":"wp","href":"https:\/\/api.w.org\/{rel}","templated":true}]}}