{"id":468,"date":"2019-01-11T12:30:07","date_gmt":"2019-01-11T11:30:07","guid":{"rendered":"http:\/\/kuzniaostrow.pl\/?page_id=468"},"modified":"2019-01-28T13:04:59","modified_gmt":"2019-01-28T12:04:59","slug":"unternehmensbeschreibung","status":"publish","type":"page","link":"https:\/\/kuzniaostrow.pl\/index.php\/de\/unternehmensbeschreibung\/","title":{"rendered":"Unternehmensbeschreibung"},"content":{"rendered":"<p><img loading=\"lazy\" decoding=\"async\" class=\"size-full wp-image-253 alignleft\" src=\"http:\/\/kuzniaostrow.pl\/wp-content\/uploads\/2018\/12\/kow-z-gory.png\" alt=\"\" width=\"246\" height=\"179\" \/>Ku\u017ania Ostr\u00f3w Wielkopolski Sp. z o.o. bietet breiten Auswahl von Gesenkschmiedeteilen von 0,5 bis 60 kg sowie freif\u00f6rmige Schmiedeteile bis 1 Tonne an.<\/p>\n<p>Wir sind ein f\u00fchrender Hersteller von Komponenten und Untergruppen f\u00fcr Schmiedefahrzeuge, wie Schraubenkupplungen, Zughaken, Zugstangen, Zugeinrichtungen, Bremsdreiecken usw.<\/p>\n<p>Au\u00dferdem bieten wir unseren Kunden auch die Aufarbeitung und Reparatur von Eisenbahnkomponenten, wie Blattfeder, Schraubenkupplungen, Zughaken usw. an.<\/p>\n<p>Vielj\u00e4hrige Erfahrung in der Branche, breite technische Ausr\u00fcstung und hoch qualifizierter Personal garantieren unseren Kunden die h\u00f6chste Qualit\u00e4t unserer Produkte und Dienstleistungen sowie allseitige Bedienung.<\/p>\n","protected":false},"excerpt":{"rendered":"<p>Ku\u017ania Ostr\u00f3w Wielkopolski Sp. z o.o. bietet breiten Auswahl von Gesenkschmiedeteilen von 0,5 bis 60 kg sowie freif\u00f6rmige Schmiedeteile bis 1 Tonne an. Wir sind ein f\u00fchrender Hersteller von Komponenten und Untergruppen f\u00fcr Schmiedefahrzeuge, wie Schraubenkupplungen, Zughaken, Zugstangen, Zugeinrichtungen, Bremsdreiecken usw. Au\u00dferdem bieten wir unseren Kunden auch die Aufarbeitung und Reparatur von Eisenbahnkomponenten, wie Blattfeder, Schraubenkupplungen, Zughaken usw. an. Vielj\u00e4hrige Erfahrung in der Branche, breite technische Ausr\u00fcstung und hoch qualifizierter Personal garantieren unseren Kunden die h\u00f6chste Qualit\u00e4t unserer Produkte und Dienstleistungen sowie allseitige Bedienung.<\/p>\n","protected":false},"author":1,"featured_media":0,"parent":0,"menu_order":0,"comment_status":"closed","ping_status":"closed","template":"","meta":{"ngg_post_thumbnail":0,"footnotes":""},"categories":[95],"tags":[],"class_list":["post-468","page","type-page","status-publish","hentry","category-ueber-uns"],"yoast_head":"<!-- This site is optimized with the Yoast SEO plugin v26.9 - https:\/\/yoast.com\/product\/yoast-seo-wordpress\/ -->\n<title>Unternehmensbeschreibung - Ku\u017ania Ostr\u00f3w Wielkopolski sp. z o.o.<\/title>\n<meta name=\"robots\" content=\"index, follow, max-snippet:-1, max-image-preview:large, max-video-preview:-1\" \/>\n<link rel=\"canonical\" href=\"https:\/\/kuzniaostrow.pl\/index.php\/de\/unternehmensbeschreibung\/\" \/>\n<meta property=\"og:locale\" content=\"pl_PL\" \/>\n<meta property=\"og:type\" content=\"article\" \/>\n<meta property=\"og:title\" content=\"Unternehmensbeschreibung - Ku\u017ania Ostr\u00f3w Wielkopolski sp. z o.o.\" \/>\n<meta property=\"og:description\" content=\"Ku\u017ania Ostr\u00f3w Wielkopolski Sp. z o.o. bietet breiten Auswahl von Gesenkschmiedeteilen von 0,5 bis 60 kg sowie freif\u00f6rmige Schmiedeteile bis 1 Tonne an. Wir sind ein f\u00fchrender Hersteller von Komponenten und Untergruppen f\u00fcr Schmiedefahrzeuge, wie Schraubenkupplungen, Zughaken, Zugstangen, Zugeinrichtungen, Bremsdreiecken usw. Au\u00dferdem bieten wir unseren Kunden auch die Aufarbeitung und Reparatur von Eisenbahnkomponenten, wie Blattfeder, Schraubenkupplungen, Zughaken usw. an. Vielj\u00e4hrige Erfahrung in der Branche, breite technische Ausr\u00fcstung und hoch qualifizierter Personal garantieren unseren Kunden die h\u00f6chste Qualit\u00e4t unserer Produkte und Dienstleistungen sowie allseitige Bedienung.\" \/>\n<meta property=\"og:url\" content=\"https:\/\/kuzniaostrow.pl\/index.php\/de\/unternehmensbeschreibung\/\" \/>\n<meta property=\"og:site_name\" content=\"Ku\u017ania Ostr\u00f3w Wielkopolski sp. z o.o.\" \/>\n<meta property=\"article:publisher\" content=\"https:\/\/www.facebook.com\/Ku%c5%bania-Ostr%c3%b3w-Wielkopolski-596813284073664\/\" \/>\n<meta property=\"article:modified_time\" content=\"2019-01-28T12:04:59+00:00\" \/>\n<meta property=\"og:image\" content=\"http:\/\/kuzniaostrow.pl\/wp-content\/uploads\/2018\/12\/kow-z-gory.png\" \/>\n<meta name=\"twitter:card\" content=\"summary_large_image\" \/>\n<script type=\"application\/ld+json\" class=\"yoast-schema-graph\">{\"@context\":\"https:\/\/schema.org\",\"@graph\":[{\"@type\":\"WebPage\",\"@id\":\"https:\/\/kuzniaostrow.pl\/index.php\/de\/unternehmensbeschreibung\/\",\"url\":\"https:\/\/kuzniaostrow.pl\/index.php\/de\/unternehmensbeschreibung\/\",\"name\":\"Unternehmensbeschreibung - Ku\u017ania Ostr\u00f3w Wielkopolski sp. z o.o.\",\"isPartOf\":{\"@id\":\"https:\/\/kuzniaostrow.pl\/#website\"},\"primaryImageOfPage\":{\"@id\":\"https:\/\/kuzniaostrow.pl\/index.php\/de\/unternehmensbeschreibung\/#primaryimage\"},\"image\":{\"@id\":\"https:\/\/kuzniaostrow.pl\/index.php\/de\/unternehmensbeschreibung\/#primaryimage\"},\"thumbnailUrl\":\"http:\/\/kuzniaostrow.pl\/wp-content\/uploads\/2018\/12\/kow-z-gory.png\",\"datePublished\":\"2019-01-11T11:30:07+00:00\",\"dateModified\":\"2019-01-28T12:04:59+00:00\",\"breadcrumb\":{\"@id\":\"https:\/\/kuzniaostrow.pl\/index.php\/de\/unternehmensbeschreibung\/#breadcrumb\"},\"inLanguage\":\"pl-PL\",\"potentialAction\":[{\"@type\":\"ReadAction\",\"target\":[\"https:\/\/kuzniaostrow.pl\/index.php\/de\/unternehmensbeschreibung\/\"]}]},{\"@type\":\"ImageObject\",\"inLanguage\":\"pl-PL\",\"@id\":\"https:\/\/kuzniaostrow.pl\/index.php\/de\/unternehmensbeschreibung\/#primaryimage\",\"url\":\"https:\/\/kuzniaostrow.pl\/wp-content\/uploads\/2018\/12\/kow-z-gory.png\",\"contentUrl\":\"https:\/\/kuzniaostrow.pl\/wp-content\/uploads\/2018\/12\/kow-z-gory.png\",\"width\":246,\"height\":179},{\"@type\":\"BreadcrumbList\",\"@id\":\"https:\/\/kuzniaostrow.pl\/index.php\/de\/unternehmensbeschreibung\/#breadcrumb\",\"itemListElement\":[{\"@type\":\"ListItem\",\"position\":1,\"name\":\"Strona g\u0142\u00f3wna\",\"item\":\"https:\/\/kuzniaostrow.pl\/\"},{\"@type\":\"ListItem\",\"position\":2,\"name\":\"Unternehmensbeschreibung\"}]},{\"@type\":\"WebSite\",\"@id\":\"https:\/\/kuzniaostrow.pl\/#website\",\"url\":\"https:\/\/kuzniaostrow.pl\/\",\"name\":\"Ku\u017ania Ostr\u00f3w Wielkopolski sp. z o.o.\",\"description\":\"producent wyrob\u00f3w kutych\",\"publisher\":{\"@id\":\"https:\/\/kuzniaostrow.pl\/#organization\"},\"potentialAction\":[{\"@type\":\"SearchAction\",\"target\":{\"@type\":\"EntryPoint\",\"urlTemplate\":\"https:\/\/kuzniaostrow.pl\/?s={search_term_string}\"},\"query-input\":{\"@type\":\"PropertyValueSpecification\",\"valueRequired\":true,\"valueName\":\"search_term_string\"}}],\"inLanguage\":\"pl-PL\"},{\"@type\":\"Organization\",\"@id\":\"https:\/\/kuzniaostrow.pl\/#organization\",\"name\":\"Ku\u017ania Ostr\u00f3w Wielkopolski sp. z o.o.\",\"url\":\"https:\/\/kuzniaostrow.pl\/\",\"logo\":{\"@type\":\"ImageObject\",\"inLanguage\":\"pl-PL\",\"@id\":\"https:\/\/kuzniaostrow.pl\/#\/schema\/logo\/image\/\",\"url\":\"https:\/\/kuzniaostrow.pl\/wp-content\/uploads\/2018\/12\/kowwplogo.png\",\"contentUrl\":\"https:\/\/kuzniaostrow.pl\/wp-content\/uploads\/2018\/12\/kowwplogo.png\",\"width\":512,\"height\":110,\"caption\":\"Ku\u017ania Ostr\u00f3w Wielkopolski sp. z o.o.\"},\"image\":{\"@id\":\"https:\/\/kuzniaostrow.pl\/#\/schema\/logo\/image\/\"},\"sameAs\":[\"https:\/\/www.facebook.com\/Ku\u017ania-Ostr\u00f3w-Wielkopolski-596813284073664\/\"]}]}<\/script>\n<!-- \/ Yoast SEO plugin. -->","yoast_head_json":{"title":"Unternehmensbeschreibung - Ku\u017ania Ostr\u00f3w Wielkopolski sp. z o.o.","robots":{"index":"index","follow":"follow","max-snippet":"max-snippet:-1","max-image-preview":"max-image-preview:large","max-video-preview":"max-video-preview:-1"},"canonical":"https:\/\/kuzniaostrow.pl\/index.php\/de\/unternehmensbeschreibung\/","og_locale":"pl_PL","og_type":"article","og_title":"Unternehmensbeschreibung - Ku\u017ania Ostr\u00f3w Wielkopolski sp. z o.o.","og_description":"Ku\u017ania Ostr\u00f3w Wielkopolski Sp. z o.o. bietet breiten Auswahl von Gesenkschmiedeteilen von 0,5 bis 60 kg sowie freif\u00f6rmige Schmiedeteile bis 1 Tonne an. Wir sind ein f\u00fchrender Hersteller von Komponenten und Untergruppen f\u00fcr Schmiedefahrzeuge, wie Schraubenkupplungen, Zughaken, Zugstangen, Zugeinrichtungen, Bremsdreiecken usw. Au\u00dferdem bieten wir unseren Kunden auch die Aufarbeitung und Reparatur von Eisenbahnkomponenten, wie Blattfeder, Schraubenkupplungen, Zughaken usw. an. Vielj\u00e4hrige Erfahrung in der Branche, breite technische Ausr\u00fcstung und hoch qualifizierter Personal garantieren unseren Kunden die h\u00f6chste Qualit\u00e4t unserer Produkte und Dienstleistungen sowie allseitige Bedienung.","og_url":"https:\/\/kuzniaostrow.pl\/index.php\/de\/unternehmensbeschreibung\/","og_site_name":"Ku\u017ania Ostr\u00f3w Wielkopolski sp. z o.o.","article_publisher":"https:\/\/www.facebook.com\/Ku%c5%bania-Ostr%c3%b3w-Wielkopolski-596813284073664\/","article_modified_time":"2019-01-28T12:04:59+00:00","og_image":[{"url":"http:\/\/kuzniaostrow.pl\/wp-content\/uploads\/2018\/12\/kow-z-gory.png","type":"","width":"","height":""}],"twitter_card":"summary_large_image","schema":{"@context":"https:\/\/schema.org","@graph":[{"@type":"WebPage","@id":"https:\/\/kuzniaostrow.pl\/index.php\/de\/unternehmensbeschreibung\/","url":"https:\/\/kuzniaostrow.pl\/index.php\/de\/unternehmensbeschreibung\/","name":"Unternehmensbeschreibung - Ku\u017ania Ostr\u00f3w Wielkopolski sp. z o.o.","isPartOf":{"@id":"https:\/\/kuzniaostrow.pl\/#website"},"primaryImageOfPage":{"@id":"https:\/\/kuzniaostrow.pl\/index.php\/de\/unternehmensbeschreibung\/#primaryimage"},"image":{"@id":"https:\/\/kuzniaostrow.pl\/index.php\/de\/unternehmensbeschreibung\/#primaryimage"},"thumbnailUrl":"http:\/\/kuzniaostrow.pl\/wp-content\/uploads\/2018\/12\/kow-z-gory.png","datePublished":"2019-01-11T11:30:07+00:00","dateModified":"2019-01-28T12:04:59+00:00","breadcrumb":{"@id":"https:\/\/kuzniaostrow.pl\/index.php\/de\/unternehmensbeschreibung\/#breadcrumb"},"inLanguage":"pl-PL","potentialAction":[{"@type":"ReadAction","target":["https:\/\/kuzniaostrow.pl\/index.php\/de\/unternehmensbeschreibung\/"]}]},{"@type":"ImageObject","inLanguage":"pl-PL","@id":"https:\/\/kuzniaostrow.pl\/index.php\/de\/unternehmensbeschreibung\/#primaryimage","url":"https:\/\/kuzniaostrow.pl\/wp-content\/uploads\/2018\/12\/kow-z-gory.png","contentUrl":"https:\/\/kuzniaostrow.pl\/wp-content\/uploads\/2018\/12\/kow-z-gory.png","width":246,"height":179},{"@type":"BreadcrumbList","@id":"https:\/\/kuzniaostrow.pl\/index.php\/de\/unternehmensbeschreibung\/#breadcrumb","itemListElement":[{"@type":"ListItem","position":1,"name":"Strona g\u0142\u00f3wna","item":"https:\/\/kuzniaostrow.pl\/"},{"@type":"ListItem","position":2,"name":"Unternehmensbeschreibung"}]},{"@type":"WebSite","@id":"https:\/\/kuzniaostrow.pl\/#website","url":"https:\/\/kuzniaostrow.pl\/","name":"Ku\u017ania Ostr\u00f3w Wielkopolski sp. z o.o.","description":"producent wyrob\u00f3w kutych","publisher":{"@id":"https:\/\/kuzniaostrow.pl\/#organization"},"potentialAction":[{"@type":"SearchAction","target":{"@type":"EntryPoint","urlTemplate":"https:\/\/kuzniaostrow.pl\/?s={search_term_string}"},"query-input":{"@type":"PropertyValueSpecification","valueRequired":true,"valueName":"search_term_string"}}],"inLanguage":"pl-PL"},{"@type":"Organization","@id":"https:\/\/kuzniaostrow.pl\/#organization","name":"Ku\u017ania Ostr\u00f3w Wielkopolski sp. z o.o.","url":"https:\/\/kuzniaostrow.pl\/","logo":{"@type":"ImageObject","inLanguage":"pl-PL","@id":"https:\/\/kuzniaostrow.pl\/#\/schema\/logo\/image\/","url":"https:\/\/kuzniaostrow.pl\/wp-content\/uploads\/2018\/12\/kowwplogo.png","contentUrl":"https:\/\/kuzniaostrow.pl\/wp-content\/uploads\/2018\/12\/kowwplogo.png","width":512,"height":110,"caption":"Ku\u017ania Ostr\u00f3w Wielkopolski sp. z o.o."},"image":{"@id":"https:\/\/kuzniaostrow.pl\/#\/schema\/logo\/image\/"},"sameAs":["https:\/\/www.facebook.com\/Ku\u017ania-Ostr\u00f3w-Wielkopolski-596813284073664\/"]}]}},"_links":{"self":[{"href":"https:\/\/kuzniaostrow.pl\/index.php\/wp-json\/wp\/v2\/pages\/468","targetHints":{"allow":["GET"]}}],"collection":[{"href":"https:\/\/kuzniaostrow.pl\/index.php\/wp-json\/wp\/v2\/pages"}],"about":[{"href":"https:\/\/kuzniaostrow.pl\/index.php\/wp-json\/wp\/v2\/types\/page"}],"author":[{"embeddable":true,"href":"https:\/\/kuzniaostrow.pl\/index.php\/wp-json\/wp\/v2\/users\/1"}],"replies":[{"embeddable":true,"href":"https:\/\/kuzniaostrow.pl\/index.php\/wp-json\/wp\/v2\/comments?post=468"}],"version-history":[{"count":4,"href":"https:\/\/kuzniaostrow.pl\/index.php\/wp-json\/wp\/v2\/pages\/468\/revisions"}],"predecessor-version":[{"id":3669,"href":"https:\/\/kuzniaostrow.pl\/index.php\/wp-json\/wp\/v2\/pages\/468\/revisions\/3669"}],"wp:attachment":[{"href":"https:\/\/kuzniaostrow.pl\/index.php\/wp-json\/wp\/v2\/media?parent=468"}],"wp:term":[{"taxonomy":"category","embeddable":true,"href":"https:\/\/kuzniaostrow.pl\/index.php\/wp-json\/wp\/v2\/categories?post=468"},{"taxonomy":"post_tag","embeddable":true,"href":"https:\/\/kuzniaostrow.pl\/index.php\/wp-json\/wp\/v2\/tags?post=468"}],"curies":[{"name":"wp","href":"https:\/\/api.w.org\/{rel}","templated":true}]}}