{"id":484,"date":"2019-01-12T07:37:50","date_gmt":"2019-01-12T06:37:50","guid":{"rendered":"http:\/\/kuzniaostrow.pl\/?page_id=484"},"modified":"2025-01-08T22:08:19","modified_gmt":"2025-01-08T21:08:19","slug":"verkaufsabteilung","status":"publish","type":"page","link":"https:\/\/kuzniaostrow.pl\/index.php\/de\/verkaufsabteilung\/","title":{"rendered":"Buchhaltungsabteilung"},"content":{"rendered":"<p>Telefonnummer:<br \/>\n+48 62 737 68 14<\/p>\n<p>dzialksiegowosci@kuzniaostrow.pl<\/p>\n","protected":false},"excerpt":{"rendered":"<p>Telefonnummer: +48 62 737 68 14 dzialksiegowosci@kuzniaostrow.pl<\/p>\n","protected":false},"author":2,"featured_media":0,"parent":0,"menu_order":0,"comment_status":"closed","ping_status":"closed","template":"","meta":{"ngg_post_thumbnail":0,"footnotes":""},"categories":[148],"tags":[],"class_list":["post-484","page","type-page","status-publish","hentry","category-kontakt-de"],"yoast_head":"<!-- This site is optimized with the Yoast SEO plugin v26.9 - https:\/\/yoast.com\/product\/yoast-seo-wordpress\/ -->\n<title>Buchhaltungsabteilung - Ku\u017ania Ostr\u00f3w Wielkopolski sp. z o.o.<\/title>\n<meta name=\"robots\" content=\"index, follow, max-snippet:-1, max-image-preview:large, max-video-preview:-1\" \/>\n<link rel=\"canonical\" href=\"https:\/\/kuzniaostrow.pl\/index.php\/de\/verkaufsabteilung\/\" \/>\n<meta property=\"og:locale\" content=\"pl_PL\" \/>\n<meta property=\"og:type\" content=\"article\" \/>\n<meta property=\"og:title\" content=\"Buchhaltungsabteilung - Ku\u017ania Ostr\u00f3w Wielkopolski sp. z o.o.\" \/>\n<meta property=\"og:description\" content=\"Telefonnummer: +48 62 737 68 14 dzialksiegowosci@kuzniaostrow.pl\" \/>\n<meta property=\"og:url\" content=\"https:\/\/kuzniaostrow.pl\/index.php\/de\/verkaufsabteilung\/\" \/>\n<meta property=\"og:site_name\" content=\"Ku\u017ania Ostr\u00f3w Wielkopolski sp. z o.o.\" \/>\n<meta property=\"article:publisher\" content=\"https:\/\/www.facebook.com\/Ku%c5%bania-Ostr%c3%b3w-Wielkopolski-596813284073664\/\" \/>\n<meta property=\"article:modified_time\" content=\"2025-01-08T21:08:19+00:00\" \/>\n<meta name=\"twitter:card\" content=\"summary_large_image\" \/>\n<meta name=\"twitter:label1\" content=\"Szacowany czas czytania\" \/>\n\t<meta name=\"twitter:data1\" content=\"1 minuta\" \/>\n<script type=\"application\/ld+json\" class=\"yoast-schema-graph\">{\"@context\":\"https:\/\/schema.org\",\"@graph\":[{\"@type\":\"WebPage\",\"@id\":\"https:\/\/kuzniaostrow.pl\/index.php\/de\/verkaufsabteilung\/\",\"url\":\"https:\/\/kuzniaostrow.pl\/index.php\/de\/verkaufsabteilung\/\",\"name\":\"Buchhaltungsabteilung - Ku\u017ania Ostr\u00f3w Wielkopolski sp. z o.o.\",\"isPartOf\":{\"@id\":\"https:\/\/kuzniaostrow.pl\/#website\"},\"datePublished\":\"2019-01-12T06:37:50+00:00\",\"dateModified\":\"2025-01-08T21:08:19+00:00\",\"breadcrumb\":{\"@id\":\"https:\/\/kuzniaostrow.pl\/index.php\/de\/verkaufsabteilung\/#breadcrumb\"},\"inLanguage\":\"pl-PL\",\"potentialAction\":[{\"@type\":\"ReadAction\",\"target\":[\"https:\/\/kuzniaostrow.pl\/index.php\/de\/verkaufsabteilung\/\"]}]},{\"@type\":\"BreadcrumbList\",\"@id\":\"https:\/\/kuzniaostrow.pl\/index.php\/de\/verkaufsabteilung\/#breadcrumb\",\"itemListElement\":[{\"@type\":\"ListItem\",\"position\":1,\"name\":\"Strona g\u0142\u00f3wna\",\"item\":\"https:\/\/kuzniaostrow.pl\/\"},{\"@type\":\"ListItem\",\"position\":2,\"name\":\"Buchhaltungsabteilung\"}]},{\"@type\":\"WebSite\",\"@id\":\"https:\/\/kuzniaostrow.pl\/#website\",\"url\":\"https:\/\/kuzniaostrow.pl\/\",\"name\":\"Ku\u017ania Ostr\u00f3w Wielkopolski sp. z o.o.\",\"description\":\"producent wyrob\u00f3w kutych\",\"publisher\":{\"@id\":\"https:\/\/kuzniaostrow.pl\/#organization\"},\"potentialAction\":[{\"@type\":\"SearchAction\",\"target\":{\"@type\":\"EntryPoint\",\"urlTemplate\":\"https:\/\/kuzniaostrow.pl\/?s={search_term_string}\"},\"query-input\":{\"@type\":\"PropertyValueSpecification\",\"valueRequired\":true,\"valueName\":\"search_term_string\"}}],\"inLanguage\":\"pl-PL\"},{\"@type\":\"Organization\",\"@id\":\"https:\/\/kuzniaostrow.pl\/#organization\",\"name\":\"Ku\u017ania Ostr\u00f3w Wielkopolski sp. z o.o.\",\"url\":\"https:\/\/kuzniaostrow.pl\/\",\"logo\":{\"@type\":\"ImageObject\",\"inLanguage\":\"pl-PL\",\"@id\":\"https:\/\/kuzniaostrow.pl\/#\/schema\/logo\/image\/\",\"url\":\"https:\/\/kuzniaostrow.pl\/wp-content\/uploads\/2018\/12\/kowwplogo.png\",\"contentUrl\":\"https:\/\/kuzniaostrow.pl\/wp-content\/uploads\/2018\/12\/kowwplogo.png\",\"width\":512,\"height\":110,\"caption\":\"Ku\u017ania Ostr\u00f3w Wielkopolski sp. z o.o.\"},\"image\":{\"@id\":\"https:\/\/kuzniaostrow.pl\/#\/schema\/logo\/image\/\"},\"sameAs\":[\"https:\/\/www.facebook.com\/Ku\u017ania-Ostr\u00f3w-Wielkopolski-596813284073664\/\"]}]}<\/script>\n<!-- \/ Yoast SEO plugin. -->","yoast_head_json":{"title":"Buchhaltungsabteilung - Ku\u017ania Ostr\u00f3w Wielkopolski sp. z o.o.","robots":{"index":"index","follow":"follow","max-snippet":"max-snippet:-1","max-image-preview":"max-image-preview:large","max-video-preview":"max-video-preview:-1"},"canonical":"https:\/\/kuzniaostrow.pl\/index.php\/de\/verkaufsabteilung\/","og_locale":"pl_PL","og_type":"article","og_title":"Buchhaltungsabteilung - Ku\u017ania Ostr\u00f3w Wielkopolski sp. z o.o.","og_description":"Telefonnummer: +48 62 737 68 14 dzialksiegowosci@kuzniaostrow.pl","og_url":"https:\/\/kuzniaostrow.pl\/index.php\/de\/verkaufsabteilung\/","og_site_name":"Ku\u017ania Ostr\u00f3w Wielkopolski sp. z o.o.","article_publisher":"https:\/\/www.facebook.com\/Ku%c5%bania-Ostr%c3%b3w-Wielkopolski-596813284073664\/","article_modified_time":"2025-01-08T21:08:19+00:00","twitter_card":"summary_large_image","twitter_misc":{"Szacowany czas czytania":"1 minuta"},"schema":{"@context":"https:\/\/schema.org","@graph":[{"@type":"WebPage","@id":"https:\/\/kuzniaostrow.pl\/index.php\/de\/verkaufsabteilung\/","url":"https:\/\/kuzniaostrow.pl\/index.php\/de\/verkaufsabteilung\/","name":"Buchhaltungsabteilung - Ku\u017ania Ostr\u00f3w Wielkopolski sp. z o.o.","isPartOf":{"@id":"https:\/\/kuzniaostrow.pl\/#website"},"datePublished":"2019-01-12T06:37:50+00:00","dateModified":"2025-01-08T21:08:19+00:00","breadcrumb":{"@id":"https:\/\/kuzniaostrow.pl\/index.php\/de\/verkaufsabteilung\/#breadcrumb"},"inLanguage":"pl-PL","potentialAction":[{"@type":"ReadAction","target":["https:\/\/kuzniaostrow.pl\/index.php\/de\/verkaufsabteilung\/"]}]},{"@type":"BreadcrumbList","@id":"https:\/\/kuzniaostrow.pl\/index.php\/de\/verkaufsabteilung\/#breadcrumb","itemListElement":[{"@type":"ListItem","position":1,"name":"Strona g\u0142\u00f3wna","item":"https:\/\/kuzniaostrow.pl\/"},{"@type":"ListItem","position":2,"name":"Buchhaltungsabteilung"}]},{"@type":"WebSite","@id":"https:\/\/kuzniaostrow.pl\/#website","url":"https:\/\/kuzniaostrow.pl\/","name":"Ku\u017ania Ostr\u00f3w Wielkopolski sp. z o.o.","description":"producent wyrob\u00f3w kutych","publisher":{"@id":"https:\/\/kuzniaostrow.pl\/#organization"},"potentialAction":[{"@type":"SearchAction","target":{"@type":"EntryPoint","urlTemplate":"https:\/\/kuzniaostrow.pl\/?s={search_term_string}"},"query-input":{"@type":"PropertyValueSpecification","valueRequired":true,"valueName":"search_term_string"}}],"inLanguage":"pl-PL"},{"@type":"Organization","@id":"https:\/\/kuzniaostrow.pl\/#organization","name":"Ku\u017ania Ostr\u00f3w Wielkopolski sp. z o.o.","url":"https:\/\/kuzniaostrow.pl\/","logo":{"@type":"ImageObject","inLanguage":"pl-PL","@id":"https:\/\/kuzniaostrow.pl\/#\/schema\/logo\/image\/","url":"https:\/\/kuzniaostrow.pl\/wp-content\/uploads\/2018\/12\/kowwplogo.png","contentUrl":"https:\/\/kuzniaostrow.pl\/wp-content\/uploads\/2018\/12\/kowwplogo.png","width":512,"height":110,"caption":"Ku\u017ania Ostr\u00f3w Wielkopolski sp. z o.o."},"image":{"@id":"https:\/\/kuzniaostrow.pl\/#\/schema\/logo\/image\/"},"sameAs":["https:\/\/www.facebook.com\/Ku\u017ania-Ostr\u00f3w-Wielkopolski-596813284073664\/"]}]}},"_links":{"self":[{"href":"https:\/\/kuzniaostrow.pl\/index.php\/wp-json\/wp\/v2\/pages\/484","targetHints":{"allow":["GET"]}}],"collection":[{"href":"https:\/\/kuzniaostrow.pl\/index.php\/wp-json\/wp\/v2\/pages"}],"about":[{"href":"https:\/\/kuzniaostrow.pl\/index.php\/wp-json\/wp\/v2\/types\/page"}],"author":[{"embeddable":true,"href":"https:\/\/kuzniaostrow.pl\/index.php\/wp-json\/wp\/v2\/users\/2"}],"replies":[{"embeddable":true,"href":"https:\/\/kuzniaostrow.pl\/index.php\/wp-json\/wp\/v2\/comments?post=484"}],"version-history":[{"count":7,"href":"https:\/\/kuzniaostrow.pl\/index.php\/wp-json\/wp\/v2\/pages\/484\/revisions"}],"predecessor-version":[{"id":4301,"href":"https:\/\/kuzniaostrow.pl\/index.php\/wp-json\/wp\/v2\/pages\/484\/revisions\/4301"}],"wp:attachment":[{"href":"https:\/\/kuzniaostrow.pl\/index.php\/wp-json\/wp\/v2\/media?parent=484"}],"wp:term":[{"taxonomy":"category","embeddable":true,"href":"https:\/\/kuzniaostrow.pl\/index.php\/wp-json\/wp\/v2\/categories?post=484"},{"taxonomy":"post_tag","embeddable":true,"href":"https:\/\/kuzniaostrow.pl\/index.php\/wp-json\/wp\/v2\/tags?post=484"}],"curies":[{"name":"wp","href":"https:\/\/api.w.org\/{rel}","templated":true}]}}