{"id":488,"date":"2019-01-14T08:10:39","date_gmt":"2019-01-14T07:10:39","guid":{"rendered":"http:\/\/kuzniaostrow.pl\/?page_id=488"},"modified":"2019-02-01T11:17:04","modified_gmt":"2019-02-01T10:17:04","slug":"geschichte-des-unternehmens","status":"publish","type":"page","link":"https:\/\/kuzniaostrow.pl\/index.php\/de\/geschichte-des-unternehmens\/","title":{"rendered":"Geschichte des Unternehmens"},"content":{"rendered":"<p><img loading=\"lazy\" decoding=\"async\" class=\"size-medium wp-image-255 alignleft\" src=\"http:\/\/kuzniaostrow.pl\/wp-content\/uploads\/2018\/12\/piece-217x300.png\" alt=\"\" width=\"217\" height=\"300\" srcset=\"https:\/\/kuzniaostrow.pl\/wp-content\/uploads\/2018\/12\/piece-217x300.png 217w, https:\/\/kuzniaostrow.pl\/wp-content\/uploads\/2018\/12\/piece.png 412w\" sizes=\"auto, (max-width: 217px) 100vw, 217px\" \/><\/p>\n\n\n<p>Ku\u017ania Ostr\u00f3w Wielkopolski Sp. z o.o. f\u00fchrt eine vielj\u00e4hrige Tradition der Unternehmen aus Eisenbahnbranche in unserem Region fort. Erste Aktiengesellschaft \u2013 Fabryka Wagon wurde im Jahre 1920 als ein Werk f\u00fcr Herstellung von Eisenbahnwagen gegr\u00fcndet. Nach dem 2. Weltkrieg, im Jahre 1952 ist diese Firma als ZNTK Ostr\u00f3w Wielkopolski (Reparaturwerkst\u00e4tte f\u00fcr Eisenbahnfahrzeuge) wiedergeboren. Bald danach ist diese das gr\u00f6\u00dfte Unternehmen aus dieser Branche in Polen geworden.<\/p>\n\n\n\n<p>Im Jahr 1999 ist diese Firma zu\nihrem historischen Namen, d.h. Fabryka Wagon zur\u00fcckgekommen. Infolge der\nEigentumsumwandlungen im Jahre 2001 hat die Schmiedeabteilung eine selbst\u00e4ndige\nGesch\u00e4ftst\u00e4tigkeit angefangen. Im Jahre 2006 hat die Firma den Namen von Ku\u017ania\nOstr\u00f3w Wielkopolski Sp. z o.o. angenommen. <\/p>\n\n\n\n<p>Im Jahre 2017 hat Ku\u017ania Ostr\u00f3w\nWielkopolski Sp. z o.o. an die Kapitalgruppe von MSV Metal Studenka a.s. \u2013 europaf\u00fchrender\nHersteller der Komponente und Schmiedeteile f\u00fcr Eisenbahn, angeschlossen.<\/p>\n","protected":false},"excerpt":{"rendered":"<p>Ku\u017ania Ostr\u00f3w Wielkopolski Sp. z o.o. f\u00fchrt eine vielj\u00e4hrige Tradition der Unternehmen aus Eisenbahnbranche in unserem Region fort. Erste Aktiengesellschaft \u2013 Fabryka Wagon wurde im Jahre 1920 als ein Werk f\u00fcr Herstellung von Eisenbahnwagen gegr\u00fcndet. Nach dem 2. Weltkrieg, im Jahre 1952 ist diese Firma als ZNTK Ostr\u00f3w Wielkopolski (Reparaturwerkst\u00e4tte f\u00fcr Eisenbahnfahrzeuge) wiedergeboren. Bald danach ist diese das gr\u00f6\u00dfte Unternehmen aus dieser Branche in Polen geworden. Im Jahr 1999 ist diese Firma zu ihrem historischen Namen, d.h. Fabryka Wagon zur\u00fcckgekommen. Infolge der Eigentumsumwandlungen im Jahre 2001 hat die Schmiedeabteilung eine selbst\u00e4ndige Gesch\u00e4ftst\u00e4tigkeit angefangen. Im Jahre 2006 hat die Firma den Namen von Ku\u017ania Ostr\u00f3w Wielkopolski Sp. z o.o. angenommen. Im Jahre 2017 hat Ku\u017ania Ostr\u00f3w Wielkopolski Sp. z o.o. an die Kapitalgruppe von MSV Metal Studenka a.s. \u2013 europaf\u00fchrender Hersteller der Komponente und Schmiedeteile f\u00fcr Eisenbahn, angeschlossen.<\/p>\n","protected":false},"author":2,"featured_media":0,"parent":0,"menu_order":0,"comment_status":"closed","ping_status":"closed","template":"","meta":{"ngg_post_thumbnail":0,"footnotes":""},"categories":[95],"tags":[],"class_list":["post-488","page","type-page","status-publish","hentry","category-ueber-uns"],"yoast_head":"<!-- This site is optimized with the Yoast SEO plugin v26.9 - https:\/\/yoast.com\/product\/yoast-seo-wordpress\/ -->\n<title>Geschichte des Unternehmens - Ku\u017ania Ostr\u00f3w Wielkopolski sp. z o.o.<\/title>\n<meta name=\"robots\" content=\"index, follow, max-snippet:-1, max-image-preview:large, max-video-preview:-1\" \/>\n<link rel=\"canonical\" href=\"https:\/\/kuzniaostrow.pl\/index.php\/de\/geschichte-des-unternehmens\/\" \/>\n<meta property=\"og:locale\" content=\"pl_PL\" \/>\n<meta property=\"og:type\" content=\"article\" \/>\n<meta property=\"og:title\" content=\"Geschichte des Unternehmens - Ku\u017ania Ostr\u00f3w Wielkopolski sp. z o.o.\" \/>\n<meta property=\"og:description\" content=\"Ku\u017ania Ostr\u00f3w Wielkopolski Sp. z o.o. f\u00fchrt eine vielj\u00e4hrige Tradition der Unternehmen aus Eisenbahnbranche in unserem Region fort. Erste Aktiengesellschaft \u2013 Fabryka Wagon wurde im Jahre 1920 als ein Werk f\u00fcr Herstellung von Eisenbahnwagen gegr\u00fcndet. Nach dem 2. Weltkrieg, im Jahre 1952 ist diese Firma als ZNTK Ostr\u00f3w Wielkopolski (Reparaturwerkst\u00e4tte f\u00fcr Eisenbahnfahrzeuge) wiedergeboren. Bald danach ist diese das gr\u00f6\u00dfte Unternehmen aus dieser Branche in Polen geworden. Im Jahr 1999 ist diese Firma zu ihrem historischen Namen, d.h. Fabryka Wagon zur\u00fcckgekommen. Infolge der Eigentumsumwandlungen im Jahre 2001 hat die Schmiedeabteilung eine selbst\u00e4ndige Gesch\u00e4ftst\u00e4tigkeit angefangen. Im Jahre 2006 hat die Firma den Namen von Ku\u017ania Ostr\u00f3w Wielkopolski Sp. z o.o. angenommen. Im Jahre 2017 hat Ku\u017ania Ostr\u00f3w Wielkopolski Sp. z o.o. an die Kapitalgruppe von MSV Metal Studenka a.s. \u2013 europaf\u00fchrender Hersteller der Komponente und Schmiedeteile f\u00fcr Eisenbahn, angeschlossen.\" \/>\n<meta property=\"og:url\" content=\"https:\/\/kuzniaostrow.pl\/index.php\/de\/geschichte-des-unternehmens\/\" \/>\n<meta property=\"og:site_name\" content=\"Ku\u017ania Ostr\u00f3w Wielkopolski sp. z o.o.\" \/>\n<meta property=\"article:publisher\" content=\"https:\/\/www.facebook.com\/Ku%c5%bania-Ostr%c3%b3w-Wielkopolski-596813284073664\/\" \/>\n<meta property=\"article:modified_time\" content=\"2019-02-01T10:17:04+00:00\" \/>\n<meta property=\"og:image\" content=\"http:\/\/kuzniaostrow.pl\/wp-content\/uploads\/2018\/12\/piece-217x300.png\" \/>\n<meta name=\"twitter:card\" content=\"summary_large_image\" \/>\n<meta name=\"twitter:label1\" content=\"Szacowany czas czytania\" \/>\n\t<meta name=\"twitter:data1\" content=\"1 minuta\" \/>\n<script type=\"application\/ld+json\" class=\"yoast-schema-graph\">{\"@context\":\"https:\/\/schema.org\",\"@graph\":[{\"@type\":\"WebPage\",\"@id\":\"https:\/\/kuzniaostrow.pl\/index.php\/de\/geschichte-des-unternehmens\/\",\"url\":\"https:\/\/kuzniaostrow.pl\/index.php\/de\/geschichte-des-unternehmens\/\",\"name\":\"Geschichte des Unternehmens - Ku\u017ania Ostr\u00f3w Wielkopolski sp. z o.o.\",\"isPartOf\":{\"@id\":\"https:\/\/kuzniaostrow.pl\/#website\"},\"primaryImageOfPage\":{\"@id\":\"https:\/\/kuzniaostrow.pl\/index.php\/de\/geschichte-des-unternehmens\/#primaryimage\"},\"image\":{\"@id\":\"https:\/\/kuzniaostrow.pl\/index.php\/de\/geschichte-des-unternehmens\/#primaryimage\"},\"thumbnailUrl\":\"http:\/\/kuzniaostrow.pl\/wp-content\/uploads\/2018\/12\/piece-217x300.png\",\"datePublished\":\"2019-01-14T07:10:39+00:00\",\"dateModified\":\"2019-02-01T10:17:04+00:00\",\"breadcrumb\":{\"@id\":\"https:\/\/kuzniaostrow.pl\/index.php\/de\/geschichte-des-unternehmens\/#breadcrumb\"},\"inLanguage\":\"pl-PL\",\"potentialAction\":[{\"@type\":\"ReadAction\",\"target\":[\"https:\/\/kuzniaostrow.pl\/index.php\/de\/geschichte-des-unternehmens\/\"]}]},{\"@type\":\"ImageObject\",\"inLanguage\":\"pl-PL\",\"@id\":\"https:\/\/kuzniaostrow.pl\/index.php\/de\/geschichte-des-unternehmens\/#primaryimage\",\"url\":\"https:\/\/kuzniaostrow.pl\/wp-content\/uploads\/2018\/12\/piece.png\",\"contentUrl\":\"https:\/\/kuzniaostrow.pl\/wp-content\/uploads\/2018\/12\/piece.png\",\"width\":412,\"height\":570},{\"@type\":\"BreadcrumbList\",\"@id\":\"https:\/\/kuzniaostrow.pl\/index.php\/de\/geschichte-des-unternehmens\/#breadcrumb\",\"itemListElement\":[{\"@type\":\"ListItem\",\"position\":1,\"name\":\"Strona g\u0142\u00f3wna\",\"item\":\"https:\/\/kuzniaostrow.pl\/\"},{\"@type\":\"ListItem\",\"position\":2,\"name\":\"Geschichte des Unternehmens\"}]},{\"@type\":\"WebSite\",\"@id\":\"https:\/\/kuzniaostrow.pl\/#website\",\"url\":\"https:\/\/kuzniaostrow.pl\/\",\"name\":\"Ku\u017ania Ostr\u00f3w Wielkopolski sp. z o.o.\",\"description\":\"producent wyrob\u00f3w kutych\",\"publisher\":{\"@id\":\"https:\/\/kuzniaostrow.pl\/#organization\"},\"potentialAction\":[{\"@type\":\"SearchAction\",\"target\":{\"@type\":\"EntryPoint\",\"urlTemplate\":\"https:\/\/kuzniaostrow.pl\/?s={search_term_string}\"},\"query-input\":{\"@type\":\"PropertyValueSpecification\",\"valueRequired\":true,\"valueName\":\"search_term_string\"}}],\"inLanguage\":\"pl-PL\"},{\"@type\":\"Organization\",\"@id\":\"https:\/\/kuzniaostrow.pl\/#organization\",\"name\":\"Ku\u017ania Ostr\u00f3w Wielkopolski sp. z o.o.\",\"url\":\"https:\/\/kuzniaostrow.pl\/\",\"logo\":{\"@type\":\"ImageObject\",\"inLanguage\":\"pl-PL\",\"@id\":\"https:\/\/kuzniaostrow.pl\/#\/schema\/logo\/image\/\",\"url\":\"https:\/\/kuzniaostrow.pl\/wp-content\/uploads\/2018\/12\/kowwplogo.png\",\"contentUrl\":\"https:\/\/kuzniaostrow.pl\/wp-content\/uploads\/2018\/12\/kowwplogo.png\",\"width\":512,\"height\":110,\"caption\":\"Ku\u017ania Ostr\u00f3w Wielkopolski sp. z o.o.\"},\"image\":{\"@id\":\"https:\/\/kuzniaostrow.pl\/#\/schema\/logo\/image\/\"},\"sameAs\":[\"https:\/\/www.facebook.com\/Ku\u017ania-Ostr\u00f3w-Wielkopolski-596813284073664\/\"]}]}<\/script>\n<!-- \/ Yoast SEO plugin. -->","yoast_head_json":{"title":"Geschichte des Unternehmens - Ku\u017ania Ostr\u00f3w Wielkopolski sp. z o.o.","robots":{"index":"index","follow":"follow","max-snippet":"max-snippet:-1","max-image-preview":"max-image-preview:large","max-video-preview":"max-video-preview:-1"},"canonical":"https:\/\/kuzniaostrow.pl\/index.php\/de\/geschichte-des-unternehmens\/","og_locale":"pl_PL","og_type":"article","og_title":"Geschichte des Unternehmens - Ku\u017ania Ostr\u00f3w Wielkopolski sp. z o.o.","og_description":"Ku\u017ania Ostr\u00f3w Wielkopolski Sp. z o.o. f\u00fchrt eine vielj\u00e4hrige Tradition der Unternehmen aus Eisenbahnbranche in unserem Region fort. Erste Aktiengesellschaft \u2013 Fabryka Wagon wurde im Jahre 1920 als ein Werk f\u00fcr Herstellung von Eisenbahnwagen gegr\u00fcndet. Nach dem 2. Weltkrieg, im Jahre 1952 ist diese Firma als ZNTK Ostr\u00f3w Wielkopolski (Reparaturwerkst\u00e4tte f\u00fcr Eisenbahnfahrzeuge) wiedergeboren. Bald danach ist diese das gr\u00f6\u00dfte Unternehmen aus dieser Branche in Polen geworden. Im Jahr 1999 ist diese Firma zu ihrem historischen Namen, d.h. Fabryka Wagon zur\u00fcckgekommen. Infolge der Eigentumsumwandlungen im Jahre 2001 hat die Schmiedeabteilung eine selbst\u00e4ndige Gesch\u00e4ftst\u00e4tigkeit angefangen. Im Jahre 2006 hat die Firma den Namen von Ku\u017ania Ostr\u00f3w Wielkopolski Sp. z o.o. angenommen. Im Jahre 2017 hat Ku\u017ania Ostr\u00f3w Wielkopolski Sp. z o.o. an die Kapitalgruppe von MSV Metal Studenka a.s. \u2013 europaf\u00fchrender Hersteller der Komponente und Schmiedeteile f\u00fcr Eisenbahn, angeschlossen.","og_url":"https:\/\/kuzniaostrow.pl\/index.php\/de\/geschichte-des-unternehmens\/","og_site_name":"Ku\u017ania Ostr\u00f3w Wielkopolski sp. z o.o.","article_publisher":"https:\/\/www.facebook.com\/Ku%c5%bania-Ostr%c3%b3w-Wielkopolski-596813284073664\/","article_modified_time":"2019-02-01T10:17:04+00:00","og_image":[{"url":"http:\/\/kuzniaostrow.pl\/wp-content\/uploads\/2018\/12\/piece-217x300.png","type":"","width":"","height":""}],"twitter_card":"summary_large_image","twitter_misc":{"Szacowany czas czytania":"1 minuta"},"schema":{"@context":"https:\/\/schema.org","@graph":[{"@type":"WebPage","@id":"https:\/\/kuzniaostrow.pl\/index.php\/de\/geschichte-des-unternehmens\/","url":"https:\/\/kuzniaostrow.pl\/index.php\/de\/geschichte-des-unternehmens\/","name":"Geschichte des Unternehmens - Ku\u017ania Ostr\u00f3w Wielkopolski sp. z o.o.","isPartOf":{"@id":"https:\/\/kuzniaostrow.pl\/#website"},"primaryImageOfPage":{"@id":"https:\/\/kuzniaostrow.pl\/index.php\/de\/geschichte-des-unternehmens\/#primaryimage"},"image":{"@id":"https:\/\/kuzniaostrow.pl\/index.php\/de\/geschichte-des-unternehmens\/#primaryimage"},"thumbnailUrl":"http:\/\/kuzniaostrow.pl\/wp-content\/uploads\/2018\/12\/piece-217x300.png","datePublished":"2019-01-14T07:10:39+00:00","dateModified":"2019-02-01T10:17:04+00:00","breadcrumb":{"@id":"https:\/\/kuzniaostrow.pl\/index.php\/de\/geschichte-des-unternehmens\/#breadcrumb"},"inLanguage":"pl-PL","potentialAction":[{"@type":"ReadAction","target":["https:\/\/kuzniaostrow.pl\/index.php\/de\/geschichte-des-unternehmens\/"]}]},{"@type":"ImageObject","inLanguage":"pl-PL","@id":"https:\/\/kuzniaostrow.pl\/index.php\/de\/geschichte-des-unternehmens\/#primaryimage","url":"https:\/\/kuzniaostrow.pl\/wp-content\/uploads\/2018\/12\/piece.png","contentUrl":"https:\/\/kuzniaostrow.pl\/wp-content\/uploads\/2018\/12\/piece.png","width":412,"height":570},{"@type":"BreadcrumbList","@id":"https:\/\/kuzniaostrow.pl\/index.php\/de\/geschichte-des-unternehmens\/#breadcrumb","itemListElement":[{"@type":"ListItem","position":1,"name":"Strona g\u0142\u00f3wna","item":"https:\/\/kuzniaostrow.pl\/"},{"@type":"ListItem","position":2,"name":"Geschichte des Unternehmens"}]},{"@type":"WebSite","@id":"https:\/\/kuzniaostrow.pl\/#website","url":"https:\/\/kuzniaostrow.pl\/","name":"Ku\u017ania Ostr\u00f3w Wielkopolski sp. z o.o.","description":"producent wyrob\u00f3w kutych","publisher":{"@id":"https:\/\/kuzniaostrow.pl\/#organization"},"potentialAction":[{"@type":"SearchAction","target":{"@type":"EntryPoint","urlTemplate":"https:\/\/kuzniaostrow.pl\/?s={search_term_string}"},"query-input":{"@type":"PropertyValueSpecification","valueRequired":true,"valueName":"search_term_string"}}],"inLanguage":"pl-PL"},{"@type":"Organization","@id":"https:\/\/kuzniaostrow.pl\/#organization","name":"Ku\u017ania Ostr\u00f3w Wielkopolski sp. z o.o.","url":"https:\/\/kuzniaostrow.pl\/","logo":{"@type":"ImageObject","inLanguage":"pl-PL","@id":"https:\/\/kuzniaostrow.pl\/#\/schema\/logo\/image\/","url":"https:\/\/kuzniaostrow.pl\/wp-content\/uploads\/2018\/12\/kowwplogo.png","contentUrl":"https:\/\/kuzniaostrow.pl\/wp-content\/uploads\/2018\/12\/kowwplogo.png","width":512,"height":110,"caption":"Ku\u017ania Ostr\u00f3w Wielkopolski sp. z o.o."},"image":{"@id":"https:\/\/kuzniaostrow.pl\/#\/schema\/logo\/image\/"},"sameAs":["https:\/\/www.facebook.com\/Ku\u017ania-Ostr\u00f3w-Wielkopolski-596813284073664\/"]}]}},"_links":{"self":[{"href":"https:\/\/kuzniaostrow.pl\/index.php\/wp-json\/wp\/v2\/pages\/488","targetHints":{"allow":["GET"]}}],"collection":[{"href":"https:\/\/kuzniaostrow.pl\/index.php\/wp-json\/wp\/v2\/pages"}],"about":[{"href":"https:\/\/kuzniaostrow.pl\/index.php\/wp-json\/wp\/v2\/types\/page"}],"author":[{"embeddable":true,"href":"https:\/\/kuzniaostrow.pl\/index.php\/wp-json\/wp\/v2\/users\/2"}],"replies":[{"embeddable":true,"href":"https:\/\/kuzniaostrow.pl\/index.php\/wp-json\/wp\/v2\/comments?post=488"}],"version-history":[{"count":4,"href":"https:\/\/kuzniaostrow.pl\/index.php\/wp-json\/wp\/v2\/pages\/488\/revisions"}],"predecessor-version":[{"id":3738,"href":"https:\/\/kuzniaostrow.pl\/index.php\/wp-json\/wp\/v2\/pages\/488\/revisions\/3738"}],"wp:attachment":[{"href":"https:\/\/kuzniaostrow.pl\/index.php\/wp-json\/wp\/v2\/media?parent=488"}],"wp:term":[{"taxonomy":"category","embeddable":true,"href":"https:\/\/kuzniaostrow.pl\/index.php\/wp-json\/wp\/v2\/categories?post=488"},{"taxonomy":"post_tag","embeddable":true,"href":"https:\/\/kuzniaostrow.pl\/index.php\/wp-json\/wp\/v2\/tags?post=488"}],"curies":[{"name":"wp","href":"https:\/\/api.w.org\/{rel}","templated":true}]}}