{"id":490,"date":"2019-01-14T15:14:17","date_gmt":"2019-01-14T14:14:17","guid":{"rendered":"http:\/\/kuzniaostrow.pl\/?page_id=490"},"modified":"2019-01-29T00:32:35","modified_gmt":"2019-01-28T23:32:35","slug":"komponente","status":"publish","type":"page","link":"https:\/\/kuzniaostrow.pl\/index.php\/de\/komponente\/","title":{"rendered":"Komponente"},"content":{"rendered":"<p>Ku\u017ania Ostr\u00f3w Wielkopolski Sp. z o.o. bietet nachfolgende Komponenten f\u00fcr Schienenfahrzeuge an :<\/p>\n<ol>\n<li>Schraubenkupplungen\n<ul>\n<li style=\"list-style-type: none;\">\n<ul>\n<li>Schraubenkupplung 850 kN der Bauart UIC\/ERRI mit flachem Griff<\/li>\n<\/ul>\n<\/li>\n<\/ul>\n<div><img loading=\"lazy\" decoding=\"async\" class=\"alignnone size-medium wp-image-262\" src=\"http:\/\/kuzniaostrow.pl\/wp-content\/uploads\/2018\/12\/Obraz2-300x155.png\" alt=\"\" width=\"300\" height=\"155\" srcset=\"https:\/\/kuzniaostrow.pl\/wp-content\/uploads\/2018\/12\/Obraz2-300x155.png 300w, https:\/\/kuzniaostrow.pl\/wp-content\/uploads\/2018\/12\/Obraz2.png 641w\" sizes=\"auto, (max-width: 300px) 100vw, 300px\" \/><\/div>\n<ul>\n<li style=\"list-style-type: none;\">\n<ul>\n<li>Schraubenkupplung 850 kN der Bauart UIC\/ERRI mit Kugelgriff<\/li>\n<\/ul>\n<\/li>\n<\/ul>\n<div><img loading=\"lazy\" decoding=\"async\" class=\"alignnone size-medium wp-image-261\" src=\"http:\/\/kuzniaostrow.pl\/wp-content\/uploads\/2018\/12\/Obraz1-300x158.png\" alt=\"\" width=\"300\" height=\"158\" srcset=\"https:\/\/kuzniaostrow.pl\/wp-content\/uploads\/2018\/12\/Obraz1-300x158.png 300w, https:\/\/kuzniaostrow.pl\/wp-content\/uploads\/2018\/12\/Obraz1.png 641w\" sizes=\"auto, (max-width: 300px) 100vw, 300px\" \/><\/div>\n<ul>\n<li style=\"list-style-type: none;\">\n<ul>\n<li>Schraubenkupplung 850 kN der Bauart PKP<\/li>\n<\/ul>\n<\/li>\n<\/ul>\n<div><img loading=\"lazy\" decoding=\"async\" class=\"alignnone size-medium wp-image-263\" src=\"http:\/\/kuzniaostrow.pl\/wp-content\/uploads\/2018\/12\/Obraz3-300x150.png\" alt=\"\" width=\"300\" height=\"150\" srcset=\"https:\/\/kuzniaostrow.pl\/wp-content\/uploads\/2018\/12\/Obraz3-300x150.png 300w, https:\/\/kuzniaostrow.pl\/wp-content\/uploads\/2018\/12\/Obraz3.png 522w\" sizes=\"auto, (max-width: 300px) 100vw, 300px\" \/><\/div>\n<ul>\n<li style=\"list-style-type: none;\">\n<ul>\n<li>Schraubenkupplung 850 kN der Bauart DB<\/li>\n<\/ul>\n<\/li>\n<\/ul>\n<div><img loading=\"lazy\" decoding=\"async\" class=\"alignnone size-medium wp-image-264\" src=\"http:\/\/kuzniaostrow.pl\/wp-content\/uploads\/2018\/12\/Obraz4-300x173.png\" alt=\"\" width=\"300\" height=\"173\" srcset=\"https:\/\/kuzniaostrow.pl\/wp-content\/uploads\/2018\/12\/Obraz4-300x173.png 300w, https:\/\/kuzniaostrow.pl\/wp-content\/uploads\/2018\/12\/Obraz4.png 474w\" sizes=\"auto, (max-width: 300px) 100vw, 300px\" \/><\/div>\n<ul>\n<li style=\"list-style-type: none;\">\n<ul>\n<li>Schraubenkupplung 850 kN der Bauart 5A<\/li>\n<\/ul>\n<\/li>\n<\/ul>\n<div><img loading=\"lazy\" decoding=\"async\" class=\"alignnone wp-image-3608 size-medium\" src=\"http:\/\/kuzniaostrow.pl\/wp-content\/uploads\/2019\/01\/Sprz\u0119g-5A-bez-tla-300x143.png\" alt=\"\" width=\"300\" height=\"143\" srcset=\"https:\/\/kuzniaostrow.pl\/wp-content\/uploads\/2019\/01\/Sprz\u0119g-5A-bez-tla-300x143.png 300w, https:\/\/kuzniaostrow.pl\/wp-content\/uploads\/2019\/01\/Sprz\u0119g-5A-bez-tla-768x365.png 768w, https:\/\/kuzniaostrow.pl\/wp-content\/uploads\/2019\/01\/Sprz\u0119g-5A-bez-tla-1024x487.png 1024w, https:\/\/kuzniaostrow.pl\/wp-content\/uploads\/2019\/01\/Sprz\u0119g-5A-bez-tla.png 1248w\" sizes=\"auto, (max-width: 300px) 100vw, 300px\" \/><\/div>\n<\/li>\n<li>Zughaken\n<ul>\n<li style=\"list-style-type: none;\">\n<ul>\n<li>Zughaken der Bauart A 1000 kN<\/li>\n<\/ul>\n<\/li>\n<\/ul>\n<div><img loading=\"lazy\" decoding=\"async\" class=\"alignnone wp-image-3616 size-medium\" src=\"http:\/\/kuzniaostrow.pl\/wp-content\/uploads\/2019\/01\/Obraz5-beztla-300x159.png\" alt=\"\" width=\"300\" height=\"159\" srcset=\"https:\/\/kuzniaostrow.pl\/wp-content\/uploads\/2019\/01\/Obraz5-beztla-300x159.png 300w, https:\/\/kuzniaostrow.pl\/wp-content\/uploads\/2019\/01\/Obraz5-beztla.png 474w\" sizes=\"auto, (max-width: 300px) 100vw, 300px\" \/><\/div>\n<ul>\n<li style=\"list-style-type: none;\">\n<ul>\n<li>Zughaken der Bauart  B 1000 kN<\/li>\n<\/ul>\n<\/li>\n<\/ul>\n<div><img loading=\"lazy\" decoding=\"async\" class=\"alignnone size-medium wp-image-267\" src=\"http:\/\/kuzniaostrow.pl\/wp-content\/uploads\/2018\/12\/Obraz6-300x152.png\" alt=\"\" width=\"300\" height=\"152\" srcset=\"https:\/\/kuzniaostrow.pl\/wp-content\/uploads\/2018\/12\/Obraz6-300x152.png 300w, https:\/\/kuzniaostrow.pl\/wp-content\/uploads\/2018\/12\/Obraz6.png 641w\" sizes=\"auto, (max-width: 300px) 100vw, 300px\" \/><\/div>\n<ul>\n<li style=\"list-style-type: none;\">\n<ul>\n<li>Zughaken der Bauart  B 1500 kN<\/li>\n<\/ul>\n<\/li>\n<\/ul>\n<div><img loading=\"lazy\" decoding=\"async\" class=\"alignnone size-medium wp-image-267\" src=\"http:\/\/kuzniaostrow.pl\/wp-content\/uploads\/2018\/12\/Obraz6-300x152.png\" alt=\"\" width=\"300\" height=\"152\" srcset=\"https:\/\/kuzniaostrow.pl\/wp-content\/uploads\/2018\/12\/Obraz6-300x152.png 300w, https:\/\/kuzniaostrow.pl\/wp-content\/uploads\/2018\/12\/Obraz6.png 641w\" sizes=\"auto, (max-width: 300px) 100vw, 300px\" \/><\/div>\n<ul>\n<li style=\"list-style-type: none;\">\n<ul>\n<li>Zughaken f\u00fcr Lokomotive der verschiedenen Bauarten<\/li>\n<\/ul>\n<\/li>\n<\/ul>\n<div><img loading=\"lazy\" decoding=\"async\" class=\"alignnone wp-image-3615 size-medium\" src=\"http:\/\/kuzniaostrow.pl\/wp-content\/uploads\/2019\/01\/Obraz7-beztla-300x152.png\" alt=\"\" width=\"300\" height=\"152\" srcset=\"https:\/\/kuzniaostrow.pl\/wp-content\/uploads\/2019\/01\/Obraz7-beztla-300x152.png 300w, https:\/\/kuzniaostrow.pl\/wp-content\/uploads\/2019\/01\/Obraz7-beztla.png 504w\" sizes=\"auto, (max-width: 300px) 100vw, 300px\" \/><\/div>\n<\/li>\n<li>Zugstangen\n<ul>\n<li style=\"list-style-type: none;\">\n<ul>\n<li>Zugstangen 1000 kN der verschiedenen Bauarten<\/li>\n<\/ul>\n<\/li>\n<\/ul>\n<div><img loading=\"lazy\" decoding=\"async\" class=\"alignnone wp-image-270\" src=\"http:\/\/kuzniaostrow.pl\/wp-content\/uploads\/2018\/12\/Obraz8-300x149.png\" alt=\"\" width=\"260\" height=\"129\" srcset=\"https:\/\/kuzniaostrow.pl\/wp-content\/uploads\/2018\/12\/Obraz8-300x149.png 300w, https:\/\/kuzniaostrow.pl\/wp-content\/uploads\/2018\/12\/Obraz8.png 523w\" sizes=\"auto, (max-width: 260px) 100vw, 260px\" \/><\/div>\n<ul>\n<li style=\"list-style-type: none;\">\n<ul>\n<li>Zugstangen 1500 kN der verschiedenen Bauarten<\/li>\n<\/ul>\n<\/li>\n<\/ul>\n<div><img loading=\"lazy\" decoding=\"async\" class=\"alignnone wp-image-271\" src=\"http:\/\/kuzniaostrow.pl\/wp-content\/uploads\/2018\/12\/Obraz8-1-300x149.png\" alt=\"\" width=\"258\" height=\"128\" srcset=\"https:\/\/kuzniaostrow.pl\/wp-content\/uploads\/2018\/12\/Obraz8-1-300x149.png 300w, https:\/\/kuzniaostrow.pl\/wp-content\/uploads\/2018\/12\/Obraz8-1.png 523w\" sizes=\"auto, (max-width: 258px) 100vw, 258px\" \/><\/div>\n<\/li>\n<li>Zugeinrichtungen\n<ul>\n<li style=\"list-style-type: none;\">\n<ul>\n<li>Zugeinrichtung 1 MN<\/li>\n<\/ul>\n<\/li>\n<\/ul>\n<div><img loading=\"lazy\" decoding=\"async\" class=\"alignnone size-medium wp-image-272\" src=\"http:\/\/kuzniaostrow.pl\/wp-content\/uploads\/2018\/12\/Obraz9-300x271.png\" alt=\"\" width=\"300\" height=\"271\" srcset=\"https:\/\/kuzniaostrow.pl\/wp-content\/uploads\/2018\/12\/Obraz9-300x271.png 300w, https:\/\/kuzniaostrow.pl\/wp-content\/uploads\/2018\/12\/Obraz9.png 641w\" sizes=\"auto, (max-width: 300px) 100vw, 300px\" \/><\/div>\n<\/li>\n<li>Bremsdreiecke\n<ul>\n<li style=\"list-style-type: none;\">\n<ul>\n<li>Bremsdreieck 60 kN mit externem Auge<\/li>\n<\/ul>\n<\/li>\n<\/ul>\n<div><img loading=\"lazy\" decoding=\"async\" class=\"alignnone wp-image-3614 size-medium\" src=\"http:\/\/kuzniaostrow.pl\/wp-content\/uploads\/2019\/01\/Obraz10-beztla-300x126.png\" alt=\"\" width=\"300\" height=\"126\" srcset=\"https:\/\/kuzniaostrow.pl\/wp-content\/uploads\/2019\/01\/Obraz10-beztla-300x126.png 300w, https:\/\/kuzniaostrow.pl\/wp-content\/uploads\/2019\/01\/Obraz10-beztla.png 507w\" sizes=\"auto, (max-width: 300px) 100vw, 300px\" \/><\/div>\n<ul>\n<li style=\"list-style-type: none;\">\n<ul>\n<li>Bremsdreieck 60 kN mit innerem Auge<\/li>\n<\/ul>\n<\/li>\n<\/ul>\n<div><img loading=\"lazy\" decoding=\"async\" class=\"alignnone wp-image-3613 size-medium\" src=\"http:\/\/kuzniaostrow.pl\/wp-content\/uploads\/2019\/01\/Obraz11-beztla-300x131.png\" alt=\"\" width=\"300\" height=\"131\" srcset=\"https:\/\/kuzniaostrow.pl\/wp-content\/uploads\/2019\/01\/Obraz11-beztla-300x131.png 300w, https:\/\/kuzniaostrow.pl\/wp-content\/uploads\/2019\/01\/Obraz11-beztla.png 535w\" sizes=\"auto, (max-width: 300px) 100vw, 300px\" \/><\/div>\n<ul>\n<li style=\"list-style-type: none;\">\n<ul>\n<li>Bremsdreieck 120 kN mit externem Auge<\/li>\n<\/ul>\n<\/li>\n<\/ul>\n<div><img loading=\"lazy\" decoding=\"async\" class=\"alignnone wp-image-3612 size-medium\" src=\"http:\/\/kuzniaostrow.pl\/wp-content\/uploads\/2019\/01\/Obraz12-beztla-300x128.png\" alt=\"\" width=\"300\" height=\"128\" srcset=\"https:\/\/kuzniaostrow.pl\/wp-content\/uploads\/2019\/01\/Obraz12-beztla-300x128.png 300w, https:\/\/kuzniaostrow.pl\/wp-content\/uploads\/2019\/01\/Obraz12-beztla.png 519w\" sizes=\"auto, (max-width: 300px) 100vw, 300px\" \/><\/div>\n<ul>\n<li style=\"list-style-type: none;\">\n<ul>\n<li>Bremsdreieck 120 kN mit innerem Auge<\/li>\n<\/ul>\n<\/li>\n<\/ul>\n<div><img loading=\"lazy\" decoding=\"async\" class=\"alignnone wp-image-3611 size-medium\" src=\"http:\/\/kuzniaostrow.pl\/wp-content\/uploads\/2019\/01\/Obraz13-beztla-300x128.png\" alt=\"\" width=\"300\" height=\"128\" srcset=\"https:\/\/kuzniaostrow.pl\/wp-content\/uploads\/2019\/01\/Obraz13-beztla-300x128.png 300w, https:\/\/kuzniaostrow.pl\/wp-content\/uploads\/2019\/01\/Obraz13-beztla.png 528w\" sizes=\"auto, (max-width: 300px) 100vw, 300px\" \/><\/div>\n<\/li>\n<\/ol>\n","protected":false},"excerpt":{"rendered":"<p>Ku\u017ania Ostr\u00f3w Wielkopolski Sp. z o.o. bietet nachfolgende Komponenten f\u00fcr Schienenfahrzeuge an : Schraubenkupplungen Schraubenkupplung 850 kN der Bauart UIC\/ERRI mit flachem Griff Schraubenkupplung 850 kN der Bauart UIC\/ERRI mit Kugelgriff Schraubenkupplung 850 kN der Bauart PKP Schraubenkupplung 850 kN der Bauart DB Schraubenkupplung 850 kN der Bauart 5A Zughaken Zughaken der Bauart A 1000 kN Zughaken der Bauart B 1000 kN Zughaken der Bauart B 1500 kN Zughaken f\u00fcr Lokomotive der verschiedenen Bauarten Zugstangen Zugstangen 1000 kN der verschiedenen Bauarten Zugstangen 1500 kN der verschiedenen Bauarten Zugeinrichtungen Zugeinrichtung 1 MN Bremsdreiecke Bremsdreieck 60 kN mit externem Auge Bremsdreieck 60 kN mit innerem Auge Bremsdreieck 120 kN mit externem Auge Bremsdreieck 120 kN mit innerem Auge<\/p>\n","protected":false},"author":2,"featured_media":0,"parent":0,"menu_order":0,"comment_status":"closed","ping_status":"closed","template":"","meta":{"ngg_post_thumbnail":0,"footnotes":""},"categories":[158],"tags":[],"class_list":["post-490","page","type-page","status-publish","hentry","category-produkte"],"yoast_head":"<!-- This site is optimized with the Yoast SEO plugin v26.9 - https:\/\/yoast.com\/product\/yoast-seo-wordpress\/ -->\n<title>Komponente - Ku\u017ania Ostr\u00f3w Wielkopolski sp. z o.o.<\/title>\n<meta name=\"robots\" content=\"index, follow, max-snippet:-1, max-image-preview:large, max-video-preview:-1\" \/>\n<link rel=\"canonical\" href=\"https:\/\/kuzniaostrow.pl\/index.php\/de\/komponente\/\" \/>\n<meta property=\"og:locale\" content=\"pl_PL\" \/>\n<meta property=\"og:type\" content=\"article\" \/>\n<meta property=\"og:title\" content=\"Komponente - Ku\u017ania Ostr\u00f3w Wielkopolski sp. z o.o.\" \/>\n<meta property=\"og:description\" content=\"Ku\u017ania Ostr\u00f3w Wielkopolski Sp. z o.o. bietet nachfolgende Komponenten f\u00fcr Schienenfahrzeuge an : Schraubenkupplungen Schraubenkupplung 850 kN der Bauart UIC\/ERRI mit flachem Griff Schraubenkupplung 850 kN der Bauart UIC\/ERRI mit Kugelgriff Schraubenkupplung 850 kN der Bauart PKP Schraubenkupplung 850 kN der Bauart DB Schraubenkupplung 850 kN der Bauart 5A Zughaken Zughaken der Bauart A 1000 kN Zughaken der Bauart B 1000 kN Zughaken der Bauart B 1500 kN Zughaken f\u00fcr Lokomotive der verschiedenen Bauarten Zugstangen Zugstangen 1000 kN der verschiedenen Bauarten Zugstangen 1500 kN der verschiedenen Bauarten Zugeinrichtungen Zugeinrichtung 1 MN Bremsdreiecke Bremsdreieck 60 kN mit externem Auge Bremsdreieck 60 kN mit innerem Auge Bremsdreieck 120 kN mit externem Auge Bremsdreieck 120 kN mit innerem Auge\" \/>\n<meta property=\"og:url\" content=\"https:\/\/kuzniaostrow.pl\/index.php\/de\/komponente\/\" \/>\n<meta property=\"og:site_name\" content=\"Ku\u017ania Ostr\u00f3w Wielkopolski sp. z o.o.\" \/>\n<meta property=\"article:publisher\" content=\"https:\/\/www.facebook.com\/Ku%c5%bania-Ostr%c3%b3w-Wielkopolski-596813284073664\/\" \/>\n<meta property=\"article:modified_time\" content=\"2019-01-28T23:32:35+00:00\" \/>\n<meta property=\"og:image\" content=\"http:\/\/kuzniaostrow.pl\/wp-content\/uploads\/2018\/12\/Obraz2-300x155.png\" \/>\n<meta name=\"twitter:card\" content=\"summary_large_image\" \/>\n<meta name=\"twitter:label1\" content=\"Szacowany czas czytania\" \/>\n\t<meta name=\"twitter:data1\" content=\"1 minuta\" \/>\n<script type=\"application\/ld+json\" class=\"yoast-schema-graph\">{\"@context\":\"https:\/\/schema.org\",\"@graph\":[{\"@type\":\"WebPage\",\"@id\":\"https:\/\/kuzniaostrow.pl\/index.php\/de\/komponente\/\",\"url\":\"https:\/\/kuzniaostrow.pl\/index.php\/de\/komponente\/\",\"name\":\"Komponente - Ku\u017ania Ostr\u00f3w Wielkopolski sp. z o.o.\",\"isPartOf\":{\"@id\":\"https:\/\/kuzniaostrow.pl\/#website\"},\"primaryImageOfPage\":{\"@id\":\"https:\/\/kuzniaostrow.pl\/index.php\/de\/komponente\/#primaryimage\"},\"image\":{\"@id\":\"https:\/\/kuzniaostrow.pl\/index.php\/de\/komponente\/#primaryimage\"},\"thumbnailUrl\":\"http:\/\/kuzniaostrow.pl\/wp-content\/uploads\/2018\/12\/Obraz2-300x155.png\",\"datePublished\":\"2019-01-14T14:14:17+00:00\",\"dateModified\":\"2019-01-28T23:32:35+00:00\",\"breadcrumb\":{\"@id\":\"https:\/\/kuzniaostrow.pl\/index.php\/de\/komponente\/#breadcrumb\"},\"inLanguage\":\"pl-PL\",\"potentialAction\":[{\"@type\":\"ReadAction\",\"target\":[\"https:\/\/kuzniaostrow.pl\/index.php\/de\/komponente\/\"]}]},{\"@type\":\"ImageObject\",\"inLanguage\":\"pl-PL\",\"@id\":\"https:\/\/kuzniaostrow.pl\/index.php\/de\/komponente\/#primaryimage\",\"url\":\"https:\/\/kuzniaostrow.pl\/wp-content\/uploads\/2018\/12\/Obraz2.png\",\"contentUrl\":\"https:\/\/kuzniaostrow.pl\/wp-content\/uploads\/2018\/12\/Obraz2.png\",\"width\":641,\"height\":331},{\"@type\":\"BreadcrumbList\",\"@id\":\"https:\/\/kuzniaostrow.pl\/index.php\/de\/komponente\/#breadcrumb\",\"itemListElement\":[{\"@type\":\"ListItem\",\"position\":1,\"name\":\"Strona g\u0142\u00f3wna\",\"item\":\"https:\/\/kuzniaostrow.pl\/\"},{\"@type\":\"ListItem\",\"position\":2,\"name\":\"Komponente\"}]},{\"@type\":\"WebSite\",\"@id\":\"https:\/\/kuzniaostrow.pl\/#website\",\"url\":\"https:\/\/kuzniaostrow.pl\/\",\"name\":\"Ku\u017ania Ostr\u00f3w Wielkopolski sp. z o.o.\",\"description\":\"producent wyrob\u00f3w kutych\",\"publisher\":{\"@id\":\"https:\/\/kuzniaostrow.pl\/#organization\"},\"potentialAction\":[{\"@type\":\"SearchAction\",\"target\":{\"@type\":\"EntryPoint\",\"urlTemplate\":\"https:\/\/kuzniaostrow.pl\/?s={search_term_string}\"},\"query-input\":{\"@type\":\"PropertyValueSpecification\",\"valueRequired\":true,\"valueName\":\"search_term_string\"}}],\"inLanguage\":\"pl-PL\"},{\"@type\":\"Organization\",\"@id\":\"https:\/\/kuzniaostrow.pl\/#organization\",\"name\":\"Ku\u017ania Ostr\u00f3w Wielkopolski sp. z o.o.\",\"url\":\"https:\/\/kuzniaostrow.pl\/\",\"logo\":{\"@type\":\"ImageObject\",\"inLanguage\":\"pl-PL\",\"@id\":\"https:\/\/kuzniaostrow.pl\/#\/schema\/logo\/image\/\",\"url\":\"https:\/\/kuzniaostrow.pl\/wp-content\/uploads\/2018\/12\/kowwplogo.png\",\"contentUrl\":\"https:\/\/kuzniaostrow.pl\/wp-content\/uploads\/2018\/12\/kowwplogo.png\",\"width\":512,\"height\":110,\"caption\":\"Ku\u017ania Ostr\u00f3w Wielkopolski sp. z o.o.\"},\"image\":{\"@id\":\"https:\/\/kuzniaostrow.pl\/#\/schema\/logo\/image\/\"},\"sameAs\":[\"https:\/\/www.facebook.com\/Ku\u017ania-Ostr\u00f3w-Wielkopolski-596813284073664\/\"]}]}<\/script>\n<!-- \/ Yoast SEO plugin. -->","yoast_head_json":{"title":"Komponente - Ku\u017ania Ostr\u00f3w Wielkopolski sp. z o.o.","robots":{"index":"index","follow":"follow","max-snippet":"max-snippet:-1","max-image-preview":"max-image-preview:large","max-video-preview":"max-video-preview:-1"},"canonical":"https:\/\/kuzniaostrow.pl\/index.php\/de\/komponente\/","og_locale":"pl_PL","og_type":"article","og_title":"Komponente - Ku\u017ania Ostr\u00f3w Wielkopolski sp. z o.o.","og_description":"Ku\u017ania Ostr\u00f3w Wielkopolski Sp. z o.o. bietet nachfolgende Komponenten f\u00fcr Schienenfahrzeuge an : Schraubenkupplungen Schraubenkupplung 850 kN der Bauart UIC\/ERRI mit flachem Griff Schraubenkupplung 850 kN der Bauart UIC\/ERRI mit Kugelgriff Schraubenkupplung 850 kN der Bauart PKP Schraubenkupplung 850 kN der Bauart DB Schraubenkupplung 850 kN der Bauart 5A Zughaken Zughaken der Bauart A 1000 kN Zughaken der Bauart B 1000 kN Zughaken der Bauart B 1500 kN Zughaken f\u00fcr Lokomotive der verschiedenen Bauarten Zugstangen Zugstangen 1000 kN der verschiedenen Bauarten Zugstangen 1500 kN der verschiedenen Bauarten Zugeinrichtungen Zugeinrichtung 1 MN Bremsdreiecke Bremsdreieck 60 kN mit externem Auge Bremsdreieck 60 kN mit innerem Auge Bremsdreieck 120 kN mit externem Auge Bremsdreieck 120 kN mit innerem Auge","og_url":"https:\/\/kuzniaostrow.pl\/index.php\/de\/komponente\/","og_site_name":"Ku\u017ania Ostr\u00f3w Wielkopolski sp. z o.o.","article_publisher":"https:\/\/www.facebook.com\/Ku%c5%bania-Ostr%c3%b3w-Wielkopolski-596813284073664\/","article_modified_time":"2019-01-28T23:32:35+00:00","og_image":[{"url":"http:\/\/kuzniaostrow.pl\/wp-content\/uploads\/2018\/12\/Obraz2-300x155.png","type":"","width":"","height":""}],"twitter_card":"summary_large_image","twitter_misc":{"Szacowany czas czytania":"1 minuta"},"schema":{"@context":"https:\/\/schema.org","@graph":[{"@type":"WebPage","@id":"https:\/\/kuzniaostrow.pl\/index.php\/de\/komponente\/","url":"https:\/\/kuzniaostrow.pl\/index.php\/de\/komponente\/","name":"Komponente - Ku\u017ania Ostr\u00f3w Wielkopolski sp. z o.o.","isPartOf":{"@id":"https:\/\/kuzniaostrow.pl\/#website"},"primaryImageOfPage":{"@id":"https:\/\/kuzniaostrow.pl\/index.php\/de\/komponente\/#primaryimage"},"image":{"@id":"https:\/\/kuzniaostrow.pl\/index.php\/de\/komponente\/#primaryimage"},"thumbnailUrl":"http:\/\/kuzniaostrow.pl\/wp-content\/uploads\/2018\/12\/Obraz2-300x155.png","datePublished":"2019-01-14T14:14:17+00:00","dateModified":"2019-01-28T23:32:35+00:00","breadcrumb":{"@id":"https:\/\/kuzniaostrow.pl\/index.php\/de\/komponente\/#breadcrumb"},"inLanguage":"pl-PL","potentialAction":[{"@type":"ReadAction","target":["https:\/\/kuzniaostrow.pl\/index.php\/de\/komponente\/"]}]},{"@type":"ImageObject","inLanguage":"pl-PL","@id":"https:\/\/kuzniaostrow.pl\/index.php\/de\/komponente\/#primaryimage","url":"https:\/\/kuzniaostrow.pl\/wp-content\/uploads\/2018\/12\/Obraz2.png","contentUrl":"https:\/\/kuzniaostrow.pl\/wp-content\/uploads\/2018\/12\/Obraz2.png","width":641,"height":331},{"@type":"BreadcrumbList","@id":"https:\/\/kuzniaostrow.pl\/index.php\/de\/komponente\/#breadcrumb","itemListElement":[{"@type":"ListItem","position":1,"name":"Strona g\u0142\u00f3wna","item":"https:\/\/kuzniaostrow.pl\/"},{"@type":"ListItem","position":2,"name":"Komponente"}]},{"@type":"WebSite","@id":"https:\/\/kuzniaostrow.pl\/#website","url":"https:\/\/kuzniaostrow.pl\/","name":"Ku\u017ania Ostr\u00f3w Wielkopolski sp. z o.o.","description":"producent wyrob\u00f3w kutych","publisher":{"@id":"https:\/\/kuzniaostrow.pl\/#organization"},"potentialAction":[{"@type":"SearchAction","target":{"@type":"EntryPoint","urlTemplate":"https:\/\/kuzniaostrow.pl\/?s={search_term_string}"},"query-input":{"@type":"PropertyValueSpecification","valueRequired":true,"valueName":"search_term_string"}}],"inLanguage":"pl-PL"},{"@type":"Organization","@id":"https:\/\/kuzniaostrow.pl\/#organization","name":"Ku\u017ania Ostr\u00f3w Wielkopolski sp. z o.o.","url":"https:\/\/kuzniaostrow.pl\/","logo":{"@type":"ImageObject","inLanguage":"pl-PL","@id":"https:\/\/kuzniaostrow.pl\/#\/schema\/logo\/image\/","url":"https:\/\/kuzniaostrow.pl\/wp-content\/uploads\/2018\/12\/kowwplogo.png","contentUrl":"https:\/\/kuzniaostrow.pl\/wp-content\/uploads\/2018\/12\/kowwplogo.png","width":512,"height":110,"caption":"Ku\u017ania Ostr\u00f3w Wielkopolski sp. z o.o."},"image":{"@id":"https:\/\/kuzniaostrow.pl\/#\/schema\/logo\/image\/"},"sameAs":["https:\/\/www.facebook.com\/Ku\u017ania-Ostr\u00f3w-Wielkopolski-596813284073664\/"]}]}},"_links":{"self":[{"href":"https:\/\/kuzniaostrow.pl\/index.php\/wp-json\/wp\/v2\/pages\/490","targetHints":{"allow":["GET"]}}],"collection":[{"href":"https:\/\/kuzniaostrow.pl\/index.php\/wp-json\/wp\/v2\/pages"}],"about":[{"href":"https:\/\/kuzniaostrow.pl\/index.php\/wp-json\/wp\/v2\/types\/page"}],"author":[{"embeddable":true,"href":"https:\/\/kuzniaostrow.pl\/index.php\/wp-json\/wp\/v2\/users\/2"}],"replies":[{"embeddable":true,"href":"https:\/\/kuzniaostrow.pl\/index.php\/wp-json\/wp\/v2\/comments?post=490"}],"version-history":[{"count":4,"href":"https:\/\/kuzniaostrow.pl\/index.php\/wp-json\/wp\/v2\/pages\/490\/revisions"}],"predecessor-version":[{"id":3692,"href":"https:\/\/kuzniaostrow.pl\/index.php\/wp-json\/wp\/v2\/pages\/490\/revisions\/3692"}],"wp:attachment":[{"href":"https:\/\/kuzniaostrow.pl\/index.php\/wp-json\/wp\/v2\/media?parent=490"}],"wp:term":[{"taxonomy":"category","embeddable":true,"href":"https:\/\/kuzniaostrow.pl\/index.php\/wp-json\/wp\/v2\/categories?post=490"},{"taxonomy":"post_tag","embeddable":true,"href":"https:\/\/kuzniaostrow.pl\/index.php\/wp-json\/wp\/v2\/tags?post=490"}],"curies":[{"name":"wp","href":"https:\/\/api.w.org\/{rel}","templated":true}]}}