{"id":494,"date":"2019-01-15T07:25:02","date_gmt":"2019-01-15T06:25:02","guid":{"rendered":"http:\/\/kuzniaostrow.pl\/?page_id=494"},"modified":"2019-01-28T13:06:52","modified_gmt":"2019-01-28T12:06:52","slug":"pruflabor","status":"publish","type":"page","link":"https:\/\/kuzniaostrow.pl\/index.php\/de\/pruflabor\/","title":{"rendered":"Pr\u00fcflabor"},"content":{"rendered":"\n<p>Ku\u017ania Ostr\u00f3w Wielkopolski Sp. z o.o.  verf\u00fcgt \u00fcber eigenes Pr\u00fcflabor, in dem f\u00fchren wir die Versuche und Pr\u00fcfungen unserer eigenen Produkte durch. Im Auftrag von einem Kunden k\u00f6nnen wir auch andere Produkte in bestimmtem Bereich pr\u00fcfen. Unser Labor hat Anerkennung von TDT (Technische Transport\u00fcberwachung) nach der Norm EN 17025.<\/p>\n\n\n\n<figure class=\"wp-block-image\"><a href=\"http:\/\/kuzniaostrow.pl\/wp-content\/uploads\/2018\/12\/Laboratorium-System-17025.pdf\"><img decoding=\"async\" src=\"http:\/\/kuzniaostrow.pl\/wp-content\/uploads\/2018\/12\/Laboratorium-System-17025-page-001-212x300.jpg\" alt=\"ISO 9001 2015\"\/><\/a><\/figure>\n","protected":false},"excerpt":{"rendered":"<p>Ku\u017ania Ostr\u00f3w Wielkopolski Sp. z o.o. verf\u00fcgt \u00fcber eigenes Pr\u00fcflabor, in dem f\u00fchren wir die Versuche und Pr\u00fcfungen unserer eigenen Produkte durch. Im Auftrag von einem Kunden k\u00f6nnen wir auch andere Produkte in bestimmtem Bereich pr\u00fcfen. Unser Labor hat Anerkennung von TDT (Technische Transport\u00fcberwachung) nach der Norm EN 17025.<\/p>\n","protected":false},"author":2,"featured_media":0,"parent":0,"menu_order":0,"comment_status":"closed","ping_status":"closed","template":"","meta":{"ngg_post_thumbnail":0,"footnotes":""},"categories":[146],"tags":[],"class_list":["post-494","page","type-page","status-publish","hentry","category-qualitaet"],"yoast_head":"<!-- This site is optimized with the Yoast SEO plugin v26.9 - https:\/\/yoast.com\/product\/yoast-seo-wordpress\/ -->\n<title>Pr\u00fcflabor - Ku\u017ania Ostr\u00f3w Wielkopolski sp. z o.o.<\/title>\n<meta name=\"robots\" content=\"index, follow, max-snippet:-1, max-image-preview:large, max-video-preview:-1\" \/>\n<link rel=\"canonical\" href=\"https:\/\/kuzniaostrow.pl\/index.php\/de\/pruflabor\/\" \/>\n<meta property=\"og:locale\" content=\"pl_PL\" \/>\n<meta property=\"og:type\" content=\"article\" \/>\n<meta property=\"og:title\" content=\"Pr\u00fcflabor - Ku\u017ania Ostr\u00f3w Wielkopolski sp. z o.o.\" \/>\n<meta property=\"og:description\" content=\"Ku\u017ania Ostr\u00f3w Wielkopolski Sp. z o.o. verf\u00fcgt \u00fcber eigenes Pr\u00fcflabor, in dem f\u00fchren wir die Versuche und Pr\u00fcfungen unserer eigenen Produkte durch. Im Auftrag von einem Kunden k\u00f6nnen wir auch andere Produkte in bestimmtem Bereich pr\u00fcfen. Unser Labor hat Anerkennung von TDT (Technische Transport\u00fcberwachung) nach der Norm EN 17025.\" \/>\n<meta property=\"og:url\" content=\"https:\/\/kuzniaostrow.pl\/index.php\/de\/pruflabor\/\" \/>\n<meta property=\"og:site_name\" content=\"Ku\u017ania Ostr\u00f3w Wielkopolski sp. z o.o.\" \/>\n<meta property=\"article:publisher\" content=\"https:\/\/www.facebook.com\/Ku%c5%bania-Ostr%c3%b3w-Wielkopolski-596813284073664\/\" \/>\n<meta property=\"article:modified_time\" content=\"2019-01-28T12:06:52+00:00\" \/>\n<meta property=\"og:image\" content=\"http:\/\/kuzniaostrow.pl\/wp-content\/uploads\/2018\/12\/Laboratorium-System-17025-page-001-212x300.jpg\" \/>\n<meta name=\"twitter:card\" content=\"summary_large_image\" \/>\n<script type=\"application\/ld+json\" class=\"yoast-schema-graph\">{\"@context\":\"https:\/\/schema.org\",\"@graph\":[{\"@type\":\"WebPage\",\"@id\":\"https:\/\/kuzniaostrow.pl\/index.php\/de\/pruflabor\/\",\"url\":\"https:\/\/kuzniaostrow.pl\/index.php\/de\/pruflabor\/\",\"name\":\"Pr\u00fcflabor - Ku\u017ania Ostr\u00f3w Wielkopolski sp. z o.o.\",\"isPartOf\":{\"@id\":\"https:\/\/kuzniaostrow.pl\/#website\"},\"primaryImageOfPage\":{\"@id\":\"https:\/\/kuzniaostrow.pl\/index.php\/de\/pruflabor\/#primaryimage\"},\"image\":{\"@id\":\"https:\/\/kuzniaostrow.pl\/index.php\/de\/pruflabor\/#primaryimage\"},\"thumbnailUrl\":\"http:\/\/kuzniaostrow.pl\/wp-content\/uploads\/2018\/12\/Laboratorium-System-17025-page-001-212x300.jpg\",\"datePublished\":\"2019-01-15T06:25:02+00:00\",\"dateModified\":\"2019-01-28T12:06:52+00:00\",\"breadcrumb\":{\"@id\":\"https:\/\/kuzniaostrow.pl\/index.php\/de\/pruflabor\/#breadcrumb\"},\"inLanguage\":\"pl-PL\",\"potentialAction\":[{\"@type\":\"ReadAction\",\"target\":[\"https:\/\/kuzniaostrow.pl\/index.php\/de\/pruflabor\/\"]}]},{\"@type\":\"ImageObject\",\"inLanguage\":\"pl-PL\",\"@id\":\"https:\/\/kuzniaostrow.pl\/index.php\/de\/pruflabor\/#primaryimage\",\"url\":\"https:\/\/kuzniaostrow.pl\/wp-content\/uploads\/2018\/12\/Laboratorium-System-17025-page-001.jpg\",\"contentUrl\":\"https:\/\/kuzniaostrow.pl\/wp-content\/uploads\/2018\/12\/Laboratorium-System-17025-page-001.jpg\",\"width\":2480,\"height\":3508},{\"@type\":\"BreadcrumbList\",\"@id\":\"https:\/\/kuzniaostrow.pl\/index.php\/de\/pruflabor\/#breadcrumb\",\"itemListElement\":[{\"@type\":\"ListItem\",\"position\":1,\"name\":\"Strona g\u0142\u00f3wna\",\"item\":\"https:\/\/kuzniaostrow.pl\/\"},{\"@type\":\"ListItem\",\"position\":2,\"name\":\"Pr\u00fcflabor\"}]},{\"@type\":\"WebSite\",\"@id\":\"https:\/\/kuzniaostrow.pl\/#website\",\"url\":\"https:\/\/kuzniaostrow.pl\/\",\"name\":\"Ku\u017ania Ostr\u00f3w Wielkopolski sp. z o.o.\",\"description\":\"producent wyrob\u00f3w kutych\",\"publisher\":{\"@id\":\"https:\/\/kuzniaostrow.pl\/#organization\"},\"potentialAction\":[{\"@type\":\"SearchAction\",\"target\":{\"@type\":\"EntryPoint\",\"urlTemplate\":\"https:\/\/kuzniaostrow.pl\/?s={search_term_string}\"},\"query-input\":{\"@type\":\"PropertyValueSpecification\",\"valueRequired\":true,\"valueName\":\"search_term_string\"}}],\"inLanguage\":\"pl-PL\"},{\"@type\":\"Organization\",\"@id\":\"https:\/\/kuzniaostrow.pl\/#organization\",\"name\":\"Ku\u017ania Ostr\u00f3w Wielkopolski sp. z o.o.\",\"url\":\"https:\/\/kuzniaostrow.pl\/\",\"logo\":{\"@type\":\"ImageObject\",\"inLanguage\":\"pl-PL\",\"@id\":\"https:\/\/kuzniaostrow.pl\/#\/schema\/logo\/image\/\",\"url\":\"https:\/\/kuzniaostrow.pl\/wp-content\/uploads\/2018\/12\/kowwplogo.png\",\"contentUrl\":\"https:\/\/kuzniaostrow.pl\/wp-content\/uploads\/2018\/12\/kowwplogo.png\",\"width\":512,\"height\":110,\"caption\":\"Ku\u017ania Ostr\u00f3w Wielkopolski sp. z o.o.\"},\"image\":{\"@id\":\"https:\/\/kuzniaostrow.pl\/#\/schema\/logo\/image\/\"},\"sameAs\":[\"https:\/\/www.facebook.com\/Ku\u017ania-Ostr\u00f3w-Wielkopolski-596813284073664\/\"]}]}<\/script>\n<!-- \/ Yoast SEO plugin. -->","yoast_head_json":{"title":"Pr\u00fcflabor - Ku\u017ania Ostr\u00f3w Wielkopolski sp. z o.o.","robots":{"index":"index","follow":"follow","max-snippet":"max-snippet:-1","max-image-preview":"max-image-preview:large","max-video-preview":"max-video-preview:-1"},"canonical":"https:\/\/kuzniaostrow.pl\/index.php\/de\/pruflabor\/","og_locale":"pl_PL","og_type":"article","og_title":"Pr\u00fcflabor - Ku\u017ania Ostr\u00f3w Wielkopolski sp. z o.o.","og_description":"Ku\u017ania Ostr\u00f3w Wielkopolski Sp. z o.o. verf\u00fcgt \u00fcber eigenes Pr\u00fcflabor, in dem f\u00fchren wir die Versuche und Pr\u00fcfungen unserer eigenen Produkte durch. Im Auftrag von einem Kunden k\u00f6nnen wir auch andere Produkte in bestimmtem Bereich pr\u00fcfen. Unser Labor hat Anerkennung von TDT (Technische Transport\u00fcberwachung) nach der Norm EN 17025.","og_url":"https:\/\/kuzniaostrow.pl\/index.php\/de\/pruflabor\/","og_site_name":"Ku\u017ania Ostr\u00f3w Wielkopolski sp. z o.o.","article_publisher":"https:\/\/www.facebook.com\/Ku%c5%bania-Ostr%c3%b3w-Wielkopolski-596813284073664\/","article_modified_time":"2019-01-28T12:06:52+00:00","og_image":[{"url":"http:\/\/kuzniaostrow.pl\/wp-content\/uploads\/2018\/12\/Laboratorium-System-17025-page-001-212x300.jpg","type":"","width":"","height":""}],"twitter_card":"summary_large_image","schema":{"@context":"https:\/\/schema.org","@graph":[{"@type":"WebPage","@id":"https:\/\/kuzniaostrow.pl\/index.php\/de\/pruflabor\/","url":"https:\/\/kuzniaostrow.pl\/index.php\/de\/pruflabor\/","name":"Pr\u00fcflabor - Ku\u017ania Ostr\u00f3w Wielkopolski sp. z o.o.","isPartOf":{"@id":"https:\/\/kuzniaostrow.pl\/#website"},"primaryImageOfPage":{"@id":"https:\/\/kuzniaostrow.pl\/index.php\/de\/pruflabor\/#primaryimage"},"image":{"@id":"https:\/\/kuzniaostrow.pl\/index.php\/de\/pruflabor\/#primaryimage"},"thumbnailUrl":"http:\/\/kuzniaostrow.pl\/wp-content\/uploads\/2018\/12\/Laboratorium-System-17025-page-001-212x300.jpg","datePublished":"2019-01-15T06:25:02+00:00","dateModified":"2019-01-28T12:06:52+00:00","breadcrumb":{"@id":"https:\/\/kuzniaostrow.pl\/index.php\/de\/pruflabor\/#breadcrumb"},"inLanguage":"pl-PL","potentialAction":[{"@type":"ReadAction","target":["https:\/\/kuzniaostrow.pl\/index.php\/de\/pruflabor\/"]}]},{"@type":"ImageObject","inLanguage":"pl-PL","@id":"https:\/\/kuzniaostrow.pl\/index.php\/de\/pruflabor\/#primaryimage","url":"https:\/\/kuzniaostrow.pl\/wp-content\/uploads\/2018\/12\/Laboratorium-System-17025-page-001.jpg","contentUrl":"https:\/\/kuzniaostrow.pl\/wp-content\/uploads\/2018\/12\/Laboratorium-System-17025-page-001.jpg","width":2480,"height":3508},{"@type":"BreadcrumbList","@id":"https:\/\/kuzniaostrow.pl\/index.php\/de\/pruflabor\/#breadcrumb","itemListElement":[{"@type":"ListItem","position":1,"name":"Strona g\u0142\u00f3wna","item":"https:\/\/kuzniaostrow.pl\/"},{"@type":"ListItem","position":2,"name":"Pr\u00fcflabor"}]},{"@type":"WebSite","@id":"https:\/\/kuzniaostrow.pl\/#website","url":"https:\/\/kuzniaostrow.pl\/","name":"Ku\u017ania Ostr\u00f3w Wielkopolski sp. z o.o.","description":"producent wyrob\u00f3w kutych","publisher":{"@id":"https:\/\/kuzniaostrow.pl\/#organization"},"potentialAction":[{"@type":"SearchAction","target":{"@type":"EntryPoint","urlTemplate":"https:\/\/kuzniaostrow.pl\/?s={search_term_string}"},"query-input":{"@type":"PropertyValueSpecification","valueRequired":true,"valueName":"search_term_string"}}],"inLanguage":"pl-PL"},{"@type":"Organization","@id":"https:\/\/kuzniaostrow.pl\/#organization","name":"Ku\u017ania Ostr\u00f3w Wielkopolski sp. z o.o.","url":"https:\/\/kuzniaostrow.pl\/","logo":{"@type":"ImageObject","inLanguage":"pl-PL","@id":"https:\/\/kuzniaostrow.pl\/#\/schema\/logo\/image\/","url":"https:\/\/kuzniaostrow.pl\/wp-content\/uploads\/2018\/12\/kowwplogo.png","contentUrl":"https:\/\/kuzniaostrow.pl\/wp-content\/uploads\/2018\/12\/kowwplogo.png","width":512,"height":110,"caption":"Ku\u017ania Ostr\u00f3w Wielkopolski sp. z o.o."},"image":{"@id":"https:\/\/kuzniaostrow.pl\/#\/schema\/logo\/image\/"},"sameAs":["https:\/\/www.facebook.com\/Ku\u017ania-Ostr\u00f3w-Wielkopolski-596813284073664\/"]}]}},"_links":{"self":[{"href":"https:\/\/kuzniaostrow.pl\/index.php\/wp-json\/wp\/v2\/pages\/494","targetHints":{"allow":["GET"]}}],"collection":[{"href":"https:\/\/kuzniaostrow.pl\/index.php\/wp-json\/wp\/v2\/pages"}],"about":[{"href":"https:\/\/kuzniaostrow.pl\/index.php\/wp-json\/wp\/v2\/types\/page"}],"author":[{"embeddable":true,"href":"https:\/\/kuzniaostrow.pl\/index.php\/wp-json\/wp\/v2\/users\/2"}],"replies":[{"embeddable":true,"href":"https:\/\/kuzniaostrow.pl\/index.php\/wp-json\/wp\/v2\/comments?post=494"}],"version-history":[{"count":2,"href":"https:\/\/kuzniaostrow.pl\/index.php\/wp-json\/wp\/v2\/pages\/494\/revisions"}],"predecessor-version":[{"id":3670,"href":"https:\/\/kuzniaostrow.pl\/index.php\/wp-json\/wp\/v2\/pages\/494\/revisions\/3670"}],"wp:attachment":[{"href":"https:\/\/kuzniaostrow.pl\/index.php\/wp-json\/wp\/v2\/media?parent=494"}],"wp:term":[{"taxonomy":"category","embeddable":true,"href":"https:\/\/kuzniaostrow.pl\/index.php\/wp-json\/wp\/v2\/categories?post=494"},{"taxonomy":"post_tag","embeddable":true,"href":"https:\/\/kuzniaostrow.pl\/index.php\/wp-json\/wp\/v2\/tags?post=494"}],"curies":[{"name":"wp","href":"https:\/\/api.w.org\/{rel}","templated":true}]}}