{"id":525,"date":"2019-01-16T00:48:12","date_gmt":"2019-01-15T23:48:12","guid":{"rendered":"http:\/\/kuzniaostrow.pl\/?page_id=525"},"modified":"2024-06-18T12:55:20","modified_gmt":"2024-06-18T10:55:20","slug":"witamy-w-kuzni-ostrow-wielkopolski-sp-z-o-o","status":"publish","type":"page","link":"https:\/\/kuzniaostrow.pl\/","title":{"rendered":"WITAMY W KU\u0179NI OSTR\u00d3W <br>WIELKOPOLSKI SP. Z O.O.!"},"content":{"rendered":"\n<p>Zapraszamy do wsp\u00f3\u0142pracy z nasz\u0105 firm\u0105 &#8211; wiod\u0105cym w Polsce i w Europie producentem odkuwek matrycowych i swobodnych dla przemys\u0142u kolejowego. Najwy\u017csza jako\u015b\u0107 produkt\u00f3w i us\u0142ug, d\u0142ugoletnie do\u015bwiadczenie oraz fachowa wiedza naszych pracownik\u00f3w &#8211; to znaki rozpoznawcze naszej firmy.<\/p>\n\n\n\n<p>Od 2020 r.nasza firma nale\u017cy do grupy kapita\u0142owej Moravia Steel a.s.<\/p>\n","protected":false},"excerpt":{"rendered":"<p>Zapraszamy do wsp\u00f3\u0142pracy z nasz\u0105 firm\u0105 &#8211; wiod\u0105cym w Polsce i w Europie producentem odkuwek matrycowych i swobodnych dla przemys\u0142u kolejowego. Najwy\u017csza jako\u015b\u0107 produkt\u00f3w i us\u0142ug, d\u0142ugoletnie do\u015bwiadczenie oraz fachowa wiedza naszych pracownik\u00f3w &#8211; to znaki rozpoznawcze naszej firmy. Od 2020 r.nasza firma nale\u017cy do grupy kapita\u0142owej Moravia Steel a.s.<\/p>\n","protected":false},"author":1,"featured_media":0,"parent":0,"menu_order":0,"comment_status":"closed","ping_status":"closed","template":"","meta":{"ngg_post_thumbnail":0,"footnotes":""},"categories":[68],"tags":[],"class_list":["post-525","page","type-page","status-publish","hentry","category-start-pl"],"yoast_head":"<!-- This site is optimized with the Yoast SEO plugin v26.9 - https:\/\/yoast.com\/product\/yoast-seo-wordpress\/ -->\n<title>WITAMY W KU\u0179NI OSTR\u00d3W WIELKOPOLSKI SP. Z O.O.! - Ku\u017ania Ostr\u00f3w Wielkopolski sp. z o.o.<\/title>\n<meta name=\"robots\" content=\"index, follow, max-snippet:-1, max-image-preview:large, max-video-preview:-1\" \/>\n<link rel=\"canonical\" href=\"https:\/\/kuzniaostrow.pl\/\" \/>\n<meta property=\"og:locale\" content=\"pl_PL\" \/>\n<meta property=\"og:type\" content=\"article\" \/>\n<meta property=\"og:title\" content=\"WITAMY W KU\u0179NI OSTR\u00d3W WIELKOPOLSKI SP. Z O.O.! - Ku\u017ania Ostr\u00f3w Wielkopolski sp. z o.o.\" \/>\n<meta property=\"og:description\" content=\"Zapraszamy do wsp\u00f3\u0142pracy z nasz\u0105 firm\u0105 &#8211; wiod\u0105cym w Polsce i w Europie producentem odkuwek matrycowych i swobodnych dla przemys\u0142u kolejowego. Najwy\u017csza jako\u015b\u0107 produkt\u00f3w i us\u0142ug, d\u0142ugoletnie do\u015bwiadczenie oraz fachowa wiedza naszych pracownik\u00f3w &#8211; to znaki rozpoznawcze naszej firmy. Od 2020 r.nasza firma nale\u017cy do grupy kapita\u0142owej Moravia Steel a.s.\" \/>\n<meta property=\"og:url\" content=\"https:\/\/kuzniaostrow.pl\/\" \/>\n<meta property=\"og:site_name\" content=\"Ku\u017ania Ostr\u00f3w Wielkopolski sp. z o.o.\" \/>\n<meta property=\"article:publisher\" content=\"https:\/\/www.facebook.com\/Ku%c5%bania-Ostr%c3%b3w-Wielkopolski-596813284073664\/\" \/>\n<meta property=\"article:modified_time\" content=\"2024-06-18T10:55:20+00:00\" \/>\n<meta name=\"twitter:card\" content=\"summary_large_image\" \/>\n<meta name=\"twitter:label1\" content=\"Szacowany czas czytania\" \/>\n\t<meta name=\"twitter:data1\" content=\"1 minuta\" \/>\n<script type=\"application\/ld+json\" class=\"yoast-schema-graph\">{\"@context\":\"https:\/\/schema.org\",\"@graph\":[{\"@type\":\"WebPage\",\"@id\":\"https:\/\/kuzniaostrow.pl\/\",\"url\":\"https:\/\/kuzniaostrow.pl\/\",\"name\":\"WITAMY W KU\u0179NI OSTR\u00d3W WIELKOPOLSKI SP. Z O.O.! - Ku\u017ania Ostr\u00f3w Wielkopolski sp. z o.o.\",\"isPartOf\":{\"@id\":\"https:\/\/kuzniaostrow.pl\/#website\"},\"datePublished\":\"2019-01-15T23:48:12+00:00\",\"dateModified\":\"2024-06-18T10:55:20+00:00\",\"breadcrumb\":{\"@id\":\"https:\/\/kuzniaostrow.pl\/#breadcrumb\"},\"inLanguage\":\"pl-PL\",\"potentialAction\":[{\"@type\":\"ReadAction\",\"target\":[\"https:\/\/kuzniaostrow.pl\/\"]}]},{\"@type\":\"BreadcrumbList\",\"@id\":\"https:\/\/kuzniaostrow.pl\/#breadcrumb\",\"itemListElement\":[{\"@type\":\"ListItem\",\"position\":1,\"name\":\"Strona g\u0142\u00f3wna\",\"item\":\"https:\/\/kuzniaostrow.pl\/\"},{\"@type\":\"ListItem\",\"position\":2,\"name\":\"WITAMY W KU\u0179NI OSTR\u00d3W WIELKOPOLSKI SP. Z O.O.!\"}]},{\"@type\":\"WebSite\",\"@id\":\"https:\/\/kuzniaostrow.pl\/#website\",\"url\":\"https:\/\/kuzniaostrow.pl\/\",\"name\":\"Ku\u017ania Ostr\u00f3w Wielkopolski sp. z o.o.\",\"description\":\"producent wyrob\u00f3w kutych\",\"publisher\":{\"@id\":\"https:\/\/kuzniaostrow.pl\/#organization\"},\"potentialAction\":[{\"@type\":\"SearchAction\",\"target\":{\"@type\":\"EntryPoint\",\"urlTemplate\":\"https:\/\/kuzniaostrow.pl\/?s={search_term_string}\"},\"query-input\":{\"@type\":\"PropertyValueSpecification\",\"valueRequired\":true,\"valueName\":\"search_term_string\"}}],\"inLanguage\":\"pl-PL\"},{\"@type\":\"Organization\",\"@id\":\"https:\/\/kuzniaostrow.pl\/#organization\",\"name\":\"Ku\u017ania Ostr\u00f3w Wielkopolski sp. z o.o.\",\"url\":\"https:\/\/kuzniaostrow.pl\/\",\"logo\":{\"@type\":\"ImageObject\",\"inLanguage\":\"pl-PL\",\"@id\":\"https:\/\/kuzniaostrow.pl\/#\/schema\/logo\/image\/\",\"url\":\"https:\/\/kuzniaostrow.pl\/wp-content\/uploads\/2018\/12\/kowwplogo.png\",\"contentUrl\":\"https:\/\/kuzniaostrow.pl\/wp-content\/uploads\/2018\/12\/kowwplogo.png\",\"width\":512,\"height\":110,\"caption\":\"Ku\u017ania Ostr\u00f3w Wielkopolski sp. z o.o.\"},\"image\":{\"@id\":\"https:\/\/kuzniaostrow.pl\/#\/schema\/logo\/image\/\"},\"sameAs\":[\"https:\/\/www.facebook.com\/Ku\u017ania-Ostr\u00f3w-Wielkopolski-596813284073664\/\"]}]}<\/script>\n<!-- \/ Yoast SEO plugin. -->","yoast_head_json":{"title":"WITAMY W KU\u0179NI OSTR\u00d3W WIELKOPOLSKI SP. Z O.O.! - Ku\u017ania Ostr\u00f3w Wielkopolski sp. z o.o.","robots":{"index":"index","follow":"follow","max-snippet":"max-snippet:-1","max-image-preview":"max-image-preview:large","max-video-preview":"max-video-preview:-1"},"canonical":"https:\/\/kuzniaostrow.pl\/","og_locale":"pl_PL","og_type":"article","og_title":"WITAMY W KU\u0179NI OSTR\u00d3W WIELKOPOLSKI SP. Z O.O.! - Ku\u017ania Ostr\u00f3w Wielkopolski sp. z o.o.","og_description":"Zapraszamy do wsp\u00f3\u0142pracy z nasz\u0105 firm\u0105 &#8211; wiod\u0105cym w Polsce i w Europie producentem odkuwek matrycowych i swobodnych dla przemys\u0142u kolejowego. Najwy\u017csza jako\u015b\u0107 produkt\u00f3w i us\u0142ug, d\u0142ugoletnie do\u015bwiadczenie oraz fachowa wiedza naszych pracownik\u00f3w &#8211; to znaki rozpoznawcze naszej firmy. Od 2020 r.nasza firma nale\u017cy do grupy kapita\u0142owej Moravia Steel a.s.","og_url":"https:\/\/kuzniaostrow.pl\/","og_site_name":"Ku\u017ania Ostr\u00f3w Wielkopolski sp. z o.o.","article_publisher":"https:\/\/www.facebook.com\/Ku%c5%bania-Ostr%c3%b3w-Wielkopolski-596813284073664\/","article_modified_time":"2024-06-18T10:55:20+00:00","twitter_card":"summary_large_image","twitter_misc":{"Szacowany czas czytania":"1 minuta"},"schema":{"@context":"https:\/\/schema.org","@graph":[{"@type":"WebPage","@id":"https:\/\/kuzniaostrow.pl\/","url":"https:\/\/kuzniaostrow.pl\/","name":"WITAMY W KU\u0179NI OSTR\u00d3W WIELKOPOLSKI SP. Z O.O.! - Ku\u017ania Ostr\u00f3w Wielkopolski sp. z o.o.","isPartOf":{"@id":"https:\/\/kuzniaostrow.pl\/#website"},"datePublished":"2019-01-15T23:48:12+00:00","dateModified":"2024-06-18T10:55:20+00:00","breadcrumb":{"@id":"https:\/\/kuzniaostrow.pl\/#breadcrumb"},"inLanguage":"pl-PL","potentialAction":[{"@type":"ReadAction","target":["https:\/\/kuzniaostrow.pl\/"]}]},{"@type":"BreadcrumbList","@id":"https:\/\/kuzniaostrow.pl\/#breadcrumb","itemListElement":[{"@type":"ListItem","position":1,"name":"Strona g\u0142\u00f3wna","item":"https:\/\/kuzniaostrow.pl\/"},{"@type":"ListItem","position":2,"name":"WITAMY W KU\u0179NI OSTR\u00d3W WIELKOPOLSKI SP. Z O.O.!"}]},{"@type":"WebSite","@id":"https:\/\/kuzniaostrow.pl\/#website","url":"https:\/\/kuzniaostrow.pl\/","name":"Ku\u017ania Ostr\u00f3w Wielkopolski sp. z o.o.","description":"producent wyrob\u00f3w kutych","publisher":{"@id":"https:\/\/kuzniaostrow.pl\/#organization"},"potentialAction":[{"@type":"SearchAction","target":{"@type":"EntryPoint","urlTemplate":"https:\/\/kuzniaostrow.pl\/?s={search_term_string}"},"query-input":{"@type":"PropertyValueSpecification","valueRequired":true,"valueName":"search_term_string"}}],"inLanguage":"pl-PL"},{"@type":"Organization","@id":"https:\/\/kuzniaostrow.pl\/#organization","name":"Ku\u017ania Ostr\u00f3w Wielkopolski sp. z o.o.","url":"https:\/\/kuzniaostrow.pl\/","logo":{"@type":"ImageObject","inLanguage":"pl-PL","@id":"https:\/\/kuzniaostrow.pl\/#\/schema\/logo\/image\/","url":"https:\/\/kuzniaostrow.pl\/wp-content\/uploads\/2018\/12\/kowwplogo.png","contentUrl":"https:\/\/kuzniaostrow.pl\/wp-content\/uploads\/2018\/12\/kowwplogo.png","width":512,"height":110,"caption":"Ku\u017ania Ostr\u00f3w Wielkopolski sp. z o.o."},"image":{"@id":"https:\/\/kuzniaostrow.pl\/#\/schema\/logo\/image\/"},"sameAs":["https:\/\/www.facebook.com\/Ku\u017ania-Ostr\u00f3w-Wielkopolski-596813284073664\/"]}]}},"_links":{"self":[{"href":"https:\/\/kuzniaostrow.pl\/index.php\/wp-json\/wp\/v2\/pages\/525","targetHints":{"allow":["GET"]}}],"collection":[{"href":"https:\/\/kuzniaostrow.pl\/index.php\/wp-json\/wp\/v2\/pages"}],"about":[{"href":"https:\/\/kuzniaostrow.pl\/index.php\/wp-json\/wp\/v2\/types\/page"}],"author":[{"embeddable":true,"href":"https:\/\/kuzniaostrow.pl\/index.php\/wp-json\/wp\/v2\/users\/1"}],"replies":[{"embeddable":true,"href":"https:\/\/kuzniaostrow.pl\/index.php\/wp-json\/wp\/v2\/comments?post=525"}],"version-history":[{"count":4,"href":"https:\/\/kuzniaostrow.pl\/index.php\/wp-json\/wp\/v2\/pages\/525\/revisions"}],"predecessor-version":[{"id":4264,"href":"https:\/\/kuzniaostrow.pl\/index.php\/wp-json\/wp\/v2\/pages\/525\/revisions\/4264"}],"wp:attachment":[{"href":"https:\/\/kuzniaostrow.pl\/index.php\/wp-json\/wp\/v2\/media?parent=525"}],"wp:term":[{"taxonomy":"category","embeddable":true,"href":"https:\/\/kuzniaostrow.pl\/index.php\/wp-json\/wp\/v2\/categories?post=525"},{"taxonomy":"post_tag","embeddable":true,"href":"https:\/\/kuzniaostrow.pl\/index.php\/wp-json\/wp\/v2\/tags?post=525"}],"curies":[{"name":"wp","href":"https:\/\/api.w.org\/{rel}","templated":true}]}}