{"id":533,"date":"2019-01-16T00:57:24","date_gmt":"2019-01-15T23:57:24","guid":{"rendered":"http:\/\/kuzniaostrow.pl\/?page_id=533"},"modified":"2024-06-18T12:57:21","modified_gmt":"2024-06-18T10:57:21","slug":"welcome-to-kow","status":"publish","type":"page","link":"https:\/\/kuzniaostrow.pl\/index.php\/en\/welcome-to-kow\/","title":{"rendered":"Welcome to KOW!"},"content":{"rendered":"\n<p>We invite you to cooperate with our company &#8211; the leading producer of die forgings and free forgings for the railway industry in Poland and Europe. The highest quality products and services, many years of experience and professional knowledge of our employees &#8211; these are the trademarks of our company. Since 2020, Ku\u017ania Ostr\u00f3w Wielkopolski belongs to the capital group Moravia Steel a.s.<\/p>\n\n\n\n<!--more-->\n\n\n\n<p><br><\/p>\n","protected":false},"excerpt":{"rendered":"<p>We invite you to cooperate with our company &#8211; the leading producer of die forgings and free forgings for the railway industry in Poland and Europe. The highest quality products and services, many years of experience and professional knowledge of our employees &#8211; these are the trademarks of our company. Since 2020, Ku\u017ania Ostr\u00f3w Wielkopolski belongs to the capital group Moravia Steel a.s.<\/p>\n","protected":false},"author":4,"featured_media":0,"parent":0,"menu_order":0,"comment_status":"closed","ping_status":"closed","template":"","meta":{"ngg_post_thumbnail":0,"footnotes":""},"categories":[],"tags":[],"class_list":["post-533","page","type-page","status-publish","hentry"],"yoast_head":"<!-- This site is optimized with the Yoast SEO plugin v26.9 - https:\/\/yoast.com\/product\/yoast-seo-wordpress\/ -->\n<title>Welcome to KOW! - Ku\u017ania Ostr\u00f3w Wielkopolski sp. z o.o.<\/title>\n<meta name=\"robots\" content=\"index, follow, max-snippet:-1, max-image-preview:large, max-video-preview:-1\" \/>\n<link rel=\"canonical\" href=\"https:\/\/kuzniaostrow.pl\/index.php\/en\/welcome-to-kow\/\" \/>\n<meta property=\"og:locale\" content=\"pl_PL\" \/>\n<meta property=\"og:type\" content=\"article\" \/>\n<meta property=\"og:title\" content=\"Welcome to KOW! - Ku\u017ania Ostr\u00f3w Wielkopolski sp. z o.o.\" \/>\n<meta property=\"og:description\" content=\"We invite you to cooperate with our company &#8211; the leading producer of die forgings and free forgings for the railway industry in Poland and Europe. The highest quality products and services, many years of experience and professional knowledge of our employees &#8211; these are the trademarks of our company. Since 2020, Ku\u017ania Ostr\u00f3w Wielkopolski belongs to the capital group Moravia Steel a.s.\" \/>\n<meta property=\"og:url\" content=\"https:\/\/kuzniaostrow.pl\/index.php\/en\/welcome-to-kow\/\" \/>\n<meta property=\"og:site_name\" content=\"Ku\u017ania Ostr\u00f3w Wielkopolski sp. z o.o.\" \/>\n<meta property=\"article:publisher\" content=\"https:\/\/www.facebook.com\/Ku%c5%bania-Ostr%c3%b3w-Wielkopolski-596813284073664\/\" \/>\n<meta property=\"article:modified_time\" content=\"2024-06-18T10:57:21+00:00\" \/>\n<meta name=\"twitter:card\" content=\"summary_large_image\" \/>\n<meta name=\"twitter:label1\" content=\"Szacowany czas czytania\" \/>\n\t<meta name=\"twitter:data1\" content=\"1 minuta\" \/>\n<script type=\"application\/ld+json\" class=\"yoast-schema-graph\">{\"@context\":\"https:\/\/schema.org\",\"@graph\":[{\"@type\":\"WebPage\",\"@id\":\"https:\/\/kuzniaostrow.pl\/index.php\/en\/welcome-to-kow\/\",\"url\":\"https:\/\/kuzniaostrow.pl\/index.php\/en\/welcome-to-kow\/\",\"name\":\"Welcome to KOW! - Ku\u017ania Ostr\u00f3w Wielkopolski sp. z o.o.\",\"isPartOf\":{\"@id\":\"https:\/\/kuzniaostrow.pl\/#website\"},\"datePublished\":\"2019-01-15T23:57:24+00:00\",\"dateModified\":\"2024-06-18T10:57:21+00:00\",\"breadcrumb\":{\"@id\":\"https:\/\/kuzniaostrow.pl\/index.php\/en\/welcome-to-kow\/#breadcrumb\"},\"inLanguage\":\"pl-PL\",\"potentialAction\":[{\"@type\":\"ReadAction\",\"target\":[\"https:\/\/kuzniaostrow.pl\/index.php\/en\/welcome-to-kow\/\"]}]},{\"@type\":\"BreadcrumbList\",\"@id\":\"https:\/\/kuzniaostrow.pl\/index.php\/en\/welcome-to-kow\/#breadcrumb\",\"itemListElement\":[{\"@type\":\"ListItem\",\"position\":1,\"name\":\"Strona g\u0142\u00f3wna\",\"item\":\"https:\/\/kuzniaostrow.pl\/\"},{\"@type\":\"ListItem\",\"position\":2,\"name\":\"Welcome to KOW!\"}]},{\"@type\":\"WebSite\",\"@id\":\"https:\/\/kuzniaostrow.pl\/#website\",\"url\":\"https:\/\/kuzniaostrow.pl\/\",\"name\":\"Ku\u017ania Ostr\u00f3w Wielkopolski sp. z o.o.\",\"description\":\"producent wyrob\u00f3w kutych\",\"publisher\":{\"@id\":\"https:\/\/kuzniaostrow.pl\/#organization\"},\"potentialAction\":[{\"@type\":\"SearchAction\",\"target\":{\"@type\":\"EntryPoint\",\"urlTemplate\":\"https:\/\/kuzniaostrow.pl\/?s={search_term_string}\"},\"query-input\":{\"@type\":\"PropertyValueSpecification\",\"valueRequired\":true,\"valueName\":\"search_term_string\"}}],\"inLanguage\":\"pl-PL\"},{\"@type\":\"Organization\",\"@id\":\"https:\/\/kuzniaostrow.pl\/#organization\",\"name\":\"Ku\u017ania Ostr\u00f3w Wielkopolski sp. z o.o.\",\"url\":\"https:\/\/kuzniaostrow.pl\/\",\"logo\":{\"@type\":\"ImageObject\",\"inLanguage\":\"pl-PL\",\"@id\":\"https:\/\/kuzniaostrow.pl\/#\/schema\/logo\/image\/\",\"url\":\"https:\/\/kuzniaostrow.pl\/wp-content\/uploads\/2018\/12\/kowwplogo.png\",\"contentUrl\":\"https:\/\/kuzniaostrow.pl\/wp-content\/uploads\/2018\/12\/kowwplogo.png\",\"width\":512,\"height\":110,\"caption\":\"Ku\u017ania Ostr\u00f3w Wielkopolski sp. z o.o.\"},\"image\":{\"@id\":\"https:\/\/kuzniaostrow.pl\/#\/schema\/logo\/image\/\"},\"sameAs\":[\"https:\/\/www.facebook.com\/Ku\u017ania-Ostr\u00f3w-Wielkopolski-596813284073664\/\"]}]}<\/script>\n<!-- \/ Yoast SEO plugin. -->","yoast_head_json":{"title":"Welcome to KOW! - Ku\u017ania Ostr\u00f3w Wielkopolski sp. z o.o.","robots":{"index":"index","follow":"follow","max-snippet":"max-snippet:-1","max-image-preview":"max-image-preview:large","max-video-preview":"max-video-preview:-1"},"canonical":"https:\/\/kuzniaostrow.pl\/index.php\/en\/welcome-to-kow\/","og_locale":"pl_PL","og_type":"article","og_title":"Welcome to KOW! - Ku\u017ania Ostr\u00f3w Wielkopolski sp. z o.o.","og_description":"We invite you to cooperate with our company &#8211; the leading producer of die forgings and free forgings for the railway industry in Poland and Europe. The highest quality products and services, many years of experience and professional knowledge of our employees &#8211; these are the trademarks of our company. Since 2020, Ku\u017ania Ostr\u00f3w Wielkopolski belongs to the capital group Moravia Steel a.s.","og_url":"https:\/\/kuzniaostrow.pl\/index.php\/en\/welcome-to-kow\/","og_site_name":"Ku\u017ania Ostr\u00f3w Wielkopolski sp. z o.o.","article_publisher":"https:\/\/www.facebook.com\/Ku%c5%bania-Ostr%c3%b3w-Wielkopolski-596813284073664\/","article_modified_time":"2024-06-18T10:57:21+00:00","twitter_card":"summary_large_image","twitter_misc":{"Szacowany czas czytania":"1 minuta"},"schema":{"@context":"https:\/\/schema.org","@graph":[{"@type":"WebPage","@id":"https:\/\/kuzniaostrow.pl\/index.php\/en\/welcome-to-kow\/","url":"https:\/\/kuzniaostrow.pl\/index.php\/en\/welcome-to-kow\/","name":"Welcome to KOW! - Ku\u017ania Ostr\u00f3w Wielkopolski sp. z o.o.","isPartOf":{"@id":"https:\/\/kuzniaostrow.pl\/#website"},"datePublished":"2019-01-15T23:57:24+00:00","dateModified":"2024-06-18T10:57:21+00:00","breadcrumb":{"@id":"https:\/\/kuzniaostrow.pl\/index.php\/en\/welcome-to-kow\/#breadcrumb"},"inLanguage":"pl-PL","potentialAction":[{"@type":"ReadAction","target":["https:\/\/kuzniaostrow.pl\/index.php\/en\/welcome-to-kow\/"]}]},{"@type":"BreadcrumbList","@id":"https:\/\/kuzniaostrow.pl\/index.php\/en\/welcome-to-kow\/#breadcrumb","itemListElement":[{"@type":"ListItem","position":1,"name":"Strona g\u0142\u00f3wna","item":"https:\/\/kuzniaostrow.pl\/"},{"@type":"ListItem","position":2,"name":"Welcome to KOW!"}]},{"@type":"WebSite","@id":"https:\/\/kuzniaostrow.pl\/#website","url":"https:\/\/kuzniaostrow.pl\/","name":"Ku\u017ania Ostr\u00f3w Wielkopolski sp. z o.o.","description":"producent wyrob\u00f3w kutych","publisher":{"@id":"https:\/\/kuzniaostrow.pl\/#organization"},"potentialAction":[{"@type":"SearchAction","target":{"@type":"EntryPoint","urlTemplate":"https:\/\/kuzniaostrow.pl\/?s={search_term_string}"},"query-input":{"@type":"PropertyValueSpecification","valueRequired":true,"valueName":"search_term_string"}}],"inLanguage":"pl-PL"},{"@type":"Organization","@id":"https:\/\/kuzniaostrow.pl\/#organization","name":"Ku\u017ania Ostr\u00f3w Wielkopolski sp. z o.o.","url":"https:\/\/kuzniaostrow.pl\/","logo":{"@type":"ImageObject","inLanguage":"pl-PL","@id":"https:\/\/kuzniaostrow.pl\/#\/schema\/logo\/image\/","url":"https:\/\/kuzniaostrow.pl\/wp-content\/uploads\/2018\/12\/kowwplogo.png","contentUrl":"https:\/\/kuzniaostrow.pl\/wp-content\/uploads\/2018\/12\/kowwplogo.png","width":512,"height":110,"caption":"Ku\u017ania Ostr\u00f3w Wielkopolski sp. z o.o."},"image":{"@id":"https:\/\/kuzniaostrow.pl\/#\/schema\/logo\/image\/"},"sameAs":["https:\/\/www.facebook.com\/Ku\u017ania-Ostr\u00f3w-Wielkopolski-596813284073664\/"]}]}},"_links":{"self":[{"href":"https:\/\/kuzniaostrow.pl\/index.php\/wp-json\/wp\/v2\/pages\/533","targetHints":{"allow":["GET"]}}],"collection":[{"href":"https:\/\/kuzniaostrow.pl\/index.php\/wp-json\/wp\/v2\/pages"}],"about":[{"href":"https:\/\/kuzniaostrow.pl\/index.php\/wp-json\/wp\/v2\/types\/page"}],"author":[{"embeddable":true,"href":"https:\/\/kuzniaostrow.pl\/index.php\/wp-json\/wp\/v2\/users\/4"}],"replies":[{"embeddable":true,"href":"https:\/\/kuzniaostrow.pl\/index.php\/wp-json\/wp\/v2\/comments?post=533"}],"version-history":[{"count":5,"href":"https:\/\/kuzniaostrow.pl\/index.php\/wp-json\/wp\/v2\/pages\/533\/revisions"}],"predecessor-version":[{"id":4265,"href":"https:\/\/kuzniaostrow.pl\/index.php\/wp-json\/wp\/v2\/pages\/533\/revisions\/4265"}],"wp:attachment":[{"href":"https:\/\/kuzniaostrow.pl\/index.php\/wp-json\/wp\/v2\/media?parent=533"}],"wp:term":[{"taxonomy":"category","embeddable":true,"href":"https:\/\/kuzniaostrow.pl\/index.php\/wp-json\/wp\/v2\/categories?post=533"},{"taxonomy":"post_tag","embeddable":true,"href":"https:\/\/kuzniaostrow.pl\/index.php\/wp-json\/wp\/v2\/tags?post=533"}],"curies":[{"name":"wp","href":"https:\/\/api.w.org\/{rel}","templated":true}]}}