{"id":79,"date":"2018-10-25T15:58:21","date_gmt":"2018-10-25T13:58:21","guid":{"rendered":"http:\/\/kuzniaostrow.pl\/?page_id=79"},"modified":"2024-06-14T10:41:57","modified_gmt":"2024-06-14T08:41:57","slug":"historia-firmy","status":"publish","type":"page","link":"https:\/\/kuzniaostrow.pl\/index.php\/historia-firmy\/","title":{"rendered":"Historia firmy"},"content":{"rendered":"<p><img loading=\"lazy\" decoding=\"async\" class=\"size-medium wp-image-255 alignleft\" src=\"http:\/\/kuzniaostrow.pl\/wp-content\/uploads\/2018\/12\/piece-217x300.png\" alt=\"\" width=\"217\" height=\"300\" srcset=\"https:\/\/kuzniaostrow.pl\/wp-content\/uploads\/2018\/12\/piece-217x300.png 217w, https:\/\/kuzniaostrow.pl\/wp-content\/uploads\/2018\/12\/piece.png 412w\" sizes=\"auto, (max-width: 217px) 100vw, 217px\" \/>Ku\u017ania Ostr\u00f3w Wielkopolski Sp. z o.o. kontynuuje wieloletni\u0105 tradycj\u0119 przedsi\u0119biorstw z bran\u017cy kolejowej, dzia\u0142aj\u0105cych w naszym regionie.<\/p>\n<p>Pierwsza z nich &#8211; Fabryka Wagon zosta\u0142a za\u0142o\u017cona w 1920 r. jako sp\u00f3\u0142ka akcyjna zajmuj\u0105ca si\u0119 budow\u0105 taboru kolejowego. Po II wojnie \u015bwiatowej, w 1952 r. firma odrodzi\u0142a si\u0119 jako ZNTK Ostr\u00f3w Wielkopolski &#8211; Zak\u0142ady Naprawcze Taboru Kolejowego, wkr\u00f3tce staj\u0105c si\u0119 najwi\u0119kszym przedsi\u0119biorstwem tej bran\u017cy w Polsce.<\/p>\n<p>W 1964 r. w ramach ZNTK rozpocz\u0119to budow\u0119 nowego wydzia\u0142u &#8211; Ku\u017ani, kt\u00f3ry mia\u0142 zapewni\u0107 produkcj\u0119 podzespo\u0142\u00f3w kutych koniecznych do budowy i naprawy taboru kolejowego.<\/p>\n<p>W 1999 r. firma powr\u00f3ci\u0142a do swojej historycznej nazwy, tzn. Fabryka Wagon S.A. W wyniku przekszta\u0142ce\u0144 w\u0142asno\u015bciowych w 2001 r. wydzia\u0142 ku\u017ani rozpocz\u0105\u0142 samodzieln\u0105 dzia\u0142alno\u015b\u0107. W 2006 r. firma ta przyj\u0119\u0142a nazw\u0119 Ku\u017ania Ostr\u00f3w Wielkopolski Sp. z o.o.<\/p>\n<p>W 2017 r. inwestorem Ku\u017ani Ostr\u00f3w Wielkopolski Sp. z o. sta\u0142a si\u0119 &nbsp;czeska ku\u017ania MSV Metal Studenka a.s. \u2013 europejski lider na rynku komponent\u00f3w i odkuwek dla przemys\u0142u kolejowego<em>.<\/em><\/p>\n<p>W 2020 roku obie firmy wesz\u0142y w sk\u0142ad grupy kapita\u0142owej Moravia Steel a.s. \u2013 lidera w Europie \u015arodkowej &nbsp;na rynku produkcji wyrob\u00f3w hutniczych.<\/p>\n","protected":false},"excerpt":{"rendered":"<p>Ku\u017ania Ostr\u00f3w Wielkopolski Sp. z o.o. kontynuuje wieloletni\u0105 tradycj\u0119 przedsi\u0119biorstw z bran\u017cy kolejowej, dzia\u0142aj\u0105cych w naszym regionie. Pierwsza z nich &#8211; Fabryka Wagon zosta\u0142a za\u0142o\u017cona w 1920 r. jako sp\u00f3\u0142ka akcyjna zajmuj\u0105ca si\u0119 budow\u0105 taboru kolejowego. Po II wojnie \u015bwiatowej, w 1952 r. firma odrodzi\u0142a si\u0119 jako ZNTK Ostr\u00f3w Wielkopolski &#8211; Zak\u0142ady Naprawcze Taboru Kolejowego, wkr\u00f3tce staj\u0105c si\u0119 najwi\u0119kszym przedsi\u0119biorstwem tej bran\u017cy w Polsce. W 1964 r. w ramach ZNTK rozpocz\u0119to budow\u0119 nowego wydzia\u0142u &#8211; Ku\u017ani, kt\u00f3ry mia\u0142 zapewni\u0107 produkcj\u0119 podzespo\u0142\u00f3w kutych koniecznych do budowy i naprawy taboru kolejowego. W 1999 r. firma powr\u00f3ci\u0142a do swojej historycznej nazwy, tzn. Fabryka Wagon S.A. W wyniku przekszta\u0142ce\u0144 w\u0142asno\u015bciowych w 2001 r. wydzia\u0142 ku\u017ani rozpocz\u0105\u0142 samodzieln\u0105 dzia\u0142alno\u015b\u0107. W 2006 r. firma ta przyj\u0119\u0142a nazw\u0119 Ku\u017ania Ostr\u00f3w Wielkopolski Sp. z o.o. W 2017 r. inwestorem Ku\u017ani Ostr\u00f3w Wielkopolski Sp. z o. sta\u0142a si\u0119 &nbsp;czeska ku\u017ania MSV Metal Studenka a.s. \u2013 europejski lider na rynku komponent\u00f3w i odkuwek dla przemys\u0142u kolejowego. W 2020 roku obie firmy wesz\u0142y w sk\u0142ad grupy kapita\u0142owej Moravia Steel a.s. \u2013 lidera w Europie \u015arodkowej &nbsp;na rynku produkcji wyrob\u00f3w hutniczych.<\/p>\n","protected":false},"author":1,"featured_media":0,"parent":0,"menu_order":0,"comment_status":"closed","ping_status":"closed","template":"","meta":{"ngg_post_thumbnail":0,"footnotes":""},"categories":[30],"tags":[],"class_list":["post-79","page","type-page","status-publish","hentry","category-o-nas"],"yoast_head":"<!-- This site is optimized with the Yoast SEO plugin v26.9 - https:\/\/yoast.com\/product\/yoast-seo-wordpress\/ -->\n<title>Historia firmy - Ku\u017ania Ostr\u00f3w Wielkopolski sp. z o.o.<\/title>\n<meta name=\"robots\" content=\"index, follow, max-snippet:-1, max-image-preview:large, max-video-preview:-1\" \/>\n<link rel=\"canonical\" href=\"https:\/\/kuzniaostrow.pl\/index.php\/historia-firmy\/\" \/>\n<meta property=\"og:locale\" content=\"pl_PL\" \/>\n<meta property=\"og:type\" content=\"article\" \/>\n<meta property=\"og:title\" content=\"Historia firmy - Ku\u017ania Ostr\u00f3w Wielkopolski sp. z o.o.\" \/>\n<meta property=\"og:description\" content=\"Ku\u017ania Ostr\u00f3w Wielkopolski Sp. z o.o. kontynuuje wieloletni\u0105 tradycj\u0119 przedsi\u0119biorstw z bran\u017cy kolejowej, dzia\u0142aj\u0105cych w naszym regionie. Pierwsza z nich &#8211; Fabryka Wagon zosta\u0142a za\u0142o\u017cona w 1920 r. jako sp\u00f3\u0142ka akcyjna zajmuj\u0105ca si\u0119 budow\u0105 taboru kolejowego. Po II wojnie \u015bwiatowej, w 1952 r. firma odrodzi\u0142a si\u0119 jako ZNTK Ostr\u00f3w Wielkopolski &#8211; Zak\u0142ady Naprawcze Taboru Kolejowego, wkr\u00f3tce staj\u0105c si\u0119 najwi\u0119kszym przedsi\u0119biorstwem tej bran\u017cy w Polsce. W 1964 r. w ramach ZNTK rozpocz\u0119to budow\u0119 nowego wydzia\u0142u &#8211; Ku\u017ani, kt\u00f3ry mia\u0142 zapewni\u0107 produkcj\u0119 podzespo\u0142\u00f3w kutych koniecznych do budowy i naprawy taboru kolejowego. W 1999 r. firma powr\u00f3ci\u0142a do swojej historycznej nazwy, tzn. Fabryka Wagon S.A. W wyniku przekszta\u0142ce\u0144 w\u0142asno\u015bciowych w 2001 r. wydzia\u0142 ku\u017ani rozpocz\u0105\u0142 samodzieln\u0105 dzia\u0142alno\u015b\u0107. W 2006 r. firma ta przyj\u0119\u0142a nazw\u0119 Ku\u017ania Ostr\u00f3w Wielkopolski Sp. z o.o. W 2017 r. inwestorem Ku\u017ani Ostr\u00f3w Wielkopolski Sp. z o. sta\u0142a si\u0119 &nbsp;czeska ku\u017ania MSV Metal Studenka a.s. \u2013 europejski lider na rynku komponent\u00f3w i odkuwek dla przemys\u0142u kolejowego. W 2020 roku obie firmy wesz\u0142y w sk\u0142ad grupy kapita\u0142owej Moravia Steel a.s. \u2013 lidera w Europie \u015arodkowej &nbsp;na rynku produkcji wyrob\u00f3w hutniczych.\" \/>\n<meta property=\"og:url\" content=\"https:\/\/kuzniaostrow.pl\/index.php\/historia-firmy\/\" \/>\n<meta property=\"og:site_name\" content=\"Ku\u017ania Ostr\u00f3w Wielkopolski sp. z o.o.\" \/>\n<meta property=\"article:publisher\" content=\"https:\/\/www.facebook.com\/Ku%c5%bania-Ostr%c3%b3w-Wielkopolski-596813284073664\/\" \/>\n<meta property=\"article:modified_time\" content=\"2024-06-14T08:41:57+00:00\" \/>\n<meta property=\"og:image\" content=\"http:\/\/kuzniaostrow.pl\/wp-content\/uploads\/2018\/12\/piece-217x300.png\" \/>\n<meta name=\"twitter:card\" content=\"summary_large_image\" \/>\n<meta name=\"twitter:label1\" content=\"Szacowany czas czytania\" \/>\n\t<meta name=\"twitter:data1\" content=\"2 minuty\" \/>\n<script type=\"application\/ld+json\" class=\"yoast-schema-graph\">{\"@context\":\"https:\/\/schema.org\",\"@graph\":[{\"@type\":\"WebPage\",\"@id\":\"https:\/\/kuzniaostrow.pl\/index.php\/historia-firmy\/\",\"url\":\"https:\/\/kuzniaostrow.pl\/index.php\/historia-firmy\/\",\"name\":\"Historia firmy - Ku\u017ania Ostr\u00f3w Wielkopolski sp. z o.o.\",\"isPartOf\":{\"@id\":\"https:\/\/kuzniaostrow.pl\/#website\"},\"primaryImageOfPage\":{\"@id\":\"https:\/\/kuzniaostrow.pl\/index.php\/historia-firmy\/#primaryimage\"},\"image\":{\"@id\":\"https:\/\/kuzniaostrow.pl\/index.php\/historia-firmy\/#primaryimage\"},\"thumbnailUrl\":\"http:\/\/kuzniaostrow.pl\/wp-content\/uploads\/2018\/12\/piece-217x300.png\",\"datePublished\":\"2018-10-25T13:58:21+00:00\",\"dateModified\":\"2024-06-14T08:41:57+00:00\",\"breadcrumb\":{\"@id\":\"https:\/\/kuzniaostrow.pl\/index.php\/historia-firmy\/#breadcrumb\"},\"inLanguage\":\"pl-PL\",\"potentialAction\":[{\"@type\":\"ReadAction\",\"target\":[\"https:\/\/kuzniaostrow.pl\/index.php\/historia-firmy\/\"]}]},{\"@type\":\"ImageObject\",\"inLanguage\":\"pl-PL\",\"@id\":\"https:\/\/kuzniaostrow.pl\/index.php\/historia-firmy\/#primaryimage\",\"url\":\"https:\/\/kuzniaostrow.pl\/wp-content\/uploads\/2018\/12\/piece.png\",\"contentUrl\":\"https:\/\/kuzniaostrow.pl\/wp-content\/uploads\/2018\/12\/piece.png\",\"width\":412,\"height\":570},{\"@type\":\"BreadcrumbList\",\"@id\":\"https:\/\/kuzniaostrow.pl\/index.php\/historia-firmy\/#breadcrumb\",\"itemListElement\":[{\"@type\":\"ListItem\",\"position\":1,\"name\":\"Strona g\u0142\u00f3wna\",\"item\":\"https:\/\/kuzniaostrow.pl\/\"},{\"@type\":\"ListItem\",\"position\":2,\"name\":\"Historia firmy\"}]},{\"@type\":\"WebSite\",\"@id\":\"https:\/\/kuzniaostrow.pl\/#website\",\"url\":\"https:\/\/kuzniaostrow.pl\/\",\"name\":\"Ku\u017ania Ostr\u00f3w Wielkopolski sp. z o.o.\",\"description\":\"producent wyrob\u00f3w kutych\",\"publisher\":{\"@id\":\"https:\/\/kuzniaostrow.pl\/#organization\"},\"potentialAction\":[{\"@type\":\"SearchAction\",\"target\":{\"@type\":\"EntryPoint\",\"urlTemplate\":\"https:\/\/kuzniaostrow.pl\/?s={search_term_string}\"},\"query-input\":{\"@type\":\"PropertyValueSpecification\",\"valueRequired\":true,\"valueName\":\"search_term_string\"}}],\"inLanguage\":\"pl-PL\"},{\"@type\":\"Organization\",\"@id\":\"https:\/\/kuzniaostrow.pl\/#organization\",\"name\":\"Ku\u017ania Ostr\u00f3w Wielkopolski sp. z o.o.\",\"url\":\"https:\/\/kuzniaostrow.pl\/\",\"logo\":{\"@type\":\"ImageObject\",\"inLanguage\":\"pl-PL\",\"@id\":\"https:\/\/kuzniaostrow.pl\/#\/schema\/logo\/image\/\",\"url\":\"https:\/\/kuzniaostrow.pl\/wp-content\/uploads\/2018\/12\/kowwplogo.png\",\"contentUrl\":\"https:\/\/kuzniaostrow.pl\/wp-content\/uploads\/2018\/12\/kowwplogo.png\",\"width\":512,\"height\":110,\"caption\":\"Ku\u017ania Ostr\u00f3w Wielkopolski sp. z o.o.\"},\"image\":{\"@id\":\"https:\/\/kuzniaostrow.pl\/#\/schema\/logo\/image\/\"},\"sameAs\":[\"https:\/\/www.facebook.com\/Ku\u017ania-Ostr\u00f3w-Wielkopolski-596813284073664\/\"]}]}<\/script>\n<!-- \/ Yoast SEO plugin. -->","yoast_head_json":{"title":"Historia firmy - Ku\u017ania Ostr\u00f3w Wielkopolski sp. z o.o.","robots":{"index":"index","follow":"follow","max-snippet":"max-snippet:-1","max-image-preview":"max-image-preview:large","max-video-preview":"max-video-preview:-1"},"canonical":"https:\/\/kuzniaostrow.pl\/index.php\/historia-firmy\/","og_locale":"pl_PL","og_type":"article","og_title":"Historia firmy - Ku\u017ania Ostr\u00f3w Wielkopolski sp. z o.o.","og_description":"Ku\u017ania Ostr\u00f3w Wielkopolski Sp. z o.o. kontynuuje wieloletni\u0105 tradycj\u0119 przedsi\u0119biorstw z bran\u017cy kolejowej, dzia\u0142aj\u0105cych w naszym regionie. Pierwsza z nich &#8211; Fabryka Wagon zosta\u0142a za\u0142o\u017cona w 1920 r. jako sp\u00f3\u0142ka akcyjna zajmuj\u0105ca si\u0119 budow\u0105 taboru kolejowego. Po II wojnie \u015bwiatowej, w 1952 r. firma odrodzi\u0142a si\u0119 jako ZNTK Ostr\u00f3w Wielkopolski &#8211; Zak\u0142ady Naprawcze Taboru Kolejowego, wkr\u00f3tce staj\u0105c si\u0119 najwi\u0119kszym przedsi\u0119biorstwem tej bran\u017cy w Polsce. W 1964 r. w ramach ZNTK rozpocz\u0119to budow\u0119 nowego wydzia\u0142u &#8211; Ku\u017ani, kt\u00f3ry mia\u0142 zapewni\u0107 produkcj\u0119 podzespo\u0142\u00f3w kutych koniecznych do budowy i naprawy taboru kolejowego. W 1999 r. firma powr\u00f3ci\u0142a do swojej historycznej nazwy, tzn. Fabryka Wagon S.A. W wyniku przekszta\u0142ce\u0144 w\u0142asno\u015bciowych w 2001 r. wydzia\u0142 ku\u017ani rozpocz\u0105\u0142 samodzieln\u0105 dzia\u0142alno\u015b\u0107. W 2006 r. firma ta przyj\u0119\u0142a nazw\u0119 Ku\u017ania Ostr\u00f3w Wielkopolski Sp. z o.o. W 2017 r. inwestorem Ku\u017ani Ostr\u00f3w Wielkopolski Sp. z o. sta\u0142a si\u0119 &nbsp;czeska ku\u017ania MSV Metal Studenka a.s. \u2013 europejski lider na rynku komponent\u00f3w i odkuwek dla przemys\u0142u kolejowego. W 2020 roku obie firmy wesz\u0142y w sk\u0142ad grupy kapita\u0142owej Moravia Steel a.s. \u2013 lidera w Europie \u015arodkowej &nbsp;na rynku produkcji wyrob\u00f3w hutniczych.","og_url":"https:\/\/kuzniaostrow.pl\/index.php\/historia-firmy\/","og_site_name":"Ku\u017ania Ostr\u00f3w Wielkopolski sp. z o.o.","article_publisher":"https:\/\/www.facebook.com\/Ku%c5%bania-Ostr%c3%b3w-Wielkopolski-596813284073664\/","article_modified_time":"2024-06-14T08:41:57+00:00","og_image":[{"url":"http:\/\/kuzniaostrow.pl\/wp-content\/uploads\/2018\/12\/piece-217x300.png","type":"","width":"","height":""}],"twitter_card":"summary_large_image","twitter_misc":{"Szacowany czas czytania":"2 minuty"},"schema":{"@context":"https:\/\/schema.org","@graph":[{"@type":"WebPage","@id":"https:\/\/kuzniaostrow.pl\/index.php\/historia-firmy\/","url":"https:\/\/kuzniaostrow.pl\/index.php\/historia-firmy\/","name":"Historia firmy - Ku\u017ania Ostr\u00f3w Wielkopolski sp. z o.o.","isPartOf":{"@id":"https:\/\/kuzniaostrow.pl\/#website"},"primaryImageOfPage":{"@id":"https:\/\/kuzniaostrow.pl\/index.php\/historia-firmy\/#primaryimage"},"image":{"@id":"https:\/\/kuzniaostrow.pl\/index.php\/historia-firmy\/#primaryimage"},"thumbnailUrl":"http:\/\/kuzniaostrow.pl\/wp-content\/uploads\/2018\/12\/piece-217x300.png","datePublished":"2018-10-25T13:58:21+00:00","dateModified":"2024-06-14T08:41:57+00:00","breadcrumb":{"@id":"https:\/\/kuzniaostrow.pl\/index.php\/historia-firmy\/#breadcrumb"},"inLanguage":"pl-PL","potentialAction":[{"@type":"ReadAction","target":["https:\/\/kuzniaostrow.pl\/index.php\/historia-firmy\/"]}]},{"@type":"ImageObject","inLanguage":"pl-PL","@id":"https:\/\/kuzniaostrow.pl\/index.php\/historia-firmy\/#primaryimage","url":"https:\/\/kuzniaostrow.pl\/wp-content\/uploads\/2018\/12\/piece.png","contentUrl":"https:\/\/kuzniaostrow.pl\/wp-content\/uploads\/2018\/12\/piece.png","width":412,"height":570},{"@type":"BreadcrumbList","@id":"https:\/\/kuzniaostrow.pl\/index.php\/historia-firmy\/#breadcrumb","itemListElement":[{"@type":"ListItem","position":1,"name":"Strona g\u0142\u00f3wna","item":"https:\/\/kuzniaostrow.pl\/"},{"@type":"ListItem","position":2,"name":"Historia firmy"}]},{"@type":"WebSite","@id":"https:\/\/kuzniaostrow.pl\/#website","url":"https:\/\/kuzniaostrow.pl\/","name":"Ku\u017ania Ostr\u00f3w Wielkopolski sp. z o.o.","description":"producent wyrob\u00f3w kutych","publisher":{"@id":"https:\/\/kuzniaostrow.pl\/#organization"},"potentialAction":[{"@type":"SearchAction","target":{"@type":"EntryPoint","urlTemplate":"https:\/\/kuzniaostrow.pl\/?s={search_term_string}"},"query-input":{"@type":"PropertyValueSpecification","valueRequired":true,"valueName":"search_term_string"}}],"inLanguage":"pl-PL"},{"@type":"Organization","@id":"https:\/\/kuzniaostrow.pl\/#organization","name":"Ku\u017ania Ostr\u00f3w Wielkopolski sp. z o.o.","url":"https:\/\/kuzniaostrow.pl\/","logo":{"@type":"ImageObject","inLanguage":"pl-PL","@id":"https:\/\/kuzniaostrow.pl\/#\/schema\/logo\/image\/","url":"https:\/\/kuzniaostrow.pl\/wp-content\/uploads\/2018\/12\/kowwplogo.png","contentUrl":"https:\/\/kuzniaostrow.pl\/wp-content\/uploads\/2018\/12\/kowwplogo.png","width":512,"height":110,"caption":"Ku\u017ania Ostr\u00f3w Wielkopolski sp. z o.o."},"image":{"@id":"https:\/\/kuzniaostrow.pl\/#\/schema\/logo\/image\/"},"sameAs":["https:\/\/www.facebook.com\/Ku\u017ania-Ostr\u00f3w-Wielkopolski-596813284073664\/"]}]}},"_links":{"self":[{"href":"https:\/\/kuzniaostrow.pl\/index.php\/wp-json\/wp\/v2\/pages\/79","targetHints":{"allow":["GET"]}}],"collection":[{"href":"https:\/\/kuzniaostrow.pl\/index.php\/wp-json\/wp\/v2\/pages"}],"about":[{"href":"https:\/\/kuzniaostrow.pl\/index.php\/wp-json\/wp\/v2\/types\/page"}],"author":[{"embeddable":true,"href":"https:\/\/kuzniaostrow.pl\/index.php\/wp-json\/wp\/v2\/users\/1"}],"replies":[{"embeddable":true,"href":"https:\/\/kuzniaostrow.pl\/index.php\/wp-json\/wp\/v2\/comments?post=79"}],"version-history":[{"count":7,"href":"https:\/\/kuzniaostrow.pl\/index.php\/wp-json\/wp\/v2\/pages\/79\/revisions"}],"predecessor-version":[{"id":4262,"href":"https:\/\/kuzniaostrow.pl\/index.php\/wp-json\/wp\/v2\/pages\/79\/revisions\/4262"}],"wp:attachment":[{"href":"https:\/\/kuzniaostrow.pl\/index.php\/wp-json\/wp\/v2\/media?parent=79"}],"wp:term":[{"taxonomy":"category","embeddable":true,"href":"https:\/\/kuzniaostrow.pl\/index.php\/wp-json\/wp\/v2\/categories?post=79"},{"taxonomy":"post_tag","embeddable":true,"href":"https:\/\/kuzniaostrow.pl\/index.php\/wp-json\/wp\/v2\/tags?post=79"}],"curies":[{"name":"wp","href":"https:\/\/api.w.org\/{rel}","templated":true}]}}