{"id":83,"date":"2018-10-25T16:01:16","date_gmt":"2018-10-25T14:01:16","guid":{"rendered":"http:\/\/kuzniaostrow.pl\/?page_id=83"},"modified":"2018-12-18T00:42:10","modified_gmt":"2018-12-17T23:42:10","slug":"odkuwki-matrycowe","status":"publish","type":"page","link":"https:\/\/kuzniaostrow.pl\/index.php\/odkuwki-matrycowe\/","title":{"rendered":"Odkuwki matrycowe"},"content":{"rendered":"<p>Ku\u017ania Ostr\u00f3w Wielkopolski Sp. z o.o. oferuje stalowe odkuwki matrycowe o masie of 0,5 kg do ok. 60 kg o zr\u00f3\u017cnicowanym kszta\u0142cie i stopniu trudno\u015bci z przeznaczeniem na rynek kolejowy, maszynowy, rolniczy, hydrauliczny, g\u00f3rniczy i in. Poni\u017cej przedstawiamy przyk\u0142ady oferowanych przez nas odkuwek matrycowych.<\/p>\n<p><img loading=\"lazy\" decoding=\"async\" class=\"wp-image-283 alignleft\" src=\"http:\/\/kuzniaostrow.pl\/wp-content\/uploads\/2018\/12\/Obraz14-300x229.png\" alt=\"\" width=\"321\" height=\"245\" srcset=\"https:\/\/kuzniaostrow.pl\/wp-content\/uploads\/2018\/12\/Obraz14-300x229.png 300w, https:\/\/kuzniaostrow.pl\/wp-content\/uploads\/2018\/12\/Obraz14-768x587.png 768w, https:\/\/kuzniaostrow.pl\/wp-content\/uploads\/2018\/12\/Obraz14.png 806w\" sizes=\"auto, (max-width: 321px) 100vw, 321px\" \/><\/p>\n<p><img loading=\"lazy\" decoding=\"async\" class=\"alignleft wp-image-284\" src=\"http:\/\/kuzniaostrow.pl\/wp-content\/uploads\/2018\/12\/Obraz15-300x282.png\" alt=\"\" width=\"261\" height=\"245\" srcset=\"https:\/\/kuzniaostrow.pl\/wp-content\/uploads\/2018\/12\/Obraz15-300x282.png 300w, https:\/\/kuzniaostrow.pl\/wp-content\/uploads\/2018\/12\/Obraz15.png 600w\" sizes=\"auto, (max-width: 261px) 100vw, 261px\" \/><\/p>\n<p><img loading=\"lazy\" decoding=\"async\" class=\"alignleft wp-image-287\" src=\"http:\/\/kuzniaostrow.pl\/wp-content\/uploads\/2018\/12\/Obraz16-1-300x188.png\" alt=\"\" width=\"391\" height=\"245\" srcset=\"https:\/\/kuzniaostrow.pl\/wp-content\/uploads\/2018\/12\/Obraz16-1-300x188.png 300w, https:\/\/kuzniaostrow.pl\/wp-content\/uploads\/2018\/12\/Obraz16-1.png 675w\" sizes=\"auto, (max-width: 391px) 100vw, 391px\" \/><br \/>\n<img loading=\"lazy\" decoding=\"async\" class=\"wp-image-288 alignleft\" src=\"http:\/\/kuzniaostrow.pl\/wp-content\/uploads\/2018\/12\/Obraz17-300x192.png\" alt=\"\" width=\"382\" height=\"245\" srcset=\"https:\/\/kuzniaostrow.pl\/wp-content\/uploads\/2018\/12\/Obraz17-300x192.png 300w, https:\/\/kuzniaostrow.pl\/wp-content\/uploads\/2018\/12\/Obraz17.png 669w\" sizes=\"auto, (max-width: 382px) 100vw, 382px\" \/><\/p>\n","protected":false},"excerpt":{"rendered":"<p>Ku\u017ania Ostr\u00f3w Wielkopolski Sp. z o.o. oferuje stalowe odkuwki matrycowe o masie of 0,5 kg do ok. 60 kg o zr\u00f3\u017cnicowanym kszta\u0142cie i stopniu trudno\u015bci z przeznaczeniem na rynek kolejowy, maszynowy, rolniczy, hydrauliczny, g\u00f3rniczy i in. Poni\u017cej przedstawiamy przyk\u0142ady oferowanych przez nas odkuwek matrycowych.<\/p>\n","protected":false},"author":1,"featured_media":0,"parent":0,"menu_order":0,"comment_status":"closed","ping_status":"closed","template":"","meta":{"ngg_post_thumbnail":0,"footnotes":""},"categories":[32],"tags":[],"class_list":["post-83","page","type-page","status-publish","hentry","category-produkty"],"yoast_head":"<!-- This site is optimized with the Yoast SEO plugin v26.9 - https:\/\/yoast.com\/product\/yoast-seo-wordpress\/ -->\n<title>Odkuwki matrycowe - Ku\u017ania Ostr\u00f3w Wielkopolski sp. z o.o.<\/title>\n<meta name=\"robots\" content=\"index, follow, max-snippet:-1, max-image-preview:large, max-video-preview:-1\" \/>\n<link rel=\"canonical\" href=\"https:\/\/kuzniaostrow.pl\/index.php\/odkuwki-matrycowe\/\" \/>\n<meta property=\"og:locale\" content=\"pl_PL\" \/>\n<meta property=\"og:type\" content=\"article\" \/>\n<meta property=\"og:title\" content=\"Odkuwki matrycowe - Ku\u017ania Ostr\u00f3w Wielkopolski sp. z o.o.\" \/>\n<meta property=\"og:description\" content=\"Ku\u017ania Ostr\u00f3w Wielkopolski Sp. z o.o. oferuje stalowe odkuwki matrycowe o masie of 0,5 kg do ok. 60 kg o zr\u00f3\u017cnicowanym kszta\u0142cie i stopniu trudno\u015bci z przeznaczeniem na rynek kolejowy, maszynowy, rolniczy, hydrauliczny, g\u00f3rniczy i in. Poni\u017cej przedstawiamy przyk\u0142ady oferowanych przez nas odkuwek matrycowych.\" \/>\n<meta property=\"og:url\" content=\"https:\/\/kuzniaostrow.pl\/index.php\/odkuwki-matrycowe\/\" \/>\n<meta property=\"og:site_name\" content=\"Ku\u017ania Ostr\u00f3w Wielkopolski sp. z o.o.\" \/>\n<meta property=\"article:publisher\" content=\"https:\/\/www.facebook.com\/Ku%c5%bania-Ostr%c3%b3w-Wielkopolski-596813284073664\/\" \/>\n<meta property=\"article:modified_time\" content=\"2018-12-17T23:42:10+00:00\" \/>\n<meta property=\"og:image\" content=\"http:\/\/kuzniaostrow.pl\/wp-content\/uploads\/2018\/12\/Obraz14-300x229.png\" \/>\n<meta name=\"twitter:card\" content=\"summary_large_image\" \/>\n<script type=\"application\/ld+json\" class=\"yoast-schema-graph\">{\"@context\":\"https:\/\/schema.org\",\"@graph\":[{\"@type\":\"WebPage\",\"@id\":\"https:\/\/kuzniaostrow.pl\/index.php\/odkuwki-matrycowe\/\",\"url\":\"https:\/\/kuzniaostrow.pl\/index.php\/odkuwki-matrycowe\/\",\"name\":\"Odkuwki matrycowe - Ku\u017ania Ostr\u00f3w Wielkopolski sp. z o.o.\",\"isPartOf\":{\"@id\":\"https:\/\/kuzniaostrow.pl\/#website\"},\"primaryImageOfPage\":{\"@id\":\"https:\/\/kuzniaostrow.pl\/index.php\/odkuwki-matrycowe\/#primaryimage\"},\"image\":{\"@id\":\"https:\/\/kuzniaostrow.pl\/index.php\/odkuwki-matrycowe\/#primaryimage\"},\"thumbnailUrl\":\"http:\/\/kuzniaostrow.pl\/wp-content\/uploads\/2018\/12\/Obraz14-300x229.png\",\"datePublished\":\"2018-10-25T14:01:16+00:00\",\"dateModified\":\"2018-12-17T23:42:10+00:00\",\"breadcrumb\":{\"@id\":\"https:\/\/kuzniaostrow.pl\/index.php\/odkuwki-matrycowe\/#breadcrumb\"},\"inLanguage\":\"pl-PL\",\"potentialAction\":[{\"@type\":\"ReadAction\",\"target\":[\"https:\/\/kuzniaostrow.pl\/index.php\/odkuwki-matrycowe\/\"]}]},{\"@type\":\"ImageObject\",\"inLanguage\":\"pl-PL\",\"@id\":\"https:\/\/kuzniaostrow.pl\/index.php\/odkuwki-matrycowe\/#primaryimage\",\"url\":\"https:\/\/kuzniaostrow.pl\/wp-content\/uploads\/2018\/12\/Obraz14.png\",\"contentUrl\":\"https:\/\/kuzniaostrow.pl\/wp-content\/uploads\/2018\/12\/Obraz14.png\",\"width\":806,\"height\":616},{\"@type\":\"BreadcrumbList\",\"@id\":\"https:\/\/kuzniaostrow.pl\/index.php\/odkuwki-matrycowe\/#breadcrumb\",\"itemListElement\":[{\"@type\":\"ListItem\",\"position\":1,\"name\":\"Strona g\u0142\u00f3wna\",\"item\":\"https:\/\/kuzniaostrow.pl\/\"},{\"@type\":\"ListItem\",\"position\":2,\"name\":\"Odkuwki matrycowe\"}]},{\"@type\":\"WebSite\",\"@id\":\"https:\/\/kuzniaostrow.pl\/#website\",\"url\":\"https:\/\/kuzniaostrow.pl\/\",\"name\":\"Ku\u017ania Ostr\u00f3w Wielkopolski sp. z o.o.\",\"description\":\"producent wyrob\u00f3w kutych\",\"publisher\":{\"@id\":\"https:\/\/kuzniaostrow.pl\/#organization\"},\"potentialAction\":[{\"@type\":\"SearchAction\",\"target\":{\"@type\":\"EntryPoint\",\"urlTemplate\":\"https:\/\/kuzniaostrow.pl\/?s={search_term_string}\"},\"query-input\":{\"@type\":\"PropertyValueSpecification\",\"valueRequired\":true,\"valueName\":\"search_term_string\"}}],\"inLanguage\":\"pl-PL\"},{\"@type\":\"Organization\",\"@id\":\"https:\/\/kuzniaostrow.pl\/#organization\",\"name\":\"Ku\u017ania Ostr\u00f3w Wielkopolski sp. z o.o.\",\"url\":\"https:\/\/kuzniaostrow.pl\/\",\"logo\":{\"@type\":\"ImageObject\",\"inLanguage\":\"pl-PL\",\"@id\":\"https:\/\/kuzniaostrow.pl\/#\/schema\/logo\/image\/\",\"url\":\"https:\/\/kuzniaostrow.pl\/wp-content\/uploads\/2018\/12\/kowwplogo.png\",\"contentUrl\":\"https:\/\/kuzniaostrow.pl\/wp-content\/uploads\/2018\/12\/kowwplogo.png\",\"width\":512,\"height\":110,\"caption\":\"Ku\u017ania Ostr\u00f3w Wielkopolski sp. z o.o.\"},\"image\":{\"@id\":\"https:\/\/kuzniaostrow.pl\/#\/schema\/logo\/image\/\"},\"sameAs\":[\"https:\/\/www.facebook.com\/Ku\u017ania-Ostr\u00f3w-Wielkopolski-596813284073664\/\"]}]}<\/script>\n<!-- \/ Yoast SEO plugin. -->","yoast_head_json":{"title":"Odkuwki matrycowe - Ku\u017ania Ostr\u00f3w Wielkopolski sp. z o.o.","robots":{"index":"index","follow":"follow","max-snippet":"max-snippet:-1","max-image-preview":"max-image-preview:large","max-video-preview":"max-video-preview:-1"},"canonical":"https:\/\/kuzniaostrow.pl\/index.php\/odkuwki-matrycowe\/","og_locale":"pl_PL","og_type":"article","og_title":"Odkuwki matrycowe - Ku\u017ania Ostr\u00f3w Wielkopolski sp. z o.o.","og_description":"Ku\u017ania Ostr\u00f3w Wielkopolski Sp. z o.o. oferuje stalowe odkuwki matrycowe o masie of 0,5 kg do ok. 60 kg o zr\u00f3\u017cnicowanym kszta\u0142cie i stopniu trudno\u015bci z przeznaczeniem na rynek kolejowy, maszynowy, rolniczy, hydrauliczny, g\u00f3rniczy i in. Poni\u017cej przedstawiamy przyk\u0142ady oferowanych przez nas odkuwek matrycowych.","og_url":"https:\/\/kuzniaostrow.pl\/index.php\/odkuwki-matrycowe\/","og_site_name":"Ku\u017ania Ostr\u00f3w Wielkopolski sp. z o.o.","article_publisher":"https:\/\/www.facebook.com\/Ku%c5%bania-Ostr%c3%b3w-Wielkopolski-596813284073664\/","article_modified_time":"2018-12-17T23:42:10+00:00","og_image":[{"url":"http:\/\/kuzniaostrow.pl\/wp-content\/uploads\/2018\/12\/Obraz14-300x229.png","type":"","width":"","height":""}],"twitter_card":"summary_large_image","schema":{"@context":"https:\/\/schema.org","@graph":[{"@type":"WebPage","@id":"https:\/\/kuzniaostrow.pl\/index.php\/odkuwki-matrycowe\/","url":"https:\/\/kuzniaostrow.pl\/index.php\/odkuwki-matrycowe\/","name":"Odkuwki matrycowe - Ku\u017ania Ostr\u00f3w Wielkopolski sp. z o.o.","isPartOf":{"@id":"https:\/\/kuzniaostrow.pl\/#website"},"primaryImageOfPage":{"@id":"https:\/\/kuzniaostrow.pl\/index.php\/odkuwki-matrycowe\/#primaryimage"},"image":{"@id":"https:\/\/kuzniaostrow.pl\/index.php\/odkuwki-matrycowe\/#primaryimage"},"thumbnailUrl":"http:\/\/kuzniaostrow.pl\/wp-content\/uploads\/2018\/12\/Obraz14-300x229.png","datePublished":"2018-10-25T14:01:16+00:00","dateModified":"2018-12-17T23:42:10+00:00","breadcrumb":{"@id":"https:\/\/kuzniaostrow.pl\/index.php\/odkuwki-matrycowe\/#breadcrumb"},"inLanguage":"pl-PL","potentialAction":[{"@type":"ReadAction","target":["https:\/\/kuzniaostrow.pl\/index.php\/odkuwki-matrycowe\/"]}]},{"@type":"ImageObject","inLanguage":"pl-PL","@id":"https:\/\/kuzniaostrow.pl\/index.php\/odkuwki-matrycowe\/#primaryimage","url":"https:\/\/kuzniaostrow.pl\/wp-content\/uploads\/2018\/12\/Obraz14.png","contentUrl":"https:\/\/kuzniaostrow.pl\/wp-content\/uploads\/2018\/12\/Obraz14.png","width":806,"height":616},{"@type":"BreadcrumbList","@id":"https:\/\/kuzniaostrow.pl\/index.php\/odkuwki-matrycowe\/#breadcrumb","itemListElement":[{"@type":"ListItem","position":1,"name":"Strona g\u0142\u00f3wna","item":"https:\/\/kuzniaostrow.pl\/"},{"@type":"ListItem","position":2,"name":"Odkuwki matrycowe"}]},{"@type":"WebSite","@id":"https:\/\/kuzniaostrow.pl\/#website","url":"https:\/\/kuzniaostrow.pl\/","name":"Ku\u017ania Ostr\u00f3w Wielkopolski sp. z o.o.","description":"producent wyrob\u00f3w kutych","publisher":{"@id":"https:\/\/kuzniaostrow.pl\/#organization"},"potentialAction":[{"@type":"SearchAction","target":{"@type":"EntryPoint","urlTemplate":"https:\/\/kuzniaostrow.pl\/?s={search_term_string}"},"query-input":{"@type":"PropertyValueSpecification","valueRequired":true,"valueName":"search_term_string"}}],"inLanguage":"pl-PL"},{"@type":"Organization","@id":"https:\/\/kuzniaostrow.pl\/#organization","name":"Ku\u017ania Ostr\u00f3w Wielkopolski sp. z o.o.","url":"https:\/\/kuzniaostrow.pl\/","logo":{"@type":"ImageObject","inLanguage":"pl-PL","@id":"https:\/\/kuzniaostrow.pl\/#\/schema\/logo\/image\/","url":"https:\/\/kuzniaostrow.pl\/wp-content\/uploads\/2018\/12\/kowwplogo.png","contentUrl":"https:\/\/kuzniaostrow.pl\/wp-content\/uploads\/2018\/12\/kowwplogo.png","width":512,"height":110,"caption":"Ku\u017ania Ostr\u00f3w Wielkopolski sp. z o.o."},"image":{"@id":"https:\/\/kuzniaostrow.pl\/#\/schema\/logo\/image\/"},"sameAs":["https:\/\/www.facebook.com\/Ku\u017ania-Ostr\u00f3w-Wielkopolski-596813284073664\/"]}]}},"_links":{"self":[{"href":"https:\/\/kuzniaostrow.pl\/index.php\/wp-json\/wp\/v2\/pages\/83","targetHints":{"allow":["GET"]}}],"collection":[{"href":"https:\/\/kuzniaostrow.pl\/index.php\/wp-json\/wp\/v2\/pages"}],"about":[{"href":"https:\/\/kuzniaostrow.pl\/index.php\/wp-json\/wp\/v2\/types\/page"}],"author":[{"embeddable":true,"href":"https:\/\/kuzniaostrow.pl\/index.php\/wp-json\/wp\/v2\/users\/1"}],"replies":[{"embeddable":true,"href":"https:\/\/kuzniaostrow.pl\/index.php\/wp-json\/wp\/v2\/comments?post=83"}],"version-history":[{"count":12,"href":"https:\/\/kuzniaostrow.pl\/index.php\/wp-json\/wp\/v2\/pages\/83\/revisions"}],"predecessor-version":[{"id":361,"href":"https:\/\/kuzniaostrow.pl\/index.php\/wp-json\/wp\/v2\/pages\/83\/revisions\/361"}],"wp:attachment":[{"href":"https:\/\/kuzniaostrow.pl\/index.php\/wp-json\/wp\/v2\/media?parent=83"}],"wp:term":[{"taxonomy":"category","embeddable":true,"href":"https:\/\/kuzniaostrow.pl\/index.php\/wp-json\/wp\/v2\/categories?post=83"},{"taxonomy":"post_tag","embeddable":true,"href":"https:\/\/kuzniaostrow.pl\/index.php\/wp-json\/wp\/v2\/tags?post=83"}],"curies":[{"name":"wp","href":"https:\/\/api.w.org\/{rel}","templated":true}]}}